{"id":931,"date":"2018-09-03T19:41:10","date_gmt":"2018-09-03T17:41:10","guid":{"rendered":"https:\/\/jkmgryf.pl\/?page_id=931"},"modified":"2022-12-13T19:16:35","modified_gmt":"2022-12-13T17:16:35","slug":"nocne-regaty-gdynia-wladyslawowo-gdynia","status":"publish","type":"page","link":"https:\/\/jkmgryf.pl\/en\/aktualnosci\/wydarzenia\/nocne-regaty-gdynia-wladyslawowo-gdynia\/","title":{"rendered":"59. Regaty Gdynia &#8211; W\u0142adys\u0142awowo &#8211; Gdynia 2018"},"content":{"rendered":"<p>Przez 59 lat warunki na regatach by\u0142y bardzo r\u00f3\u017cne. Co w sumie jest oczywiste i jest truizmem. Poprzednia edycja up\u0142yn\u0119\u0142a pod znakiem niemal sztormu. W tym roku prognozy by\u0142y bardzo s\u0142abowiatrowe. I w sumie si\u0119 nie sprawdzi\u0142y, z czego nale\u017cy si\u0119 cieszy\u0107. Ale zacznijmy od frekwencji. To wa\u017cny wyznacznik popularno\u015bci regat. Zg\u0142osi\u0142o si\u0119 47 jacht\u00f3w w og\u00f3le, w tym w klasie ORC 24. Pierwsza liczba nie jest rekordowa, wi\u0119cej uczestnik\u00f3w mia\u0142y \u017beglarski Puchar Tr\u00f3jmiasta i Unity Line. To du\u017ce, bardzo popularne regaty, ze znacznie wi\u0119kszym bud\u017cetem. Natomiast liczba jacht\u00f3w w klasie ORC, po ma\u0142ym t\u0105pni\u0119ciu w zesz\u0142ym roku, jest po raz czwarty najwi\u0119ksza w Polsce. Co te\u017c mi\u0142e, na drugim miejscu w Polsce s\u0105 Regaty Samotnik\u00f3w, w randze Mistrzostw Polski Samotnik\u00f3w &#8211; 19 jacht\u00f3w w klasie ORC. Kilka jacht\u00f3w si\u0119 nie stawi\u0142o na starcie, ale to te\u017c normalne. Mimo wszystko wystartowa\u0142y 22 jachty w tej klasie.<\/p>\n\n\n\n<p>Wiatr podczas regat mia\u0142 by\u0107 s\u0142aby, i by\u0142, ale nie w momencie startu. Jachty wychodz\u0105ce z mariny spotka\u0142y wiatr o pr\u0119dko\u015bci kilkunastu w\u0119z\u0142\u00f3w i wyra\u017an\u0105 fal\u0119. Zgodnie z instrukcj\u0105 \u017ceglugi najpierw startowa\u0142a klasa OPEN (17 zg\u0142osze\u0144 i to bardzo r\u00f3\u017cnych jacht\u00f3w, od Globe po Delivera). Dziesi\u0119\u0107 minut p\u00f3\u017aniej wystartowa\u0142y wsp\u00f3lnie klasy ORC i KWR (30 zg\u0142osze\u0144). S\u0119dzia ustawi\u0142 bardzo d\u0142ug\u0105 lini\u0119 startu, w\u0142a\u015bnie ze wzgl\u0119du na warunki i ze wzgl\u0119du na flot\u0119. Lepsza za d\u0142uga ni\u017c za kr\u00f3tka. Sprawdzenie kierunku wiatru przed startem pokaza\u0142o, \u017ce wiatr poszed\u0142 w lewo i ewidentnie warto by\u0142o startowa\u0107 przy boi. Poniewa\u017c, jak wiadomo, przy wietrze odchylonym od prostopad\u0142ej do linii startu, wybieraj\u0105c w\u0142a\u015bciwy koniec linii startu zyskuje si\u0119 tym wi\u0119cej, im bardziej wiatr jest odchylony i im d\u0142u\u017csza jest linia startu, jachty \u015bwiadome sytuacji zyska\u0142y naprawd\u0119 sporo ju\u017c na samym starcie. I odwrotnie, jachty startuj\u0105ce przy komisji, ca\u0142kiem sporo straci\u0142y. To na samym pocz\u0105tku regat bardzo cieszy, albo bardzo deprymuje, w zale\u017cno\u015bci od tego, w kt\u00f3rej grupie si\u0119 znale\u017ali\u015bmy. Ale przypadku w tym nie ma.<\/p>\n\n\n\n<figure class=\"wp-block-image\"><img loading=\"lazy\" decoding=\"async\" width=\"1024\" height=\"683\" src=\"https:\/\/jkmgryf.pl\/wp-content\/uploads\/2018\/09\/GWG2017-1024x683.jpg\" alt=\"\" class=\"wp-image-983\" srcset=\"https:\/\/jkmgryf.pl\/wp-content\/uploads\/2018\/09\/GWG2017-1024x683.jpg 1024w, https:\/\/jkmgryf.pl\/wp-content\/uploads\/2018\/09\/GWG2017-300x200.jpg 300w, https:\/\/jkmgryf.pl\/wp-content\/uploads\/2018\/09\/GWG2017-768x512.jpg 768w, https:\/\/jkmgryf.pl\/wp-content\/uploads\/2018\/09\/GWG2017.jpg 1196w\" sizes=\"auto, (max-width: 1024px) 100vw, 1024px\" \/><\/figure>\n\n\n\n<p>Po starcie kr\u00f3tka hals\u00f3wka do p\u0142awy rozprowadzaj\u0105cej, a potem pe\u0142ny bajdewind do Helu. &#8222;\u017bu\u017cli&#8221; chyba nikt nie lubi, ale nie by\u0142o wyj\u015bcia. Pozosta\u0142o trwanie i wyciskanie z jacht\u00f3w maksymalnej pr\u0119dko\u015bci. Oraz unikanie prom\u00f3w. Kilka jacht\u00f3w mia\u0142o pecha i znalaz\u0142o si\u0119 na torze (ko\u0142o bramki G1-G2) do portu w Gdyni w tym samym czasie co wychodz\u0105cy z portu prom. Zawsze to strata. W miar\u0119 up\u0142ywu czasu szybsze jachty wyprzedza\u0142y te wolniejsze. A mia\u0142y co robi\u0107, bo sporo szybkich jacht\u00f3w wystartowa\u0142o od strony komisji i musia\u0142o pracowicie odrabia\u0107 strat\u0119. S\u0142o\u0144ce zachodzi\u0142o, Hel si\u0119 zbli\u017ca\u0142, a wiatr s\u0142ab\u0142 z pocz\u0105tkowych kilkunastu w\u0119z\u0142\u00f3w. Przy p\u00f3\u0142wyspie pojawi\u0142 si\u0119 tradycyjny dylemat. P\u0142yn\u0105\u0107 blisko brzegu, dalej, czy zupe\u0142nie daleko. Blisko brzegu oznacza\u0142o kr\u00f3tsz\u0105 tras\u0119 i nadrobienie sporo dystansu, zw\u0142aszcza, \u017ce dalsza trasa by\u0142a hals\u00f3wk\u0105. Oraz mniejszy pr\u0105d, kt\u00f3ry by\u0142 przeciwny. Ale i s\u0142abszy wiatr. Kierunek pr\u0105du nie by\u0142 wcale oczywisty, przy zmiennym wcze\u015bniej wietrze. Wi\u0119kszo\u015b\u0107 jacht\u00f3w posz\u0142a dalej w morze i wydaje si\u0119, \u017ce to by\u0142 b\u0142\u0105d. Kilka jacht\u00f3w posz\u0142o do\u015b\u0107 blisko brzegu, a jeszcze kilka &#8222;po pla\u017cy&#8221;. Oczywi\u015bcie by\u0142o ju\u017c ciemno, i w tej ciemno\u015bci (noc bez chmur, ale i bez ksi\u0119\u017cyca) zacz\u0119\u0142a si\u0119 hals\u00f3wka, pod niezbyt silny wiatr i pod pr\u0105d. Pr\u0105d na izobacie 9-20 metr\u00f3w mia\u0142 pr\u0119dko\u015b\u0107 oko\u0142o 0,6 w\u0119z\u0142a. Dalej od brzegu chyba by\u0142 silniejszy, bo jachty w morzu zostawa\u0142y coraz bardziej z ty\u0142u. Poza tym by\u0142y ni\u017cej wzgl\u0119dem wiatru. Za Jastarni\u0105, jak to zawsze jest, brzeg odszed\u0142 w lewo. Ale po pewnym czasie wiatr os\u0142ab\u0142 do\u015b\u0107 mocno (mo\u017cna by\u0142o my\u015ble\u0107, \u017ce to zapowiadana w prognozach cisza i zmiana kierunku wiatru.) i te\u017c poszed\u0142 w lewo, na tyle, \u017ce na p\u0142aw\u0119 W\u0141A wychodzi\u0142o si\u0119 jednym halsem. W tym miejscu jachty z ty\u0142u stawki mog\u0142y troch\u0119 zyska\u0107, bo ostatni odcinek przep\u0142ywa\u0142y jednym halsem. Powr\u00f3t z W\u0141A oznacza\u0142 ostry baksztag, ze spinakerem lub genakerem. Wiatr odrzuca\u0142 od brzegu (nie od razu), pr\u0105d dodawa\u0142 pr\u0119dko\u015bci. P\u00f3j\u015bcie pod brzeg nie mia\u0142o sensu, bo s\u0142abszy wiatr i pr\u0105d. Odchodzenie od brzegu tak\u017ce raczej nie mia\u0142o sensu. Dopiero teraz, w okolicy Jastarni, przysz\u0142a cisza lub niemal cisza. Zale\u017cy kto jak i gdzie trafi\u0142. Jachty z ty\u0142u stawki chyba mia\u0142y wi\u0119cej szcz\u0119\u015bcia. \u015awit ko\u0142o Jastarni i za Jastarni\u0105. Gasn\u0105ce gwiazdy, po\u015bwiata na wschodzie, coraz bardziej widoczny pok\u0142ad. Troch\u0119 postraszy\u0142y chmury po lewej, ale nies\u0142usznie. Wiatr lekko odkr\u0119ci\u0142 na pe\u0142niejszy, mo\u017cna by\u0142o zmieni\u0107 spinakera na pe\u0142nowiatrowego, lub spinakera postawi\u0107. To ju\u017c zale\u017ca\u0142o od jachtu i posiadanego zestawu \u017cagli. Poza tym, po ciszy lub niemal ciszy ciszy\u0142 log pokazuj\u0105cy 3-4 w\u0119z\u0142y pr\u0119dko\u015bci. Potem nawet wi\u0119cej. Jak powszechnie wiadomo, za Jastarni\u0105, a tym bardziej za Jurat\u0105, brzeg odchodzi w prawo. Spinaker stawa\u0142 si\u0119 coraz bardziej dyskusyjny. Mo\u017cna by\u0142o odpa\u015b\u0107 i p\u00f3j\u015b\u0107 szybciej i dalej w morze, ale to te\u017c by\u0142 b\u0142\u0105d.\u00a0 Moim zdaniem nale\u017ca\u0142o zrzuci\u0107 za Jurat\u0105 spinakera i p\u00f3j\u015b\u0107 ju\u017c na ostro w kierunku brzegu i ko\u0144ca cypla. W ten spos\u00f3b skraca\u0142o si\u0119 hals\u00f3wk\u0119 przed cyplem. Jachty wybiera\u0142y r\u00f3\u017cne warianty. Po mini\u0119ciu p\u0142awy HLS mo\u017cna by\u0142o ustawi\u0107 si\u0119 na kurs w kierunku mety. Bez halsowania. Wiatr ca\u0142y czas by\u0142, a bli\u017cej mety wype\u0142nia\u0142 si\u0119. Do tego stopnia, \u017ce na ko\u0144c\u00f3wce trasy niekt\u00f3re jachty stawia\u0142y genakery. Przynajmniej jeden jacht.<br>Wy\u015bcig, w efekcie, by\u0142 nie tak bardzo d\u0142ugi, jak si\u0119 mo\u017cna by\u0142a obawia\u0107. W ka\u017cdym razie po godzinie 18, czyli po zako\u0144czeniu dop\u0142yn\u0105\u0142 na met\u0119 jeden jacht ostatni, kt\u00f3ry uko\u0144czy\u0142 regaty.<\/p>\n\n\n\n<p>Zako\u0144czenie zacz\u0119\u0142o si\u0119 punktualnie, przemowy by\u0142y bardzo kr\u00f3tkie. Nagrody zosta\u0142y wr\u0119czone, a wszyscy obecni zostali tradycyjnie zaproszeni na pierogi i piwo. Oraz na rozmowy, kt\u00f3re ca\u0142kiem mocno si\u0119 przeci\u0105gn\u0119\u0142y.&nbsp;Za rok czekaj\u0105 nas, to znaczy ch\u0119tnych \u017ceglarzy, regaty o numerze do\u015b\u0107 okr\u0105g\u0142ym i szacownym &#8211; 60ta edycja&#8230;<\/p>\n\n\n\n<p><strong>Opis napisa\u0142: Tomasz Konnak<\/strong><\/p>\n\n\n\n<p><strong>S\u0119dziowa\u0142: Sebastian W\u00f3jcikowski<\/strong><\/p>\n\n\n\n<p>Zapraszamy r\u00f3wnie\u017c do przeczytania <a href=\"https:\/\/jkmgryf.pl\/en\/?p=4941\" target=\"_blank\" rel=\"noreferrer noopener\">relacji z pok\u0142adu s\/y S\u0142oni<\/a>\u00a0oraz\u00a0 obejrzenie, jak zwykle imponuj\u0105cej, galerii na <a href=\"https:\/\/oficynamorska.pl\/2018\/59-regaty-gdynia-wladyslawowo-gdynia\/\">Oficynie Morskiej<\/a><\/p>\n\n\n\n<p>REGATTA RESULTS:<br><a href=\"https:\/\/jkmgryf.pl\/en\/aktualnosci\/wydarzenia\/nocne-regaty-gdynia-wladyslawowo-gdynia\/59-regaty-gdynia-wladyslawowo-gdynia-wyniki\/\">Grupa ORC1<\/a><br><a href=\"https:\/\/jkmgryf.pl\/en\/aktualnosci\/wydarzenia\/nocne-regaty-gdynia-wladyslawowo-gdynia\/59-regaty-gdynia-wladyslawowo-gdynia-orc2\/\">Grupa ORC2<\/a><br><a href=\"https:\/\/jkmgryf.pl\/en\/aktualnosci\/wydarzenia\/nocne-regaty-gdynia-wladyslawowo-gdynia\/59-regaty-gdynia-wladyslawowo-gdynia-kwr\/\">KWR Group<\/a><br><a href=\"https:\/\/jkmgryf.pl\/en\/aktualnosci\/wydarzenia\/nocne-regaty-gdynia-wladyslawowo-gdynia\/59-regaty-gdynia-wladyslawowo-gdynia-grupa-open\/\">OPEN Group<\/a><br><a href=\"https:\/\/jkmgryf.pl\/en\/aktualnosci\/wydarzenia\/nocne-regaty-gdynia-wladyslawowo-gdynia\/59-regaty-gdynia-wladyslawowo-gdynia-grupa-orc-generalne\/\">ORC generalne (do puchar\u00f3w)<\/a><\/p>\n\n\n\n<p class=\"has-text-align-left\"><div class=\"su-spacer\" style=\"height:40px\"><\/div>\n\n\n\n<p class=\"has-text-align-left\"><a href=\"http:\/\/archiwum.jkmgryf.pl\/index.php?option=com_content&#038;view=category&#038;layout=blog&#038;id=20&#038;Itemid=46\" class=\"su-button su-button-style-flat\" style=\"color:#FFFFFF;background-color:#109fd3;border-color:#0d80a9;border-radius:0px\" target=\"__blank\"><span style=\"color:#FFFFFF;padding:0px 22px;font-size:17px;line-height:34px;border-color:#58bce1;border-radius:0px;text-shadow:0px 0px 0px #ffffff\">  go to archive <\/span><\/a><br><div class=\"su-spacer\" style=\"height:40px\"><\/div>\n\n\n<div class=\"su-button-center\"><a href=\"https:\/\/jkmgryf.pl\/en\/aktualnosci\/wydarzenia\/\" class=\"su-button su-button-style-flat\" style=\"color:#FFFFFF;background-color:#109fd3;border-color:#0d80a9;border-radius:0px\" target=\"_self\"><span style=\"color:#FFFFFF;padding:0px 22px;font-size:17px;line-height:34px;border-color:#58bce1;border-radius:0px;text-shadow:0px 0px 0px #ffffff\"> back<\/span><\/a><\/div>","protected":false},"excerpt":{"rendered":"<p>Przez 59 lat warunki na regatach by\u0142y bardzo r\u00f3\u017cne. Co w sumie jest oczywiste i jest truizmem. Poprzednia edycja up\u0142yn\u0119\u0142a pod znakiem niemal sztormu. W tym roku prognozy by\u0142y bardzo s\u0142abowiatrowe. I w sumie si\u0119 nie sprawdzi\u0142y, z czego nale\u017cy si\u0119 cieszy\u0107. Ale zacznijmy od frekwencji. To wa\u017cny wyznacznik popularno\u015bci regat. Zg\u0142osi\u0142o si\u0119 47 jacht\u00f3w<br \/><a class=\"moretag\" href=\"https:\/\/jkmgryf.pl\/en\/aktualnosci\/wydarzenia\/nocne-regaty-gdynia-wladyslawowo-gdynia\/\">+ Read More<\/a><\/p>","protected":false},"author":1,"featured_media":1662,"parent":224,"menu_order":0,"comment_status":"closed","ping_status":"closed","template":"templates\/page-fullwidth_template.php","meta":{"footnotes":""},"class_list":["post-931","page","type-page","status-publish","has-post-thumbnail","hentry"],"yoast_head":"<!-- This site is optimized with the Yoast SEO plugin v27.4 - https:\/\/yoast.com\/product\/yoast-seo-wordpress\/ -->\n<title>59. Regaty Gdynia - W\u0142adys\u0142awowo - Gdynia 2018 | JKM GRYF<\/title>\n<meta name=\"description\" content=\"Klub z tradycjami za\u0142o\u017cony w 1928 roku\" \/>\n<meta name=\"robots\" content=\"index, follow, max-snippet:-1, max-image-preview:large, max-video-preview:-1\" \/>\n<link rel=\"canonical\" href=\"https:\/\/jkmgryf.pl\/en\/aktualnosci\/wydarzenia\/nocne-regaty-gdynia-wladyslawowo-gdynia\/\" \/>\n<meta property=\"og:locale\" content=\"en_GB\" \/>\n<meta property=\"og:type\" content=\"article\" \/>\n<meta property=\"og:title\" content=\"59. Regaty Gdynia - W\u0142adys\u0142awowo - Gdynia 2018 | JKM GRYF\" \/>\n<meta property=\"og:description\" content=\"Klub z tradycjami za\u0142o\u017cony w 1928 roku\" \/>\n<meta property=\"og:url\" content=\"https:\/\/jkmgryf.pl\/en\/aktualnosci\/wydarzenia\/nocne-regaty-gdynia-wladyslawowo-gdynia\/\" \/>\n<meta property=\"og:site_name\" content=\"JKM GRYF\" \/>\n<meta property=\"article:modified_time\" content=\"2022-12-13T17:16:35+00:00\" \/>\n<meta property=\"og:image\" content=\"https:\/\/jkmgryf.pl\/wp-content\/uploads\/2018\/10\/regaty_1903x309p2.jpg\" \/>\n\t<meta property=\"og:image:width\" content=\"1903\" \/>\n\t<meta property=\"og:image:height\" content=\"309\" \/>\n\t<meta property=\"og:image:type\" content=\"image\/jpeg\" \/>\n<meta name=\"twitter:card\" content=\"summary_large_image\" \/>\n<meta name=\"twitter:label1\" content=\"Estimated reading time\" \/>\n\t<meta name=\"twitter:data1\" content=\"7 minutes\" \/>\n<script type=\"application\/ld+json\" class=\"yoast-schema-graph\">{\"@context\":\"https:\\\/\\\/schema.org\",\"@graph\":[{\"@type\":\"WebPage\",\"@id\":\"https:\\\/\\\/jkmgryf.pl\\\/aktualnosci\\\/wydarzenia\\\/nocne-regaty-gdynia-wladyslawowo-gdynia\\\/\",\"url\":\"https:\\\/\\\/jkmgryf.pl\\\/aktualnosci\\\/wydarzenia\\\/nocne-regaty-gdynia-wladyslawowo-gdynia\\\/\",\"name\":\"59. Regaty Gdynia - W\u0142adys\u0142awowo - Gdynia 2018 | JKM GRYF\",\"isPartOf\":{\"@id\":\"https:\\\/\\\/jkmgryf.pl\\\/#website\"},\"primaryImageOfPage\":{\"@id\":\"https:\\\/\\\/jkmgryf.pl\\\/aktualnosci\\\/wydarzenia\\\/nocne-regaty-gdynia-wladyslawowo-gdynia\\\/#primaryimage\"},\"image\":{\"@id\":\"https:\\\/\\\/jkmgryf.pl\\\/aktualnosci\\\/wydarzenia\\\/nocne-regaty-gdynia-wladyslawowo-gdynia\\\/#primaryimage\"},\"thumbnailUrl\":\"https:\\\/\\\/jkmgryf.pl\\\/wp-content\\\/uploads\\\/2018\\\/10\\\/regaty_1903x309p2.jpg\",\"datePublished\":\"2018-09-03T17:41:10+00:00\",\"dateModified\":\"2022-12-13T17:16:35+00:00\",\"description\":\"Klub z tradycjami za\u0142o\u017cony w 1928 roku\",\"breadcrumb\":{\"@id\":\"https:\\\/\\\/jkmgryf.pl\\\/aktualnosci\\\/wydarzenia\\\/nocne-regaty-gdynia-wladyslawowo-gdynia\\\/#breadcrumb\"},\"inLanguage\":\"en-GB\",\"potentialAction\":[{\"@type\":\"ReadAction\",\"target\":[\"https:\\\/\\\/jkmgryf.pl\\\/aktualnosci\\\/wydarzenia\\\/nocne-regaty-gdynia-wladyslawowo-gdynia\\\/\"]}]},{\"@type\":\"ImageObject\",\"inLanguage\":\"en-GB\",\"@id\":\"https:\\\/\\\/jkmgryf.pl\\\/aktualnosci\\\/wydarzenia\\\/nocne-regaty-gdynia-wladyslawowo-gdynia\\\/#primaryimage\",\"url\":\"https:\\\/\\\/jkmgryf.pl\\\/wp-content\\\/uploads\\\/2018\\\/10\\\/regaty_1903x309p2.jpg\",\"contentUrl\":\"https:\\\/\\\/jkmgryf.pl\\\/wp-content\\\/uploads\\\/2018\\\/10\\\/regaty_1903x309p2.jpg\",\"width\":1903,\"height\":309},{\"@type\":\"BreadcrumbList\",\"@id\":\"https:\\\/\\\/jkmgryf.pl\\\/aktualnosci\\\/wydarzenia\\\/nocne-regaty-gdynia-wladyslawowo-gdynia\\\/#breadcrumb\",\"itemListElement\":[{\"@type\":\"ListItem\",\"position\":1,\"name\":\"Strona g\u0142\u00f3wna\",\"item\":\"https:\\\/\\\/jkmgryf.pl\\\/\"},{\"@type\":\"ListItem\",\"position\":2,\"name\":\"Aktualno\u015bci\",\"item\":\"https:\\\/\\\/jkmgryf.pl\\\/aktualnosci\\\/\"},{\"@type\":\"ListItem\",\"position\":3,\"name\":\"wydarzenia\",\"item\":\"https:\\\/\\\/jkmgryf.pl\\\/aktualnosci\\\/wydarzenia\\\/\"},{\"@type\":\"ListItem\",\"position\":4,\"name\":\"59. Regaty Gdynia &#8211; W\u0142adys\u0142awowo &#8211; Gdynia 2018\"}]},{\"@type\":\"WebSite\",\"@id\":\"https:\\\/\\\/jkmgryf.pl\\\/#website\",\"url\":\"https:\\\/\\\/jkmgryf.pl\\\/\",\"name\":\"JKM GRYF\",\"description\":\"\",\"publisher\":{\"@id\":\"https:\\\/\\\/jkmgryf.pl\\\/#organization\"},\"potentialAction\":[{\"@type\":\"SearchAction\",\"target\":{\"@type\":\"EntryPoint\",\"urlTemplate\":\"https:\\\/\\\/jkmgryf.pl\\\/?s={search_term_string}\"},\"query-input\":{\"@type\":\"PropertyValueSpecification\",\"valueRequired\":true,\"valueName\":\"search_term_string\"}}],\"inLanguage\":\"en-GB\"},{\"@type\":\"Organization\",\"@id\":\"https:\\\/\\\/jkmgryf.pl\\\/#organization\",\"name\":\"JKM Gryf\",\"url\":\"https:\\\/\\\/jkmgryf.pl\\\/\",\"logo\":{\"@type\":\"ImageObject\",\"inLanguage\":\"en-GB\",\"@id\":\"https:\\\/\\\/jkmgryf.pl\\\/#\\\/schema\\\/logo\\\/image\\\/\",\"url\":\"https:\\\/\\\/jkmgryf.pl\\\/wp-content\\\/uploads\\\/2018\\\/10\\\/logo_klasyczne.png\",\"contentUrl\":\"https:\\\/\\\/jkmgryf.pl\\\/wp-content\\\/uploads\\\/2018\\\/10\\\/logo_klasyczne.png\",\"width\":161,\"height\":160,\"caption\":\"JKM Gryf\"},\"image\":{\"@id\":\"https:\\\/\\\/jkmgryf.pl\\\/#\\\/schema\\\/logo\\\/image\\\/\"}}]}<\/script>\n<!-- \/ Yoast SEO plugin. -->","yoast_head_json":{"title":"59. Regaty Gdynia - W\u0142adys\u0142awowo - Gdynia 2018 | JKM GRYF","description":"Club with traditions founded in 1928","robots":{"index":"index","follow":"follow","max-snippet":"max-snippet:-1","max-image-preview":"max-image-preview:large","max-video-preview":"max-video-preview:-1"},"canonical":"https:\/\/jkmgryf.pl\/en\/aktualnosci\/wydarzenia\/nocne-regaty-gdynia-wladyslawowo-gdynia\/","og_locale":"en_GB","og_type":"article","og_title":"59. Regaty Gdynia - W\u0142adys\u0142awowo - Gdynia 2018 | JKM GRYF","og_description":"Klub z tradycjami za\u0142o\u017cony w 1928 roku","og_url":"https:\/\/jkmgryf.pl\/en\/aktualnosci\/wydarzenia\/nocne-regaty-gdynia-wladyslawowo-gdynia\/","og_site_name":"JKM GRYF","article_modified_time":"2022-12-13T17:16:35+00:00","og_image":[{"width":1903,"height":309,"url":"https:\/\/jkmgryf.pl\/wp-content\/uploads\/2018\/10\/regaty_1903x309p2.jpg","type":"image\/jpeg"}],"twitter_card":"summary_large_image","twitter_misc":{"Estimated reading time":"7 minutes"},"schema":{"@context":"https:\/\/schema.org","@graph":[{"@type":"WebPage","@id":"https:\/\/jkmgryf.pl\/aktualnosci\/wydarzenia\/nocne-regaty-gdynia-wladyslawowo-gdynia\/","url":"https:\/\/jkmgryf.pl\/aktualnosci\/wydarzenia\/nocne-regaty-gdynia-wladyslawowo-gdynia\/","name":"59. Regaty Gdynia - W\u0142adys\u0142awowo - Gdynia 2018 | JKM GRYF","isPartOf":{"@id":"https:\/\/jkmgryf.pl\/#website"},"primaryImageOfPage":{"@id":"https:\/\/jkmgryf.pl\/aktualnosci\/wydarzenia\/nocne-regaty-gdynia-wladyslawowo-gdynia\/#primaryimage"},"image":{"@id":"https:\/\/jkmgryf.pl\/aktualnosci\/wydarzenia\/nocne-regaty-gdynia-wladyslawowo-gdynia\/#primaryimage"},"thumbnailUrl":"https:\/\/jkmgryf.pl\/wp-content\/uploads\/2018\/10\/regaty_1903x309p2.jpg","datePublished":"2018-09-03T17:41:10+00:00","dateModified":"2022-12-13T17:16:35+00:00","description":"Club with traditions founded in 1928","breadcrumb":{"@id":"https:\/\/jkmgryf.pl\/aktualnosci\/wydarzenia\/nocne-regaty-gdynia-wladyslawowo-gdynia\/#breadcrumb"},"inLanguage":"en-GB","potentialAction":[{"@type":"ReadAction","target":["https:\/\/jkmgryf.pl\/aktualnosci\/wydarzenia\/nocne-regaty-gdynia-wladyslawowo-gdynia\/"]}]},{"@type":"ImageObject","inLanguage":"en-GB","@id":"https:\/\/jkmgryf.pl\/aktualnosci\/wydarzenia\/nocne-regaty-gdynia-wladyslawowo-gdynia\/#primaryimage","url":"https:\/\/jkmgryf.pl\/wp-content\/uploads\/2018\/10\/regaty_1903x309p2.jpg","contentUrl":"https:\/\/jkmgryf.pl\/wp-content\/uploads\/2018\/10\/regaty_1903x309p2.jpg","width":1903,"height":309},{"@type":"BreadcrumbList","@id":"https:\/\/jkmgryf.pl\/aktualnosci\/wydarzenia\/nocne-regaty-gdynia-wladyslawowo-gdynia\/#breadcrumb","itemListElement":[{"@type":"ListItem","position":1,"name":"Strona g\u0142\u00f3wna","item":"https:\/\/jkmgryf.pl\/"},{"@type":"ListItem","position":2,"name":"Aktualno\u015bci","item":"https:\/\/jkmgryf.pl\/aktualnosci\/"},{"@type":"ListItem","position":3,"name":"wydarzenia","item":"https:\/\/jkmgryf.pl\/aktualnosci\/wydarzenia\/"},{"@type":"ListItem","position":4,"name":"59. Regaty Gdynia &#8211; W\u0142adys\u0142awowo &#8211; Gdynia 2018"}]},{"@type":"WebSite","@id":"https:\/\/jkmgryf.pl\/#website","url":"https:\/\/jkmgryf.pl\/","name":"JKM GRYF","description":"","publisher":{"@id":"https:\/\/jkmgryf.pl\/#organization"},"potentialAction":[{"@type":"SearchAction","target":{"@type":"EntryPoint","urlTemplate":"https:\/\/jkmgryf.pl\/?s={search_term_string}"},"query-input":{"@type":"PropertyValueSpecification","valueRequired":true,"valueName":"search_term_string"}}],"inLanguage":"en-GB"},{"@type":"Organization","@id":"https:\/\/jkmgryf.pl\/#organization","name":"JKM Gryf","url":"https:\/\/jkmgryf.pl\/","logo":{"@type":"ImageObject","inLanguage":"en-GB","@id":"https:\/\/jkmgryf.pl\/#\/schema\/logo\/image\/","url":"https:\/\/jkmgryf.pl\/wp-content\/uploads\/2018\/10\/logo_klasyczne.png","contentUrl":"https:\/\/jkmgryf.pl\/wp-content\/uploads\/2018\/10\/logo_klasyczne.png","width":161,"height":160,"caption":"JKM Gryf"},"image":{"@id":"https:\/\/jkmgryf.pl\/#\/schema\/logo\/image\/"}}]}},"_links":{"self":[{"href":"https:\/\/jkmgryf.pl\/en\/wp-json\/wp\/v2\/pages\/931","targetHints":{"allow":["GET"]}}],"collection":[{"href":"https:\/\/jkmgryf.pl\/en\/wp-json\/wp\/v2\/pages"}],"about":[{"href":"https:\/\/jkmgryf.pl\/en\/wp-json\/wp\/v2\/types\/page"}],"author":[{"embeddable":true,"href":"https:\/\/jkmgryf.pl\/en\/wp-json\/wp\/v2\/users\/1"}],"replies":[{"embeddable":true,"href":"https:\/\/jkmgryf.pl\/en\/wp-json\/wp\/v2\/comments?post=931"}],"version-history":[{"count":41,"href":"https:\/\/jkmgryf.pl\/en\/wp-json\/wp\/v2\/pages\/931\/revisions"}],"predecessor-version":[{"id":4961,"href":"https:\/\/jkmgryf.pl\/en\/wp-json\/wp\/v2\/pages\/931\/revisions\/4961"}],"up":[{"embeddable":true,"href":"https:\/\/jkmgryf.pl\/en\/wp-json\/wp\/v2\/pages\/224"}],"wp:featuredmedia":[{"embeddable":true,"href":"https:\/\/jkmgryf.pl\/en\/wp-json\/wp\/v2\/media\/1662"}],"wp:attachment":[{"href":"https:\/\/jkmgryf.pl\/en\/wp-json\/wp\/v2\/media?parent=931"}],"curies":[{"name":"wp","href":"https:\/\/api.w.org\/{rel}","templated":true}]}}