{"id":893,"date":"2018-09-03T19:22:56","date_gmt":"2018-09-03T17:22:56","guid":{"rendered":"https:\/\/jkmgryf.pl\/?page_id=893"},"modified":"2018-10-10T21:10:22","modified_gmt":"2018-10-10T19:10:22","slug":"wyniki-mistrzostw-polski-samotnikow-2018","status":"publish","type":"page","link":"https:\/\/jkmgryf.pl\/en\/aktualnosci\/wydarzenia\/xxviii-regaty-samotnikow-w-2018-roku\/wyniki-mistrzostw-polski-samotnikow-2018\/","title":{"rendered":"Wyniki Mistrzostw Polski Samotnik\u00f3w 2018"},"content":{"rendered":"<p>&nbsp;<\/p>\n<table class=\"responsive\" style=\"page-break-before: always;\" width=\"875\">\n<thead>\n<tr>\n<th id=\"pageHeader\" colspan=\"100\">\n<div id=\"reportHeader\">\n<div style=\"text-align: center;\"><\/div>\n<h4>Mi\u0119dzynarodowe Morskie \u017beglarskie<br \/>\nMistrzostwa Polski ORC Samotnik\u00f3w<br \/>\n<span id=\"reportTitle\">Klasa ORC International<\/span><\/h4>\n<\/div>\n<\/th>\n<\/tr>\n<tr>\n<th class=\"resultHeader\" colspan=\"100\">Results <b>ORC MP (MP)<\/b> [15\/07\/2018\u00a018:42:03]<\/th>\n<\/tr>\n<tr>\n<th>Rank<\/th>\n<th>Yacht Name<\/th>\n<th>Sail No<\/th>\n<th>Skipper<\/th>\n<th>Division<\/th>\n<th>R1<\/th>\n<th>R2<\/th>\n<th>R3<\/th>\n<th>Total<\/th>\n<\/tr>\n<\/thead>\n<tbody>\n<tr>\n<td class=\"col_Position\">1<\/td>\n<td class=\"col_YachtName\">Good Speed<\/td>\n<td class=\"col_SailNo\">POL 14000<\/td>\n<td class=\"col_Skipper\">TRZCI\u0143SKI \u0141ukasz<\/td>\n<td class=\"col_DivId\">MP<\/td>\n<td style=\"text-align: right;\">1,00<\/td>\n<td style=\"text-align: right;\">2,00<\/td>\n<td style=\"text-align: right;\">1,00<\/td>\n<td style=\"text-align: right;\"><span style=\"font-weight: bold;\">4,00<\/span><\/td>\n<\/tr>\n<tr>\n<td class=\"col_Position\">2<\/td>\n<td class=\"col_YachtName\">Busy Lizzy<\/td>\n<td class=\"col_SailNo\">POL-15946<\/td>\n<td class=\"col_Skipper\">MARJA\u0143SKI Kuba<\/td>\n<td class=\"col_DivId\">MP<\/td>\n<td style=\"text-align: right;\">2,00<\/td>\n<td style=\"text-align: right;\">1,00<\/td>\n<td style=\"text-align: right;\">3,00<\/td>\n<td style=\"text-align: right;\"><span style=\"font-weight: bold;\">6,00<\/span><\/td>\n<\/tr>\n<tr>\n<td class=\"col_Position\">3<\/td>\n<td class=\"col_YachtName\">Polled 2<\/td>\n<td class=\"col_SailNo\">POL 12262<\/td>\n<td class=\"col_Skipper\">CHABOWSKI Jacek<\/td>\n<td class=\"col_DivId\">MP<\/td>\n<td style=\"text-align: right;\">6,00<\/td>\n<td style=\"text-align: right;\">6,00<\/td>\n<td style=\"text-align: right;\">2,00<\/td>\n<td style=\"text-align: right;\"><span style=\"font-weight: bold;\">14,00<\/span><\/td>\n<\/tr>\n<tr>\n<td class=\"col_Position\">4<\/td>\n<td class=\"col_YachtName\">Zena II<\/td>\n<td class=\"col_SailNo\">POL 12152<\/td>\n<td class=\"col_Skipper\">MARCINKOWSKI Marek<\/td>\n<td class=\"col_DivId\">MP<\/td>\n<td style=\"text-align: right;\">5,00<\/td>\n<td style=\"text-align: right;\">4,00<\/td>\n<td style=\"text-align: right;\">5,00<\/td>\n<td style=\"text-align: right;\"><span style=\"font-weight: bold;\">14,00<\/span><\/td>\n<\/tr>\n<tr>\n<td class=\"col_Position\">5<\/td>\n<td class=\"col_YachtName\">VATAHA 2<\/td>\n<td class=\"col_SailNo\">pol 19000<\/td>\n<td class=\"col_Skipper\">WILKOWSKI Pawe\u0142<\/td>\n<td class=\"col_DivId\">MP<\/td>\n<td style=\"text-align: right;\">11,00<\/td>\n<td style=\"text-align: right;\">3,00<\/td>\n<td style=\"text-align: right;\">4,00<\/td>\n<td style=\"text-align: right;\"><span style=\"font-weight: bold;\">18,00<\/span><\/td>\n<\/tr>\n<tr>\n<td class=\"col_Position\">6<\/td>\n<td class=\"col_YachtName\">Dancing Queen<\/td>\n<td class=\"col_SailNo\">POL 15067<\/td>\n<td class=\"col_Skipper\">MATUSZAK Jerzy<\/td>\n<td class=\"col_DivId\">MP<\/td>\n<td style=\"text-align: right;\">4,00<\/td>\n<td style=\"text-align: right;\">8,00<\/td>\n<td style=\"text-align: right;\">6,00<\/td>\n<td style=\"text-align: right;\"><span style=\"font-weight: bold;\">18,00<\/span><\/td>\n<\/tr>\n<tr>\n<td class=\"col_Position\">7<\/td>\n<td class=\"col_YachtName\">Czarodziejka<\/td>\n<td class=\"col_SailNo\">POL 9658<\/td>\n<td class=\"col_Skipper\">KONNAK Tomasz<\/td>\n<td class=\"col_DivId\">MP<\/td>\n<td style=\"text-align: right;\">7,00<\/td>\n<td style=\"text-align: right;\">5,00<\/td>\n<td style=\"text-align: right;\">12,00<\/td>\n<td style=\"text-align: right;\"><span style=\"font-weight: bold;\">24,00<\/span><\/td>\n<\/tr>\n<tr>\n<td class=\"col_Position\">8<\/td>\n<td class=\"col_YachtName\">ATLANTIC PUFFIN<\/td>\n<td class=\"col_SailNo\">POL 14085<\/td>\n<td class=\"col_Skipper\">KUCZY\u0143SKI Szymon<\/td>\n<td class=\"col_DivId\">MP<\/td>\n<td style=\"text-align: right;\">8,00<\/td>\n<td style=\"text-align: right;\">9,50<\/td>\n<td style=\"text-align: right;\">8,00<\/td>\n<td style=\"text-align: right;\"><span style=\"font-weight: bold;\">25,50<\/span><\/td>\n<\/tr>\n<tr>\n<td class=\"col_Position\">9<\/td>\n<td class=\"col_YachtName\">SLONI<\/td>\n<td class=\"col_SailNo\">POL 17302<\/td>\n<td class=\"col_Skipper\">REMBIEWSKI Zbigniew<\/td>\n<td class=\"col_DivId\">MP<\/td>\n<td style=\"text-align: right;\">9,00<\/td>\n<td style=\"text-align: right;\">11,00<\/td>\n<td style=\"text-align: right;\">7,00<\/td>\n<td style=\"text-align: right;\"><span style=\"font-weight: bold;\">27,00<\/span><\/td>\n<\/tr>\n<tr>\n<td class=\"col_Position\">10<\/td>\n<td class=\"col_YachtName\">PALLAS<\/td>\n<td class=\"col_SailNo\">POL-929<\/td>\n<td class=\"col_Skipper\">PIERNIKARCZYK Jan<\/td>\n<td class=\"col_DivId\">MP<\/td>\n<td style=\"text-align: right;\">14,00<\/td>\n<td style=\"text-align: right;\">7,00<\/td>\n<td style=\"text-align: right;\">9,00<\/td>\n<td style=\"text-align: right;\"><span style=\"font-weight: bold;\">30,00<\/span><\/td>\n<\/tr>\n<tr>\n<td class=\"col_Position\">11<\/td>\n<td class=\"col_YachtName\">Konsal II<\/td>\n<td class=\"col_SailNo\">POL 3939<\/td>\n<td class=\"col_Skipper\">DRZYMALSKI Ryszard<\/td>\n<td class=\"col_DivId\">MP<\/td>\n<td style=\"text-align: right;\">10,00<\/td>\n<td style=\"text-align: right;\">12,00<\/td>\n<td style=\"text-align: right;\">11,00<\/td>\n<td style=\"text-align: right;\"><span style=\"font-weight: bold;\">33,00<\/span><\/td>\n<\/tr>\n<tr>\n<td class=\"col_Position\">12<\/td>\n<td class=\"col_YachtName\">ZEFIREK<\/td>\n<td class=\"col_SailNo\">POL 178<\/td>\n<td class=\"col_Skipper\">BAJERSKI Stanis\u0142aw<\/td>\n<td class=\"col_DivId\">MP<\/td>\n<td style=\"text-align: right;\">13,00<\/td>\n<td style=\"text-align: right;\">13,00<\/td>\n<td style=\"text-align: right;\">13,00<\/td>\n<td style=\"text-align: right;\"><span style=\"font-weight: bold;\">39,00<\/span><\/td>\n<\/tr>\n<tr>\n<td class=\"col_Position\">13<\/td>\n<td class=\"col_YachtName\">Vector Baltica<\/td>\n<td class=\"col_SailNo\">POL 15018<\/td>\n<td class=\"col_Skipper\">SKIBI\u0143SKI Przemys\u0142aw<\/td>\n<td class=\"col_DivId\">MP<\/td>\n<td style=\"text-align: right;\">12,00<\/td>\n<td style=\"text-align: right;\">15,00<\/td>\n<td style=\"text-align: right;\">14,00<\/td>\n<td style=\"text-align: right;\"><span style=\"font-weight: bold;\">41,00<\/span><\/td>\n<\/tr>\n<tr>\n<td class=\"col_Position\">14<\/td>\n<td class=\"col_YachtName\">Four Winds<\/td>\n<td class=\"col_SailNo\">POL- 6544<\/td>\n<td class=\"col_Skipper\">KRUPSKI Wies\u0142aw<\/td>\n<td class=\"col_DivId\">MP<\/td>\n<td style=\"text-align: right;\">17,00<\/td>\n<td style=\"text-align: right;\">17,00<\/td>\n<td style=\"text-align: right;\">15,00<\/td>\n<td style=\"text-align: right;\"><span style=\"font-weight: bold;\">49,00<\/span><\/td>\n<\/tr>\n<tr>\n<td class=\"col_Position\">15<\/td>\n<td class=\"col_YachtName\">Mirabelle<\/td>\n<td class=\"col_SailNo\">POL 192<\/td>\n<td class=\"col_Skipper\">NAPI\u00d3RKOWSKI Robert<\/td>\n<td class=\"col_DivId\">MP<\/td>\n<td style=\"text-align: right;\">18,00<\/td>\n<td style=\"text-align: right;\">20,00<br \/>\nRET<\/td>\n<td style=\"text-align: right;\">18,00<\/td>\n<td style=\"text-align: right;\"><span style=\"font-weight: bold;\">56,00<\/span><\/td>\n<\/tr>\n<tr>\n<td class=\"col_Position\">16<\/td>\n<td class=\"col_YachtName\">AQUILA<\/td>\n<td class=\"col_SailNo\">POL &#8211; 314<\/td>\n<td class=\"col_Skipper\">PERLICKI Czes\u0142aw<\/td>\n<td class=\"col_DivId\">MP<\/td>\n<td style=\"text-align: right;\">20,00<br \/>\nDNC<\/td>\n<td style=\"text-align: right;\">20,00<br \/>\nDNC<\/td>\n<td style=\"text-align: right;\">20,00<br \/>\nDNC<\/td>\n<td style=\"text-align: right;\"><span style=\"font-weight: bold;\">60,00<\/span><\/td>\n<\/tr>\n<\/tbody>\n<\/table>\n<p>&nbsp;<\/p>\n<div class=\"su-button-center\"><a href=\"https:\/\/jkmgryf.pl\/aktualnosci\/wydarzenia\/xxviii-regaty-samotnikow-w-2018-roku\/\" class=\"su-button su-button-style-flat\" style=\"color:#FFFFFF;background-color:#109fd3;border-color:#0d80a9;border-radius:0px\" target=\"_self\"><span style=\"color:#FFFFFF;padding:0px 22px;font-size:17px;line-height:34px;border-color:#58bce1;border-radius:0px;text-shadow:0px 0px 0px #ffffff\"> wr\u00f3\u0107<\/span><\/a><\/div>\n","protected":false},"excerpt":{"rendered":"<p>&nbsp; Mi\u0119dzynarodowe Morskie \u017beglarskie Mistrzostwa Polski ORC Samotnik\u00f3w Klasa ORC International Results ORC MP (MP) [15\/07\/2018\u00a018:42:03] Rank Yacht Name Sail No Skipper Division R1 R2 R3 Total 1 Good Speed POL 14000 TRZCI\u0143SKI \u0141ukasz MP 1,00 2,00 1,00 4,00 2 Busy Lizzy POL-15946 MARJA\u0143SKI Kuba MP 2,00 1,00 3,00 6,00 3 Polled 2 POL 12262<br \/><a class=\"moretag\" href=\"https:\/\/jkmgryf.pl\/en\/aktualnosci\/wydarzenia\/xxviii-regaty-samotnikow-w-2018-roku\/wyniki-mistrzostw-polski-samotnikow-2018\/\">+ Read More<\/a><\/p>\n","protected":false},"author":1,"featured_media":1662,"parent":864,"menu_order":0,"comment_status":"closed","ping_status":"closed","template":"templates\/page-fullwidth_template.php","meta":{"footnotes":""},"class_list":["post-893","page","type-page","status-publish","has-post-thumbnail","hentry"],"yoast_head":"<!-- This site is optimized with the Yoast SEO plugin v27.6 - https:\/\/yoast.com\/product\/yoast-seo-wordpress\/ -->\n<title>Wyniki Mistrzostw Polski Samotnik\u00f3w 2018 | JKM GRYF<\/title>\n<meta name=\"description\" content=\"Klub z tradycjami za\u0142o\u017cony w 1928 roku\" \/>\n<meta name=\"robots\" content=\"index, follow, max-snippet:-1, max-image-preview:large, max-video-preview:-1\" \/>\n<link rel=\"canonical\" href=\"https:\/\/jkmgryf.pl\/en\/aktualnosci\/wydarzenia\/xxviii-regaty-samotnikow-w-2018-roku\/wyniki-mistrzostw-polski-samotnikow-2018\/\" \/>\n<meta property=\"og:locale\" content=\"en_GB\" \/>\n<meta property=\"og:type\" content=\"article\" \/>\n<meta property=\"og:title\" content=\"Wyniki Mistrzostw Polski Samotnik\u00f3w 2018 | JKM GRYF\" \/>\n<meta property=\"og:description\" content=\"Klub z tradycjami za\u0142o\u017cony w 1928 roku\" \/>\n<meta property=\"og:url\" content=\"https:\/\/jkmgryf.pl\/en\/aktualnosci\/wydarzenia\/xxviii-regaty-samotnikow-w-2018-roku\/wyniki-mistrzostw-polski-samotnikow-2018\/\" \/>\n<meta property=\"og:site_name\" content=\"JKM GRYF\" \/>\n<meta property=\"article:modified_time\" content=\"2018-10-10T19:10:22+00:00\" \/>\n<meta property=\"og:image\" content=\"https:\/\/jkmgryf.pl\/wp-content\/uploads\/2018\/10\/regaty_1903x309p2.jpg\" \/>\n\t<meta property=\"og:image:width\" content=\"1903\" \/>\n\t<meta property=\"og:image:height\" content=\"309\" \/>\n\t<meta property=\"og:image:type\" content=\"image\/jpeg\" \/>\n<meta name=\"twitter:card\" content=\"summary_large_image\" \/>\n<meta name=\"twitter:label1\" content=\"Estimated reading time\" \/>\n\t<meta name=\"twitter:data1\" content=\"1 minute\" \/>\n<script type=\"application\/ld+json\" class=\"yoast-schema-graph\">{\"@context\":\"https:\\\/\\\/schema.org\",\"@graph\":[{\"@type\":\"WebPage\",\"@id\":\"https:\\\/\\\/jkmgryf.pl\\\/en\\\/aktualnosci\\\/wydarzenia\\\/xxviii-regaty-samotnikow-w-2018-roku\\\/wyniki-mistrzostw-polski-samotnikow-2018\\\/\",\"url\":\"https:\\\/\\\/jkmgryf.pl\\\/en\\\/aktualnosci\\\/wydarzenia\\\/xxviii-regaty-samotnikow-w-2018-roku\\\/wyniki-mistrzostw-polski-samotnikow-2018\\\/\",\"name\":\"Wyniki Mistrzostw Polski Samotnik\u00f3w 2018 | JKM GRYF\",\"isPartOf\":{\"@id\":\"https:\\\/\\\/jkmgryf.pl\\\/#website\"},\"primaryImageOfPage\":{\"@id\":\"https:\\\/\\\/jkmgryf.pl\\\/en\\\/aktualnosci\\\/wydarzenia\\\/xxviii-regaty-samotnikow-w-2018-roku\\\/wyniki-mistrzostw-polski-samotnikow-2018\\\/#primaryimage\"},\"image\":{\"@id\":\"https:\\\/\\\/jkmgryf.pl\\\/en\\\/aktualnosci\\\/wydarzenia\\\/xxviii-regaty-samotnikow-w-2018-roku\\\/wyniki-mistrzostw-polski-samotnikow-2018\\\/#primaryimage\"},\"thumbnailUrl\":\"https:\\\/\\\/jkmgryf.pl\\\/wp-content\\\/uploads\\\/2018\\\/10\\\/regaty_1903x309p2.jpg\",\"datePublished\":\"2018-09-03T17:22:56+00:00\",\"dateModified\":\"2018-10-10T19:10:22+00:00\",\"description\":\"Klub z tradycjami za\u0142o\u017cony w 1928 roku\",\"breadcrumb\":{\"@id\":\"https:\\\/\\\/jkmgryf.pl\\\/en\\\/aktualnosci\\\/wydarzenia\\\/xxviii-regaty-samotnikow-w-2018-roku\\\/wyniki-mistrzostw-polski-samotnikow-2018\\\/#breadcrumb\"},\"inLanguage\":\"en-GB\",\"potentialAction\":[{\"@type\":\"ReadAction\",\"target\":[\"https:\\\/\\\/jkmgryf.pl\\\/en\\\/aktualnosci\\\/wydarzenia\\\/xxviii-regaty-samotnikow-w-2018-roku\\\/wyniki-mistrzostw-polski-samotnikow-2018\\\/\"]}]},{\"@type\":\"ImageObject\",\"inLanguage\":\"en-GB\",\"@id\":\"https:\\\/\\\/jkmgryf.pl\\\/en\\\/aktualnosci\\\/wydarzenia\\\/xxviii-regaty-samotnikow-w-2018-roku\\\/wyniki-mistrzostw-polski-samotnikow-2018\\\/#primaryimage\",\"url\":\"https:\\\/\\\/jkmgryf.pl\\\/wp-content\\\/uploads\\\/2018\\\/10\\\/regaty_1903x309p2.jpg\",\"contentUrl\":\"https:\\\/\\\/jkmgryf.pl\\\/wp-content\\\/uploads\\\/2018\\\/10\\\/regaty_1903x309p2.jpg\",\"width\":1903,\"height\":309},{\"@type\":\"BreadcrumbList\",\"@id\":\"https:\\\/\\\/jkmgryf.pl\\\/en\\\/aktualnosci\\\/wydarzenia\\\/xxviii-regaty-samotnikow-w-2018-roku\\\/wyniki-mistrzostw-polski-samotnikow-2018\\\/#breadcrumb\",\"itemListElement\":[{\"@type\":\"ListItem\",\"position\":1,\"name\":\"Strona g\u0142\u00f3wna\",\"item\":\"https:\\\/\\\/jkmgryf.pl\\\/\"},{\"@type\":\"ListItem\",\"position\":2,\"name\":\"Aktualno\u015bci\",\"item\":\"https:\\\/\\\/jkmgryf.pl\\\/aktualnosci\\\/\"},{\"@type\":\"ListItem\",\"position\":3,\"name\":\"wydarzenia\",\"item\":\"https:\\\/\\\/jkmgryf.pl\\\/aktualnosci\\\/wydarzenia\\\/\"},{\"@type\":\"ListItem\",\"position\":4,\"name\":\"XXVIII Regaty Samotnik\u00f3w, Memoria\u0142 L. Teligi w 2018 roku\",\"item\":\"https:\\\/\\\/jkmgryf.pl\\\/aktualnosci\\\/wydarzenia\\\/xxviii-regaty-samotnikow-w-2018-roku\\\/\"},{\"@type\":\"ListItem\",\"position\":5,\"name\":\"Wyniki Mistrzostw Polski Samotnik\u00f3w 2018\"}]},{\"@type\":\"WebSite\",\"@id\":\"https:\\\/\\\/jkmgryf.pl\\\/#website\",\"url\":\"https:\\\/\\\/jkmgryf.pl\\\/\",\"name\":\"JKM GRYF\",\"description\":\"\",\"publisher\":{\"@id\":\"https:\\\/\\\/jkmgryf.pl\\\/#organization\"},\"potentialAction\":[{\"@type\":\"SearchAction\",\"target\":{\"@type\":\"EntryPoint\",\"urlTemplate\":\"https:\\\/\\\/jkmgryf.pl\\\/?s={search_term_string}\"},\"query-input\":{\"@type\":\"PropertyValueSpecification\",\"valueRequired\":true,\"valueName\":\"search_term_string\"}}],\"inLanguage\":\"en-GB\"},{\"@type\":\"Organization\",\"@id\":\"https:\\\/\\\/jkmgryf.pl\\\/#organization\",\"name\":\"JKM Gryf\",\"url\":\"https:\\\/\\\/jkmgryf.pl\\\/\",\"logo\":{\"@type\":\"ImageObject\",\"inLanguage\":\"en-GB\",\"@id\":\"https:\\\/\\\/jkmgryf.pl\\\/#\\\/schema\\\/logo\\\/image\\\/\",\"url\":\"https:\\\/\\\/jkmgryf.pl\\\/wp-content\\\/uploads\\\/2018\\\/10\\\/logo_klasyczne.png\",\"contentUrl\":\"https:\\\/\\\/jkmgryf.pl\\\/wp-content\\\/uploads\\\/2018\\\/10\\\/logo_klasyczne.png\",\"width\":161,\"height\":160,\"caption\":\"JKM Gryf\"},\"image\":{\"@id\":\"https:\\\/\\\/jkmgryf.pl\\\/#\\\/schema\\\/logo\\\/image\\\/\"}}]}<\/script>\n<!-- \/ Yoast SEO plugin. -->","yoast_head_json":{"title":"Wyniki Mistrzostw Polski Samotnik\u00f3w 2018 | JKM GRYF","description":"Club with traditions founded in 1928","robots":{"index":"index","follow":"follow","max-snippet":"max-snippet:-1","max-image-preview":"max-image-preview:large","max-video-preview":"max-video-preview:-1"},"canonical":"https:\/\/jkmgryf.pl\/en\/aktualnosci\/wydarzenia\/xxviii-regaty-samotnikow-w-2018-roku\/wyniki-mistrzostw-polski-samotnikow-2018\/","og_locale":"en_GB","og_type":"article","og_title":"Wyniki Mistrzostw Polski Samotnik\u00f3w 2018 | JKM GRYF","og_description":"Klub z tradycjami za\u0142o\u017cony w 1928 roku","og_url":"https:\/\/jkmgryf.pl\/en\/aktualnosci\/wydarzenia\/xxviii-regaty-samotnikow-w-2018-roku\/wyniki-mistrzostw-polski-samotnikow-2018\/","og_site_name":"JKM GRYF","article_modified_time":"2018-10-10T19:10:22+00:00","og_image":[{"width":1903,"height":309,"url":"https:\/\/jkmgryf.pl\/wp-content\/uploads\/2018\/10\/regaty_1903x309p2.jpg","type":"image\/jpeg"}],"twitter_card":"summary_large_image","twitter_misc":{"Estimated reading time":"1 minute"},"schema":{"@context":"https:\/\/schema.org","@graph":[{"@type":"WebPage","@id":"https:\/\/jkmgryf.pl\/en\/aktualnosci\/wydarzenia\/xxviii-regaty-samotnikow-w-2018-roku\/wyniki-mistrzostw-polski-samotnikow-2018\/","url":"https:\/\/jkmgryf.pl\/en\/aktualnosci\/wydarzenia\/xxviii-regaty-samotnikow-w-2018-roku\/wyniki-mistrzostw-polski-samotnikow-2018\/","name":"Wyniki Mistrzostw Polski Samotnik\u00f3w 2018 | JKM GRYF","isPartOf":{"@id":"https:\/\/jkmgryf.pl\/#website"},"primaryImageOfPage":{"@id":"https:\/\/jkmgryf.pl\/en\/aktualnosci\/wydarzenia\/xxviii-regaty-samotnikow-w-2018-roku\/wyniki-mistrzostw-polski-samotnikow-2018\/#primaryimage"},"image":{"@id":"https:\/\/jkmgryf.pl\/en\/aktualnosci\/wydarzenia\/xxviii-regaty-samotnikow-w-2018-roku\/wyniki-mistrzostw-polski-samotnikow-2018\/#primaryimage"},"thumbnailUrl":"https:\/\/jkmgryf.pl\/wp-content\/uploads\/2018\/10\/regaty_1903x309p2.jpg","datePublished":"2018-09-03T17:22:56+00:00","dateModified":"2018-10-10T19:10:22+00:00","description":"Club with traditions founded in 1928","breadcrumb":{"@id":"https:\/\/jkmgryf.pl\/en\/aktualnosci\/wydarzenia\/xxviii-regaty-samotnikow-w-2018-roku\/wyniki-mistrzostw-polski-samotnikow-2018\/#breadcrumb"},"inLanguage":"en-GB","potentialAction":[{"@type":"ReadAction","target":["https:\/\/jkmgryf.pl\/en\/aktualnosci\/wydarzenia\/xxviii-regaty-samotnikow-w-2018-roku\/wyniki-mistrzostw-polski-samotnikow-2018\/"]}]},{"@type":"ImageObject","inLanguage":"en-GB","@id":"https:\/\/jkmgryf.pl\/en\/aktualnosci\/wydarzenia\/xxviii-regaty-samotnikow-w-2018-roku\/wyniki-mistrzostw-polski-samotnikow-2018\/#primaryimage","url":"https:\/\/jkmgryf.pl\/wp-content\/uploads\/2018\/10\/regaty_1903x309p2.jpg","contentUrl":"https:\/\/jkmgryf.pl\/wp-content\/uploads\/2018\/10\/regaty_1903x309p2.jpg","width":1903,"height":309},{"@type":"BreadcrumbList","@id":"https:\/\/jkmgryf.pl\/en\/aktualnosci\/wydarzenia\/xxviii-regaty-samotnikow-w-2018-roku\/wyniki-mistrzostw-polski-samotnikow-2018\/#breadcrumb","itemListElement":[{"@type":"ListItem","position":1,"name":"Strona g\u0142\u00f3wna","item":"https:\/\/jkmgryf.pl\/"},{"@type":"ListItem","position":2,"name":"Aktualno\u015bci","item":"https:\/\/jkmgryf.pl\/aktualnosci\/"},{"@type":"ListItem","position":3,"name":"wydarzenia","item":"https:\/\/jkmgryf.pl\/aktualnosci\/wydarzenia\/"},{"@type":"ListItem","position":4,"name":"XXVIII Regaty Samotnik\u00f3w, Memoria\u0142 L. Teligi w 2018 roku","item":"https:\/\/jkmgryf.pl\/aktualnosci\/wydarzenia\/xxviii-regaty-samotnikow-w-2018-roku\/"},{"@type":"ListItem","position":5,"name":"Wyniki Mistrzostw Polski Samotnik\u00f3w 2018"}]},{"@type":"WebSite","@id":"https:\/\/jkmgryf.pl\/#website","url":"https:\/\/jkmgryf.pl\/","name":"JKM GRYF","description":"","publisher":{"@id":"https:\/\/jkmgryf.pl\/#organization"},"potentialAction":[{"@type":"SearchAction","target":{"@type":"EntryPoint","urlTemplate":"https:\/\/jkmgryf.pl\/?s={search_term_string}"},"query-input":{"@type":"PropertyValueSpecification","valueRequired":true,"valueName":"search_term_string"}}],"inLanguage":"en-GB"},{"@type":"Organization","@id":"https:\/\/jkmgryf.pl\/#organization","name":"JKM Gryf","url":"https:\/\/jkmgryf.pl\/","logo":{"@type":"ImageObject","inLanguage":"en-GB","@id":"https:\/\/jkmgryf.pl\/#\/schema\/logo\/image\/","url":"https:\/\/jkmgryf.pl\/wp-content\/uploads\/2018\/10\/logo_klasyczne.png","contentUrl":"https:\/\/jkmgryf.pl\/wp-content\/uploads\/2018\/10\/logo_klasyczne.png","width":161,"height":160,"caption":"JKM Gryf"},"image":{"@id":"https:\/\/jkmgryf.pl\/#\/schema\/logo\/image\/"}}]}},"_links":{"self":[{"href":"https:\/\/jkmgryf.pl\/en\/wp-json\/wp\/v2\/pages\/893","targetHints":{"allow":["GET"]}}],"collection":[{"href":"https:\/\/jkmgryf.pl\/en\/wp-json\/wp\/v2\/pages"}],"about":[{"href":"https:\/\/jkmgryf.pl\/en\/wp-json\/wp\/v2\/types\/page"}],"author":[{"embeddable":true,"href":"https:\/\/jkmgryf.pl\/en\/wp-json\/wp\/v2\/users\/1"}],"replies":[{"embeddable":true,"href":"https:\/\/jkmgryf.pl\/en\/wp-json\/wp\/v2\/comments?post=893"}],"version-history":[{"count":4,"href":"https:\/\/jkmgryf.pl\/en\/wp-json\/wp\/v2\/pages\/893\/revisions"}],"predecessor-version":[{"id":1549,"href":"https:\/\/jkmgryf.pl\/en\/wp-json\/wp\/v2\/pages\/893\/revisions\/1549"}],"up":[{"embeddable":true,"href":"https:\/\/jkmgryf.pl\/en\/wp-json\/wp\/v2\/pages\/864"}],"wp:featuredmedia":[{"embeddable":true,"href":"https:\/\/jkmgryf.pl\/en\/wp-json\/wp\/v2\/media\/1662"}],"wp:attachment":[{"href":"https:\/\/jkmgryf.pl\/en\/wp-json\/wp\/v2\/media?parent=893"}],"curies":[{"name":"wp","href":"https:\/\/api.w.org\/{rel}","templated":true}]}}