{"id":877,"date":"2018-09-03T19:03:24","date_gmt":"2018-09-03T17:03:24","guid":{"rendered":"https:\/\/jkmgryf.pl\/?page_id=877"},"modified":"2018-10-10T21:10:29","modified_gmt":"2018-10-10T19:10:29","slug":"teliga2018_wyscig1","status":"publish","type":"page","link":"https:\/\/jkmgryf.pl\/en\/aktualnosci\/wydarzenia\/xxviii-regaty-samotnikow-w-2018-roku\/teliga2018_wyscig1\/","title":{"rendered":"WY\u015aCIG 1"},"content":{"rendered":"<p>&nbsp;<\/p>\n<table class=\"responsive\">\n<thead>\n<tr>\n<th id=\"pageHeader\" colspan=\"100\">\n<h3 id=\"reportHeader\">XXVIII REGATY \u201eSAMOTNIK\u00d3W\u201d &#8211;<br \/>\nMEMORIA\u0141 LEONIDA TELIGI<br \/>\n<span id=\"reportTitle\">Race Results<\/span><\/h3>\n<\/th>\n<\/tr>\n<tr>\n<th class=\"resultHeader\" colspan=\"100\">\n<p style=\"text-align: center;\">ORC<\/p>\n<p style=\"text-align: center;\"><b>WY\u015aCIG NR 1<\/b><\/p>\n<p style=\"text-align: center;\">Results [15\/07\/2018\u00a018:40:55]\n<p style=\"text-align: center;\">Start: <b>14\/07\/2018\u00a011:01:00<\/b><\/p>\n<p style=\"text-align: center;\">Distance: <b>4,27<\/b> NM<\/p>\n<p style=\"text-align: center;\">Scoring: <b>PCS &#8211; Windward\/Leeward<\/b><\/p>\n<\/th>\n<\/tr>\n<tr>\n<th>Overall Pos<\/th>\n<th>Yacht Name<\/th>\n<th>Sail No<\/th>\n<th>Skipper<\/th>\n<th>Division<\/th>\n<th>Finish Time<\/th>\n<th>Elapsed<\/th>\n<th>Corrected<\/th>\n<th>Overall Pts<\/th>\n<\/tr>\n<\/thead>\n<tbody>\n<tr style=\"min-height: 1.5em;\">\n<td class=\"col_PosOvl\">1<\/td>\n<td class=\"col_YachtName\">Good Speed<\/td>\n<td class=\"col_SailNo\">POL 14000<\/td>\n<td class=\"col_Skipper\">TRZCI\u0143SKI \u0141ukasz<\/td>\n<td class=\"col_DivId\">MP<\/td>\n<td class=\"col_FinishTime\">+0 11:51:55<\/td>\n<td class=\"col_ElapsedSecs\">00:50:55<\/td>\n<td class=\"col_CorrDelay\">00:00:00<\/td>\n<td class=\"col_PtsOvl\">1,00<\/td>\n<\/tr>\n<tr style=\"min-height: 1.5em;\">\n<td class=\"col_PosOvl\">2<\/td>\n<td class=\"col_YachtName\">Busy Lizzy<\/td>\n<td class=\"col_SailNo\">POL-15946<\/td>\n<td class=\"col_Skipper\">MARJA\u0143SKI Kuba<\/td>\n<td class=\"col_DivId\">MP<\/td>\n<td class=\"col_FinishTime\">+0 11:56:33<\/td>\n<td class=\"col_ElapsedSecs\">00:55:33<\/td>\n<td class=\"col_CorrDelay\">00:00:16<\/td>\n<td class=\"col_PtsOvl\">2,00<\/td>\n<\/tr>\n<tr style=\"min-height: 1.5em;\">\n<td class=\"col_PosOvl\">3<\/td>\n<td class=\"col_YachtName\">Elessar<\/td>\n<td class=\"col_SailNo\">POL 12142<\/td>\n<td class=\"col_Skipper\">TURKOWSKI Marek<\/td>\n<td class=\"col_DivId\">ORC<\/td>\n<td class=\"col_FinishTime\">+0 11:58:05<\/td>\n<td class=\"col_ElapsedSecs\">00:57:05<\/td>\n<td class=\"col_CorrDelay\">00:02:56<\/td>\n<td class=\"col_PtsOvl\">3,00<\/td>\n<\/tr>\n<tr style=\"min-height: 1.5em;\">\n<td class=\"col_PosOvl\">4<\/td>\n<td class=\"col_YachtName\">Dancing Queen<\/td>\n<td class=\"col_SailNo\">POL 15067<\/td>\n<td class=\"col_Skipper\">MATUSZAK Jerzy<\/td>\n<td class=\"col_DivId\">MP<\/td>\n<td class=\"col_FinishTime\">+0 11:49:47<\/td>\n<td class=\"col_ElapsedSecs\">00:48:47<\/td>\n<td class=\"col_CorrDelay\">00:04:00<\/td>\n<td class=\"col_PtsOvl\">4,00<\/td>\n<\/tr>\n<tr style=\"min-height: 1.5em;\">\n<td class=\"col_PosOvl\">5<\/td>\n<td class=\"col_YachtName\">Zena II<\/td>\n<td class=\"col_SailNo\">POL 12152<\/td>\n<td class=\"col_Skipper\">MARCINKOWSKI Marek<\/td>\n<td class=\"col_DivId\">MP<\/td>\n<td class=\"col_FinishTime\">+0 11:55:04<\/td>\n<td class=\"col_ElapsedSecs\">00:54:04<\/td>\n<td class=\"col_CorrDelay\">00:04:03<\/td>\n<td class=\"col_PtsOvl\">5,00<\/td>\n<\/tr>\n<tr style=\"min-height: 1.5em;\">\n<td class=\"col_PosOvl\">6<\/td>\n<td class=\"col_YachtName\">Polled 2<\/td>\n<td class=\"col_SailNo\">POL 12262<\/td>\n<td class=\"col_Skipper\">CHABOWSKI Jacek<\/td>\n<td class=\"col_DivId\">MP<\/td>\n<td class=\"col_FinishTime\">+0 11:54:54<\/td>\n<td class=\"col_ElapsedSecs\">00:53:54<\/td>\n<td class=\"col_CorrDelay\">00:04:25<\/td>\n<td class=\"col_PtsOvl\">6,00<\/td>\n<\/tr>\n<tr style=\"min-height: 1.5em;\">\n<td class=\"col_PosOvl\">7<\/td>\n<td class=\"col_YachtName\">Czarodziejka<\/td>\n<td class=\"col_SailNo\">POL 9658<\/td>\n<td class=\"col_Skipper\">KONNAK Tomasz<\/td>\n<td class=\"col_DivId\">MP<\/td>\n<td class=\"col_FinishTime\">+0 12:02:08<\/td>\n<td class=\"col_ElapsedSecs\">01:01:08<\/td>\n<td class=\"col_CorrDelay\">00:06:13<\/td>\n<td class=\"col_PtsOvl\">7,00<\/td>\n<\/tr>\n<tr style=\"min-height: 1.5em;\">\n<td class=\"col_PosOvl\">8<\/td>\n<td class=\"col_YachtName\">ATLANTIC PUFFIN<\/td>\n<td class=\"col_SailNo\">POL 14085<\/td>\n<td class=\"col_Skipper\">KUCZY\u0143SKI Szymon<\/td>\n<td class=\"col_DivId\">MP<\/td>\n<td class=\"col_FinishTime\">+0 12:05:13<\/td>\n<td class=\"col_ElapsedSecs\">01:04:13<\/td>\n<td class=\"col_CorrDelay\">00:06:38<\/td>\n<td class=\"col_PtsOvl\">8,00<\/td>\n<\/tr>\n<tr style=\"min-height: 1.5em;\">\n<td class=\"col_PosOvl\">9<\/td>\n<td class=\"col_YachtName\">SLONI<\/td>\n<td class=\"col_SailNo\">POL 17302<\/td>\n<td class=\"col_Skipper\">REMBIEWSKI Zbigniew<\/td>\n<td class=\"col_DivId\">MP<\/td>\n<td class=\"col_FinishTime\">+0 11:57:46<\/td>\n<td class=\"col_ElapsedSecs\">00:56:46<\/td>\n<td class=\"col_CorrDelay\">00:06:59<\/td>\n<td class=\"col_PtsOvl\">9,00<\/td>\n<\/tr>\n<tr style=\"min-height: 1.5em;\">\n<td class=\"col_PosOvl\">10<\/td>\n<td class=\"col_YachtName\">Konsal II<\/td>\n<td class=\"col_SailNo\">POL 3939<\/td>\n<td class=\"col_Skipper\">DRZYMALSKI Ryszard<\/td>\n<td class=\"col_DivId\">MP<\/td>\n<td class=\"col_FinishTime\">+0 11:57:16<\/td>\n<td class=\"col_ElapsedSecs\">00:56:16<\/td>\n<td class=\"col_CorrDelay\">00:07:01<\/td>\n<td class=\"col_PtsOvl\">10,00<\/td>\n<\/tr>\n<tr style=\"min-height: 1.5em;\">\n<td class=\"col_PosOvl\">11<\/td>\n<td class=\"col_YachtName\">VATAHA 2<\/td>\n<td class=\"col_SailNo\">pol 19000<\/td>\n<td class=\"col_Skipper\">WILKOWSKI Pawe\u0142<\/td>\n<td class=\"col_DivId\">MP<\/td>\n<td class=\"col_FinishTime\">+0 11:58:58<\/td>\n<td class=\"col_ElapsedSecs\">00:57:58<\/td>\n<td class=\"col_CorrDelay\">00:07:09<\/td>\n<td class=\"col_PtsOvl\">11,00<\/td>\n<\/tr>\n<tr style=\"min-height: 1.5em;\">\n<td class=\"col_PosOvl\">12<\/td>\n<td class=\"col_YachtName\">Vector Baltica<\/td>\n<td class=\"col_SailNo\">POL 15018<\/td>\n<td class=\"col_Skipper\">SKIBI\u0143SKI Przemys\u0142aw<\/td>\n<td class=\"col_DivId\">MP<\/td>\n<td class=\"col_FinishTime\">+0 11:56:21<\/td>\n<td class=\"col_ElapsedSecs\">00:55:21<\/td>\n<td class=\"col_CorrDelay\">00:07:21<\/td>\n<td class=\"col_PtsOvl\">12,00<\/td>\n<\/tr>\n<tr style=\"min-height: 1.5em;\">\n<td class=\"col_PosOvl\">13<\/td>\n<td class=\"col_YachtName\">ZEFIREK<\/td>\n<td class=\"col_SailNo\">POL 178<\/td>\n<td class=\"col_Skipper\">BAJERSKI Stanis\u0142aw<\/td>\n<td class=\"col_DivId\">MP<\/td>\n<td class=\"col_FinishTime\">+0 12:05:12<\/td>\n<td class=\"col_ElapsedSecs\">01:04:12<\/td>\n<td class=\"col_CorrDelay\">00:07:50<\/td>\n<td class=\"col_PtsOvl\">13,00<\/td>\n<\/tr>\n<tr style=\"min-height: 1.5em;\">\n<td class=\"col_PosOvl\">14<\/td>\n<td class=\"col_YachtName\">PALLAS<\/td>\n<td class=\"col_SailNo\">POL-929<\/td>\n<td class=\"col_Skipper\">PIERNIKARCZYK Jan<\/td>\n<td class=\"col_DivId\">MP<\/td>\n<td class=\"col_FinishTime\">+0 12:07:13<\/td>\n<td class=\"col_ElapsedSecs\">01:06:13<\/td>\n<td class=\"col_CorrDelay\">00:09:24<\/td>\n<td class=\"col_PtsOvl\">14,00<\/td>\n<\/tr>\n<tr style=\"min-height: 1.5em;\">\n<td class=\"col_PosOvl\">15<\/td>\n<td class=\"col_YachtName\">Vector Baltica II<\/td>\n<td class=\"col_SailNo\">POL xxx<\/td>\n<td class=\"col_Skipper\">ROSZYK Jacek<\/td>\n<td class=\"col_DivId\">ORC<\/td>\n<td class=\"col_FinishTime\">+0 11:59:35<\/td>\n<td class=\"col_ElapsedSecs\">00:58:35<\/td>\n<td class=\"col_CorrDelay\">00:10:03<\/td>\n<td class=\"col_PtsOvl\">15,00<\/td>\n<\/tr>\n<tr style=\"min-height: 1.5em;\">\n<td class=\"col_PosOvl\">16<\/td>\n<td class=\"col_YachtName\">RESUMEE<\/td>\n<td class=\"col_SailNo\">POL 6112<\/td>\n<td class=\"col_Skipper\">KRUSZCZY\u0143SKI Andrzej<\/td>\n<td class=\"col_DivId\">ORC<\/td>\n<td class=\"col_FinishTime\">+0 12:07:55<\/td>\n<td class=\"col_ElapsedSecs\">01:06:55<\/td>\n<td class=\"col_CorrDelay\">00:11:16<\/td>\n<td class=\"col_PtsOvl\">16,00<\/td>\n<\/tr>\n<tr style=\"min-height: 1.5em;\">\n<td class=\"col_PosOvl\">17<\/td>\n<td class=\"col_YachtName\">Four Winds<\/td>\n<td class=\"col_SailNo\">POL- 6544<\/td>\n<td class=\"col_Skipper\">KRUPSKI Wies\u0142aw<\/td>\n<td class=\"col_DivId\">MP<\/td>\n<td class=\"col_FinishTime\">+0 12:03:47<\/td>\n<td class=\"col_ElapsedSecs\">01:02:47<\/td>\n<td class=\"col_CorrDelay\">00:11:29<\/td>\n<td class=\"col_PtsOvl\">17,00<\/td>\n<\/tr>\n<tr style=\"min-height: 1.5em;\">\n<td class=\"col_PosOvl\">18<\/td>\n<td class=\"col_YachtName\">Mirabelle<\/td>\n<td class=\"col_SailNo\">POL 192<\/td>\n<td class=\"col_Skipper\">NAPI\u00d3RKOWSKI Robert<\/td>\n<td class=\"col_DivId\">MP<\/td>\n<td class=\"col_FinishTime\">+0 12:06:45<\/td>\n<td class=\"col_ElapsedSecs\">01:05:45<\/td>\n<td class=\"col_CorrDelay\">00:13:12<\/td>\n<td class=\"col_PtsOvl\">18,00<\/td>\n<\/tr>\n<tr style=\"min-height: 1.5em;\">\n<td class=\"col_PosOvl\">19<\/td>\n<td class=\"col_YachtName\">AQUILA<\/td>\n<td class=\"col_SailNo\">POL &#8211; 314<\/td>\n<td class=\"col_Skipper\">PERLICKI Czes\u0142aw<\/td>\n<td class=\"col_DivId\">MP<\/td>\n<td class=\"col_FinishTime\">DNC<\/td>\n<td class=\"col_ElapsedSecs\"><\/td>\n<td class=\"col_CorrDelay\"><\/td>\n<td class=\"col_PtsOvl\">20,00<\/td>\n<\/tr>\n<\/tbody>\n<\/table>\n<p>&nbsp;<\/p>\n<table class=\"responsive\">\n<thead>\n<tr>\n<th id=\"pageHeader\" colspan=\"100\"><\/th>\n<\/tr>\n<tr>\n<th class=\"resultHeader\" colspan=\"100\">\n<p style=\"text-align: center;\">KWR<\/p>\n<p style=\"text-align: center;\"><b>WY\u015aCIG NR 1<\/b><\/p>\n<p style=\"text-align: center;\">Results [15\/07\/2018\u00a018:41:04]\n<p style=\"text-align: center;\">Start: <b>14\/07\/2018\u00a011:06:00<\/b><\/p>\n<p style=\"text-align: center;\">Distance: <b>4,27<\/b> NM<\/p>\n<p style=\"text-align: center;\">Scoring: <b>Custom ToT<\/b><\/p>\n<\/th>\n<\/tr>\n<tr>\n<th>Overall Pos<\/th>\n<th>Yacht Name<\/th>\n<th>Sail No<\/th>\n<th>Skipper<\/th>\n<th>Finish Time<\/th>\n<th>Elapsed<\/th>\n<th>Corrected<\/th>\n<th>Overall Pts<\/th>\n<th>TOT<\/th>\n<\/tr>\n<\/thead>\n<tbody>\n<tr style=\"min-height: 1.5em;\">\n<td class=\"col_PosOvl\">1<\/td>\n<td class=\"col_YachtName\">RIOJA<\/td>\n<td class=\"col_SailNo\">POL 249<\/td>\n<td class=\"col_Skipper\">STAWSKI \u0141ukasz<\/td>\n<td class=\"col_FinishTime\">+0 12:13:42<\/td>\n<td class=\"col_ElapsedSecs\">01:07:42<\/td>\n<td class=\"col_CorrDelay\">00:00:00<\/td>\n<td class=\"col_PtsOvl\">1,00<\/td>\n<td class=\"col_TOT\">1,1553<\/td>\n<\/tr>\n<tr style=\"min-height: 1.5em;\">\n<td class=\"col_PosOvl\">2<\/td>\n<td class=\"col_YachtName\">JARICHO<\/td>\n<td class=\"col_SailNo\">GBR 5278<\/td>\n<td class=\"col_Skipper\">CHOLEWA Zbigniew<\/td>\n<td class=\"col_FinishTime\">+0 12:07:30<\/td>\n<td class=\"col_ElapsedSecs\">01:01:30<\/td>\n<td class=\"col_CorrDelay\">00:02:44<\/td>\n<td class=\"col_PtsOvl\">2,00<\/td>\n<td class=\"col_TOT\">1,3162<\/td>\n<\/tr>\n<\/tbody>\n<\/table>\n<p>&nbsp;<\/p>\n<table class=\"responsive\">\n<thead>\n<tr>\n<th id=\"pageHeader\" colspan=\"100\">\n<div id=\"reportHeader\"><\/div>\n<\/th>\n<\/tr>\n<tr>\n<th class=\"resultHeader\" colspan=\"100\">\n<p style=\"text-align: center;\">OPEN<\/p>\n<p style=\"text-align: center;\"><b>WY\u015aCIG NR 1<\/b><\/p>\n<p style=\"text-align: center;\">Results [15\/07\/2018\u00a018:41:10]\n<p style=\"text-align: center;\">Start: <b>14\/07\/2018\u00a011:06:00<\/b><\/p>\n<p style=\"text-align: center;\">Distance: <b>4,27<\/b> NM<\/p>\n<p style=\"text-align: center;\">Scoring: <b>Custom ToT<\/b><\/p>\n<\/th>\n<\/tr>\n<tr>\n<th>Overall Pos<\/th>\n<th>Yacht Name<\/th>\n<th>Sail No<\/th>\n<th>Skipper<\/th>\n<th>Finish Time<\/th>\n<th>Overall Pts<\/th>\n<\/tr>\n<\/thead>\n<tbody>\n<tr style=\"min-height: 1.5em;\">\n<td class=\"col_PosOvl\">1<\/td>\n<td class=\"col_YachtName\">AMARIS<\/td>\n<td class=\"col_SailNo\">POL 6918<\/td>\n<td class=\"col_Skipper\">BRUDNICKI Micha\u0142<\/td>\n<td class=\"col_FinishTime\">+0 12:13:24<\/td>\n<td class=\"col_PtsOvl\">1,00<\/td>\n<\/tr>\n<tr style=\"min-height: 1.5em;\">\n<td class=\"col_PosOvl\">2<\/td>\n<td class=\"col_YachtName\">OCEAN 650<\/td>\n<td class=\"col_SailNo\">POL 790<\/td>\n<td class=\"col_Skipper\">KRZESI\u0143SKI Maciej<\/td>\n<td class=\"col_FinishTime\">+0 12:30:03<\/td>\n<td class=\"col_PtsOvl\">2,00<\/td>\n<\/tr>\n<tr style=\"min-height: 1.5em;\">\n<td class=\"col_PosOvl\">3<\/td>\n<td class=\"col_YachtName\">FIDOO<\/td>\n<td class=\"col_SailNo\">POL 16768<\/td>\n<td class=\"col_Skipper\">WRO\u0143SKI Marcin<\/td>\n<td class=\"col_FinishTime\">DNF<\/td>\n<td class=\"col_PtsOvl\">5,00<\/td>\n<\/tr>\n<tr style=\"min-height: 1.5em;\">\n<td class=\"col_PosOvl\">3<\/td>\n<td class=\"col_YachtName\">SCORPIO<\/td>\n<td class=\"col_SailNo\">POL 391<\/td>\n<td class=\"col_Skipper\">SCHULFER Miros\u0142aw<\/td>\n<td class=\"col_FinishTime\">DNF<\/td>\n<td class=\"col_PtsOvl\">5,00<\/td>\n<\/tr>\n<\/tbody>\n<\/table>\n<p>&nbsp;<\/p>\n<div class=\"su-button-center\"><a href=\"https:\/\/jkmgryf.pl\/aktualnosci\/wydarzenia\/xxviii-regaty-samotnikow-w-2018-roku\/\" class=\"su-button su-button-style-flat\" style=\"color:#FFFFFF;background-color:#109fd3;border-color:#0d80a9;border-radius:0px\" target=\"_self\"><span style=\"color:#FFFFFF;padding:0px 22px;font-size:17px;line-height:34px;border-color:#58bce1;border-radius:0px;text-shadow:0px 0px 0px #ffffff\"> wr\u00f3\u0107<\/span><\/a><\/div>\n","protected":false},"excerpt":{"rendered":"<p>&nbsp; XXVIII REGATY \u201eSAMOTNIK\u00d3W\u201d &#8211; MEMORIA\u0141 LEONIDA TELIGI Race Results ORC WY\u015aCIG NR 1 Results [15\/07\/2018\u00a018:40:55] Start: 14\/07\/2018\u00a011:01:00 Distance: 4,27 NM Scoring: PCS &#8211; Windward\/Leeward Overall Pos Yacht Name Sail No Skipper Division Finish Time Elapsed Corrected Overall Pts 1 Good Speed POL 14000 TRZCI\u0143SKI \u0141ukasz MP +0 11:51:55 00:50:55 00:00:00 1,00 2 Busy Lizzy<br \/><a class=\"moretag\" href=\"https:\/\/jkmgryf.pl\/en\/aktualnosci\/wydarzenia\/xxviii-regaty-samotnikow-w-2018-roku\/teliga2018_wyscig1\/\">+ Read More<\/a><\/p>\n","protected":false},"author":1,"featured_media":1662,"parent":864,"menu_order":0,"comment_status":"closed","ping_status":"closed","template":"templates\/page-fullwidth_template.php","meta":{"footnotes":""},"class_list":["post-877","page","type-page","status-publish","has-post-thumbnail","hentry"],"yoast_head":"<!-- This site is optimized with the Yoast SEO plugin v27.6 - https:\/\/yoast.com\/product\/yoast-seo-wordpress\/ -->\n<title>WY\u015aCIG 1 | JKM GRYF<\/title>\n<meta name=\"description\" content=\"Klub z tradycjami za\u0142o\u017cony w 1928 roku\" \/>\n<meta name=\"robots\" content=\"index, follow, max-snippet:-1, max-image-preview:large, max-video-preview:-1\" \/>\n<link rel=\"canonical\" href=\"https:\/\/jkmgryf.pl\/en\/aktualnosci\/wydarzenia\/xxviii-regaty-samotnikow-w-2018-roku\/teliga2018_wyscig1\/\" \/>\n<meta property=\"og:locale\" content=\"en_GB\" \/>\n<meta property=\"og:type\" content=\"article\" \/>\n<meta property=\"og:title\" content=\"WY\u015aCIG 1 | JKM GRYF\" \/>\n<meta property=\"og:description\" content=\"Klub z tradycjami za\u0142o\u017cony w 1928 roku\" \/>\n<meta property=\"og:url\" content=\"https:\/\/jkmgryf.pl\/en\/aktualnosci\/wydarzenia\/xxviii-regaty-samotnikow-w-2018-roku\/teliga2018_wyscig1\/\" \/>\n<meta property=\"og:site_name\" content=\"JKM GRYF\" \/>\n<meta property=\"article:modified_time\" content=\"2018-10-10T19:10:29+00:00\" \/>\n<meta property=\"og:image\" content=\"https:\/\/jkmgryf.pl\/wp-content\/uploads\/2018\/10\/regaty_1903x309p2.jpg\" \/>\n\t<meta property=\"og:image:width\" content=\"1903\" \/>\n\t<meta property=\"og:image:height\" content=\"309\" \/>\n\t<meta property=\"og:image:type\" content=\"image\/jpeg\" \/>\n<meta name=\"twitter:card\" content=\"summary_large_image\" \/>\n<meta name=\"twitter:label1\" content=\"Estimated reading time\" \/>\n\t<meta name=\"twitter:data1\" content=\"1 minute\" \/>\n<script type=\"application\/ld+json\" class=\"yoast-schema-graph\">{\"@context\":\"https:\\\/\\\/schema.org\",\"@graph\":[{\"@type\":\"WebPage\",\"@id\":\"https:\\\/\\\/jkmgryf.pl\\\/en\\\/aktualnosci\\\/wydarzenia\\\/xxviii-regaty-samotnikow-w-2018-roku\\\/teliga2018_wyscig1\\\/\",\"url\":\"https:\\\/\\\/jkmgryf.pl\\\/en\\\/aktualnosci\\\/wydarzenia\\\/xxviii-regaty-samotnikow-w-2018-roku\\\/teliga2018_wyscig1\\\/\",\"name\":\"WY\u015aCIG 1 | JKM GRYF\",\"isPartOf\":{\"@id\":\"https:\\\/\\\/jkmgryf.pl\\\/#website\"},\"primaryImageOfPage\":{\"@id\":\"https:\\\/\\\/jkmgryf.pl\\\/en\\\/aktualnosci\\\/wydarzenia\\\/xxviii-regaty-samotnikow-w-2018-roku\\\/teliga2018_wyscig1\\\/#primaryimage\"},\"image\":{\"@id\":\"https:\\\/\\\/jkmgryf.pl\\\/en\\\/aktualnosci\\\/wydarzenia\\\/xxviii-regaty-samotnikow-w-2018-roku\\\/teliga2018_wyscig1\\\/#primaryimage\"},\"thumbnailUrl\":\"https:\\\/\\\/jkmgryf.pl\\\/wp-content\\\/uploads\\\/2018\\\/10\\\/regaty_1903x309p2.jpg\",\"datePublished\":\"2018-09-03T17:03:24+00:00\",\"dateModified\":\"2018-10-10T19:10:29+00:00\",\"description\":\"Klub z tradycjami za\u0142o\u017cony w 1928 roku\",\"breadcrumb\":{\"@id\":\"https:\\\/\\\/jkmgryf.pl\\\/en\\\/aktualnosci\\\/wydarzenia\\\/xxviii-regaty-samotnikow-w-2018-roku\\\/teliga2018_wyscig1\\\/#breadcrumb\"},\"inLanguage\":\"en-GB\",\"potentialAction\":[{\"@type\":\"ReadAction\",\"target\":[\"https:\\\/\\\/jkmgryf.pl\\\/en\\\/aktualnosci\\\/wydarzenia\\\/xxviii-regaty-samotnikow-w-2018-roku\\\/teliga2018_wyscig1\\\/\"]}]},{\"@type\":\"ImageObject\",\"inLanguage\":\"en-GB\",\"@id\":\"https:\\\/\\\/jkmgryf.pl\\\/en\\\/aktualnosci\\\/wydarzenia\\\/xxviii-regaty-samotnikow-w-2018-roku\\\/teliga2018_wyscig1\\\/#primaryimage\",\"url\":\"https:\\\/\\\/jkmgryf.pl\\\/wp-content\\\/uploads\\\/2018\\\/10\\\/regaty_1903x309p2.jpg\",\"contentUrl\":\"https:\\\/\\\/jkmgryf.pl\\\/wp-content\\\/uploads\\\/2018\\\/10\\\/regaty_1903x309p2.jpg\",\"width\":1903,\"height\":309},{\"@type\":\"BreadcrumbList\",\"@id\":\"https:\\\/\\\/jkmgryf.pl\\\/en\\\/aktualnosci\\\/wydarzenia\\\/xxviii-regaty-samotnikow-w-2018-roku\\\/teliga2018_wyscig1\\\/#breadcrumb\",\"itemListElement\":[{\"@type\":\"ListItem\",\"position\":1,\"name\":\"Strona g\u0142\u00f3wna\",\"item\":\"https:\\\/\\\/jkmgryf.pl\\\/\"},{\"@type\":\"ListItem\",\"position\":2,\"name\":\"Aktualno\u015bci\",\"item\":\"https:\\\/\\\/jkmgryf.pl\\\/aktualnosci\\\/\"},{\"@type\":\"ListItem\",\"position\":3,\"name\":\"wydarzenia\",\"item\":\"https:\\\/\\\/jkmgryf.pl\\\/aktualnosci\\\/wydarzenia\\\/\"},{\"@type\":\"ListItem\",\"position\":4,\"name\":\"XXVIII Regaty Samotnik\u00f3w, Memoria\u0142 L. Teligi w 2018 roku\",\"item\":\"https:\\\/\\\/jkmgryf.pl\\\/aktualnosci\\\/wydarzenia\\\/xxviii-regaty-samotnikow-w-2018-roku\\\/\"},{\"@type\":\"ListItem\",\"position\":5,\"name\":\"WY\u015aCIG 1\"}]},{\"@type\":\"WebSite\",\"@id\":\"https:\\\/\\\/jkmgryf.pl\\\/#website\",\"url\":\"https:\\\/\\\/jkmgryf.pl\\\/\",\"name\":\"JKM GRYF\",\"description\":\"\",\"publisher\":{\"@id\":\"https:\\\/\\\/jkmgryf.pl\\\/#organization\"},\"potentialAction\":[{\"@type\":\"SearchAction\",\"target\":{\"@type\":\"EntryPoint\",\"urlTemplate\":\"https:\\\/\\\/jkmgryf.pl\\\/?s={search_term_string}\"},\"query-input\":{\"@type\":\"PropertyValueSpecification\",\"valueRequired\":true,\"valueName\":\"search_term_string\"}}],\"inLanguage\":\"en-GB\"},{\"@type\":\"Organization\",\"@id\":\"https:\\\/\\\/jkmgryf.pl\\\/#organization\",\"name\":\"JKM Gryf\",\"url\":\"https:\\\/\\\/jkmgryf.pl\\\/\",\"logo\":{\"@type\":\"ImageObject\",\"inLanguage\":\"en-GB\",\"@id\":\"https:\\\/\\\/jkmgryf.pl\\\/#\\\/schema\\\/logo\\\/image\\\/\",\"url\":\"https:\\\/\\\/jkmgryf.pl\\\/wp-content\\\/uploads\\\/2018\\\/10\\\/logo_klasyczne.png\",\"contentUrl\":\"https:\\\/\\\/jkmgryf.pl\\\/wp-content\\\/uploads\\\/2018\\\/10\\\/logo_klasyczne.png\",\"width\":161,\"height\":160,\"caption\":\"JKM Gryf\"},\"image\":{\"@id\":\"https:\\\/\\\/jkmgryf.pl\\\/#\\\/schema\\\/logo\\\/image\\\/\"}}]}<\/script>\n<!-- \/ Yoast SEO plugin. -->","yoast_head_json":{"title":"WY\u015aCIG 1 | JKM GRYF","description":"Club with traditions founded in 1928","robots":{"index":"index","follow":"follow","max-snippet":"max-snippet:-1","max-image-preview":"max-image-preview:large","max-video-preview":"max-video-preview:-1"},"canonical":"https:\/\/jkmgryf.pl\/en\/aktualnosci\/wydarzenia\/xxviii-regaty-samotnikow-w-2018-roku\/teliga2018_wyscig1\/","og_locale":"en_GB","og_type":"article","og_title":"WY\u015aCIG 1 | JKM GRYF","og_description":"Klub z tradycjami za\u0142o\u017cony w 1928 roku","og_url":"https:\/\/jkmgryf.pl\/en\/aktualnosci\/wydarzenia\/xxviii-regaty-samotnikow-w-2018-roku\/teliga2018_wyscig1\/","og_site_name":"JKM GRYF","article_modified_time":"2018-10-10T19:10:29+00:00","og_image":[{"width":1903,"height":309,"url":"https:\/\/jkmgryf.pl\/wp-content\/uploads\/2018\/10\/regaty_1903x309p2.jpg","type":"image\/jpeg"}],"twitter_card":"summary_large_image","twitter_misc":{"Estimated reading time":"1 minute"},"schema":{"@context":"https:\/\/schema.org","@graph":[{"@type":"WebPage","@id":"https:\/\/jkmgryf.pl\/en\/aktualnosci\/wydarzenia\/xxviii-regaty-samotnikow-w-2018-roku\/teliga2018_wyscig1\/","url":"https:\/\/jkmgryf.pl\/en\/aktualnosci\/wydarzenia\/xxviii-regaty-samotnikow-w-2018-roku\/teliga2018_wyscig1\/","name":"WY\u015aCIG 1 | JKM GRYF","isPartOf":{"@id":"https:\/\/jkmgryf.pl\/#website"},"primaryImageOfPage":{"@id":"https:\/\/jkmgryf.pl\/en\/aktualnosci\/wydarzenia\/xxviii-regaty-samotnikow-w-2018-roku\/teliga2018_wyscig1\/#primaryimage"},"image":{"@id":"https:\/\/jkmgryf.pl\/en\/aktualnosci\/wydarzenia\/xxviii-regaty-samotnikow-w-2018-roku\/teliga2018_wyscig1\/#primaryimage"},"thumbnailUrl":"https:\/\/jkmgryf.pl\/wp-content\/uploads\/2018\/10\/regaty_1903x309p2.jpg","datePublished":"2018-09-03T17:03:24+00:00","dateModified":"2018-10-10T19:10:29+00:00","description":"Club with traditions founded in 1928","breadcrumb":{"@id":"https:\/\/jkmgryf.pl\/en\/aktualnosci\/wydarzenia\/xxviii-regaty-samotnikow-w-2018-roku\/teliga2018_wyscig1\/#breadcrumb"},"inLanguage":"en-GB","potentialAction":[{"@type":"ReadAction","target":["https:\/\/jkmgryf.pl\/en\/aktualnosci\/wydarzenia\/xxviii-regaty-samotnikow-w-2018-roku\/teliga2018_wyscig1\/"]}]},{"@type":"ImageObject","inLanguage":"en-GB","@id":"https:\/\/jkmgryf.pl\/en\/aktualnosci\/wydarzenia\/xxviii-regaty-samotnikow-w-2018-roku\/teliga2018_wyscig1\/#primaryimage","url":"https:\/\/jkmgryf.pl\/wp-content\/uploads\/2018\/10\/regaty_1903x309p2.jpg","contentUrl":"https:\/\/jkmgryf.pl\/wp-content\/uploads\/2018\/10\/regaty_1903x309p2.jpg","width":1903,"height":309},{"@type":"BreadcrumbList","@id":"https:\/\/jkmgryf.pl\/en\/aktualnosci\/wydarzenia\/xxviii-regaty-samotnikow-w-2018-roku\/teliga2018_wyscig1\/#breadcrumb","itemListElement":[{"@type":"ListItem","position":1,"name":"Strona g\u0142\u00f3wna","item":"https:\/\/jkmgryf.pl\/"},{"@type":"ListItem","position":2,"name":"Aktualno\u015bci","item":"https:\/\/jkmgryf.pl\/aktualnosci\/"},{"@type":"ListItem","position":3,"name":"wydarzenia","item":"https:\/\/jkmgryf.pl\/aktualnosci\/wydarzenia\/"},{"@type":"ListItem","position":4,"name":"XXVIII Regaty Samotnik\u00f3w, Memoria\u0142 L. Teligi w 2018 roku","item":"https:\/\/jkmgryf.pl\/aktualnosci\/wydarzenia\/xxviii-regaty-samotnikow-w-2018-roku\/"},{"@type":"ListItem","position":5,"name":"WY\u015aCIG 1"}]},{"@type":"WebSite","@id":"https:\/\/jkmgryf.pl\/#website","url":"https:\/\/jkmgryf.pl\/","name":"JKM GRYF","description":"","publisher":{"@id":"https:\/\/jkmgryf.pl\/#organization"},"potentialAction":[{"@type":"SearchAction","target":{"@type":"EntryPoint","urlTemplate":"https:\/\/jkmgryf.pl\/?s={search_term_string}"},"query-input":{"@type":"PropertyValueSpecification","valueRequired":true,"valueName":"search_term_string"}}],"inLanguage":"en-GB"},{"@type":"Organization","@id":"https:\/\/jkmgryf.pl\/#organization","name":"JKM Gryf","url":"https:\/\/jkmgryf.pl\/","logo":{"@type":"ImageObject","inLanguage":"en-GB","@id":"https:\/\/jkmgryf.pl\/#\/schema\/logo\/image\/","url":"https:\/\/jkmgryf.pl\/wp-content\/uploads\/2018\/10\/logo_klasyczne.png","contentUrl":"https:\/\/jkmgryf.pl\/wp-content\/uploads\/2018\/10\/logo_klasyczne.png","width":161,"height":160,"caption":"JKM Gryf"},"image":{"@id":"https:\/\/jkmgryf.pl\/#\/schema\/logo\/image\/"}}]}},"_links":{"self":[{"href":"https:\/\/jkmgryf.pl\/en\/wp-json\/wp\/v2\/pages\/877","targetHints":{"allow":["GET"]}}],"collection":[{"href":"https:\/\/jkmgryf.pl\/en\/wp-json\/wp\/v2\/pages"}],"about":[{"href":"https:\/\/jkmgryf.pl\/en\/wp-json\/wp\/v2\/types\/page"}],"author":[{"embeddable":true,"href":"https:\/\/jkmgryf.pl\/en\/wp-json\/wp\/v2\/users\/1"}],"replies":[{"embeddable":true,"href":"https:\/\/jkmgryf.pl\/en\/wp-json\/wp\/v2\/comments?post=877"}],"version-history":[{"count":7,"href":"https:\/\/jkmgryf.pl\/en\/wp-json\/wp\/v2\/pages\/877\/revisions"}],"predecessor-version":[{"id":1552,"href":"https:\/\/jkmgryf.pl\/en\/wp-json\/wp\/v2\/pages\/877\/revisions\/1552"}],"up":[{"embeddable":true,"href":"https:\/\/jkmgryf.pl\/en\/wp-json\/wp\/v2\/pages\/864"}],"wp:featuredmedia":[{"embeddable":true,"href":"https:\/\/jkmgryf.pl\/en\/wp-json\/wp\/v2\/media\/1662"}],"wp:attachment":[{"href":"https:\/\/jkmgryf.pl\/en\/wp-json\/wp\/v2\/media?parent=877"}],"curies":[{"name":"wp","href":"https:\/\/api.w.org\/{rel}","templated":true}]}}