{"id":866,"date":"2018-09-03T18:59:11","date_gmt":"2018-09-03T16:59:11","guid":{"rendered":"https:\/\/jkmgryf.pl\/?page_id=866"},"modified":"2018-10-22T23:26:50","modified_gmt":"2018-10-22T21:26:50","slug":"teliga2018_lista_startowa","status":"publish","type":"page","link":"https:\/\/jkmgryf.pl\/en\/aktualnosci\/wydarzenia\/xxviii-regaty-samotnikow-w-2018-roku\/teliga2018_lista_startowa\/","title":{"rendered":"XXVIII REGATY \u201eSAMOTNIK\u00d3W\u201d MEMORIA\u0141 im. LEONIDA TELIGI"},"content":{"rendered":"<p>&nbsp;<\/p>\n<table class=\"responsive\">\n<thead>\n<tr>\n<th id=\"pageHeader\" colspan=\"100\">\n<h3 id=\"reportHeader\"><span id=\"reportTitle\">Lista startowa klasy ORC<\/span><\/h3>\n<\/th>\n<\/tr>\n<tr>\n<th>Yacht Name<\/th>\n<th>Sail No<\/th>\n<th>Type<\/th>\n<th>Skipper<\/th>\n<th>Class<\/th>\n<th>Division<\/th>\n<th>CDL<\/th>\n<th>GPH<\/th>\n<th>LOA<\/th>\n<\/tr>\n<\/thead>\n<tbody>\n<tr>\n<td class=\"col_YachtName\">Good Speed<\/td>\n<td class=\"col_SailNo\">POL 14000<\/td>\n<td class=\"col_YClass\">Dufour 34<\/td>\n<td class=\"col_Skipper\">TRZCI\u0143SKI \u0141ukasz<\/td>\n<td class=\"col_ClassId\">ORC<\/td>\n<td class=\"col_DivId\">MP<\/td>\n<td class=\"col_CDL\">8,304<\/td>\n<td class=\"col_GPH\">711,5<\/td>\n<td class=\"col_LOA\">10,300<\/td>\n<\/tr>\n<tr>\n<td class=\"col_YachtName\">Busy Lizzy<\/td>\n<td class=\"col_SailNo\">POL-15946<\/td>\n<td class=\"col_YClass\">FAURBY 999<\/td>\n<td class=\"col_Skipper\">MARJA\u0143SKI Kuba<\/td>\n<td class=\"col_ClassId\">ORC<\/td>\n<td class=\"col_DivId\">MP<\/td>\n<td class=\"col_CDL\">6,939<\/td>\n<td class=\"col_GPH\">754,9<\/td>\n<td class=\"col_LOA\">10,100<\/td>\n<\/tr>\n<tr>\n<td class=\"col_YachtName\">Polled 2<\/td>\n<td class=\"col_SailNo\">POL 12262<\/td>\n<td class=\"col_YClass\">Cobra 33<\/td>\n<td class=\"col_Skipper\">CHABOWSKI Jacek<\/td>\n<td class=\"col_ClassId\">ORC<\/td>\n<td class=\"col_DivId\">MP<\/td>\n<td class=\"col_CDL\">8,623<\/td>\n<td class=\"col_GPH\">681,7<\/td>\n<td class=\"col_LOA\">9,998<\/td>\n<\/tr>\n<tr>\n<td class=\"col_YachtName\">Zena II<\/td>\n<td class=\"col_SailNo\">POL 12152<\/td>\n<td class=\"col_YClass\">Comet 36<\/td>\n<td class=\"col_Skipper\">MARCINKOWSKI Marek<\/td>\n<td class=\"col_ClassId\">ORC<\/td>\n<td class=\"col_DivId\">MP<\/td>\n<td class=\"col_CDL\">8,549<\/td>\n<td class=\"col_GPH\">703,0<\/td>\n<td class=\"col_LOA\">10,650<\/td>\n<\/tr>\n<tr>\n<td class=\"col_YachtName\">VATAHA 2<\/td>\n<td class=\"col_SailNo\">pol 19000<\/td>\n<td class=\"col_YClass\">FIRST 35<\/td>\n<td class=\"col_Skipper\">WILKOWSKI Pawe\u0142<\/td>\n<td class=\"col_ClassId\">ORC<\/td>\n<td class=\"col_DivId\">MP<\/td>\n<td class=\"col_CDL\">8,327<\/td>\n<td class=\"col_GPH\">686,1<\/td>\n<td class=\"col_LOA\">10,660<\/td>\n<\/tr>\n<tr>\n<td class=\"col_YachtName\">Dancing Queen<\/td>\n<td class=\"col_SailNo\">POL 15067<\/td>\n<td class=\"col_YClass\">Dehler 46<\/td>\n<td class=\"col_Skipper\">MATUSZAK Jerzy<\/td>\n<td class=\"col_ClassId\">ORC<\/td>\n<td class=\"col_DivId\">MP<\/td>\n<td class=\"col_CDL\">11,434<\/td>\n<td class=\"col_GPH\">619,0<\/td>\n<td class=\"col_LOA\">13,885<\/td>\n<\/tr>\n<tr>\n<td class=\"col_YachtName\">Czarodziejka<\/td>\n<td class=\"col_SailNo\">POL 9658<\/td>\n<td class=\"col_YClass\">GRANADA 27<\/td>\n<td class=\"col_Skipper\">KONNAK Tomasz<\/td>\n<td class=\"col_ClassId\">ORC<\/td>\n<td class=\"col_DivId\">MP<\/td>\n<td class=\"col_CDL\">6,152<\/td>\n<td class=\"col_GPH\">753,9<\/td>\n<td class=\"col_LOA\">8,250<\/td>\n<\/tr>\n<tr>\n<td class=\"col_YachtName\">ATLANTIC PUFFIN<\/td>\n<td class=\"col_SailNo\">POL 14085<\/td>\n<td class=\"col_YClass\">MAXUS 22<\/td>\n<td class=\"col_Skipper\">KUCZY\u0143SKI Szymon<\/td>\n<td class=\"col_ClassId\">ORC<\/td>\n<td class=\"col_DivId\">MP<\/td>\n<td class=\"col_CDL\">5,447<\/td>\n<td class=\"col_GPH\">798,7<\/td>\n<td class=\"col_LOA\">6,370<\/td>\n<\/tr>\n<tr>\n<td class=\"col_YachtName\">SLONI<\/td>\n<td class=\"col_SailNo\">POL 17302<\/td>\n<td class=\"col_YClass\">FIRST 31.7<\/td>\n<td class=\"col_Skipper\">REMBIEWSKI Zbigniew<\/td>\n<td class=\"col_ClassId\">ORC<\/td>\n<td class=\"col_DivId\">MP<\/td>\n<td class=\"col_CDL\">8,043<\/td>\n<td class=\"col_GPH\">697,2<\/td>\n<td class=\"col_LOA\">9,490<\/td>\n<\/tr>\n<tr>\n<td class=\"col_YachtName\">PALLAS<\/td>\n<td class=\"col_SailNo\">POL-929<\/td>\n<td class=\"col_YClass\">Conrad 24<\/td>\n<td class=\"col_Skipper\">PIERNIKARCZYK Jan<\/td>\n<td class=\"col_ClassId\">ORC<\/td>\n<td class=\"col_DivId\">MP<\/td>\n<td class=\"col_CDL\">5,532<\/td>\n<td class=\"col_GPH\">787,7<\/td>\n<td class=\"col_LOA\">7,280<\/td>\n<\/tr>\n<tr>\n<td class=\"col_YachtName\">Konsal II<\/td>\n<td class=\"col_SailNo\">POL 3939<\/td>\n<td class=\"col_YClass\">Slotta 1200<\/td>\n<td class=\"col_Skipper\">DRZYMALSKI Ryszard<\/td>\n<td class=\"col_ClassId\">ORC<\/td>\n<td class=\"col_DivId\">MP<\/td>\n<td class=\"col_CDL\">8,789<\/td>\n<td class=\"col_GPH\">672,4<\/td>\n<td class=\"col_LOA\">12,104<\/td>\n<\/tr>\n<tr>\n<td class=\"col_YachtName\">ZEFIREK<\/td>\n<td class=\"col_SailNo\">POL 178<\/td>\n<td class=\"col_YClass\">Conrad 24<\/td>\n<td class=\"col_Skipper\">BAJERSKI Stanis\u0142aw<\/td>\n<td class=\"col_ClassId\">ORC<\/td>\n<td class=\"col_DivId\">MP<\/td>\n<td class=\"col_CDL\">5,483<\/td>\n<td class=\"col_GPH\">785,2<\/td>\n<td class=\"col_LOA\">7,265<\/td>\n<\/tr>\n<tr>\n<td class=\"col_YachtName\">Vector Baltica<\/td>\n<td class=\"col_SailNo\">POL 15018<\/td>\n<td class=\"col_YClass\">Vector 10<\/td>\n<td class=\"col_Skipper\">SKIBI\u0143SKI Przemys\u0142aw<\/td>\n<td class=\"col_ClassId\">ORC<\/td>\n<td class=\"col_DivId\">MP<\/td>\n<td class=\"col_CDL\">8,843<\/td>\n<td class=\"col_GPH\">654,1<\/td>\n<td class=\"col_LOA\">9,947<\/td>\n<\/tr>\n<tr>\n<td class=\"col_YachtName\">Four Winds<\/td>\n<td class=\"col_SailNo\">POL- 6544<\/td>\n<td class=\"col_YClass\">Tango 30<\/td>\n<td class=\"col_Skipper\">KRUPSKI Wies\u0142aw<\/td>\n<td class=\"col_ClassId\">ORC<\/td>\n<td class=\"col_DivId\">MP<\/td>\n<td class=\"col_CDL\">7,359<\/td>\n<td class=\"col_GPH\">709,3<\/td>\n<td class=\"col_LOA\">9,100<\/td>\n<\/tr>\n<tr>\n<td class=\"col_YachtName\">Mirabelle<\/td>\n<td class=\"col_SailNo\">POL 192<\/td>\n<td class=\"col_YClass\">Albin Ballad<\/td>\n<td class=\"col_Skipper\">NAPI\u00d3RKOWSKI Robert<\/td>\n<td class=\"col_ClassId\">ORC<\/td>\n<td class=\"col_DivId\">MP<\/td>\n<td class=\"col_CDL\">6,592<\/td>\n<td class=\"col_GPH\">728,5<\/td>\n<td class=\"col_LOA\">9,155<\/td>\n<\/tr>\n<tr>\n<td class=\"col_YachtName\">AQUILA<\/td>\n<td class=\"col_SailNo\">POL &#8211; 314<\/td>\n<td class=\"col_YClass\">none<\/td>\n<td class=\"col_Skipper\">PERLICKI Czes\u0142aw<\/td>\n<td class=\"col_ClassId\">ORC<\/td>\n<td class=\"col_DivId\">MP<\/td>\n<td class=\"col_CDL\">6,592<\/td>\n<td class=\"col_GPH\">699,8<\/td>\n<td class=\"col_LOA\">7,740<\/td>\n<\/tr>\n<tr>\n<td class=\"col_YachtName\">Elessar<\/td>\n<td class=\"col_SailNo\">POL 12142<\/td>\n<td class=\"col_YClass\">BAVARIA 32<\/td>\n<td class=\"col_Skipper\">TURKOWSKI Marek<\/td>\n<td class=\"col_ClassId\">ORC<\/td>\n<td class=\"col_DivId\">ORC<\/td>\n<td class=\"col_CDL\">7,376<\/td>\n<td class=\"col_GPH\">755,3<\/td>\n<td class=\"col_LOA\">9,750<\/td>\n<\/tr>\n<tr>\n<td class=\"col_YachtName\">Vector Baltica II<\/td>\n<td class=\"col_SailNo\">POL xxx<\/td>\n<td class=\"col_YClass\">Vector 10<\/td>\n<td class=\"col_Skipper\">ROSZYK Jacek<\/td>\n<td class=\"col_ClassId\">ORC<\/td>\n<td class=\"col_DivId\">ORC<\/td>\n<td class=\"col_CDL\">8,931<\/td>\n<td class=\"col_GPH\">681,3<\/td>\n<td class=\"col_LOA\">9,947<\/td>\n<\/tr>\n<tr>\n<td class=\"col_YachtName\">RESUMEE<\/td>\n<td class=\"col_SailNo\">POL 6112<\/td>\n<td class=\"col_YClass\">Clipper 2000<\/td>\n<td class=\"col_Skipper\">KRUSZCZY\u0143SKI Andrzej<\/td>\n<td class=\"col_ClassId\">ORC<\/td>\n<td class=\"col_DivId\">ORC<\/td>\n<td class=\"col_CDL\">6,142<\/td>\n<td class=\"col_GPH\">768,9<\/td>\n<td class=\"col_LOA\">8,717<\/td>\n<\/tr>\n<\/tbody>\n<\/table>\n<p>&nbsp;<\/p>\n<table class=\"responsive\" width=\"682\">\n<thead>\n<tr>\n<th id=\"pageHeader\" colspan=\"100\">\n<h3 id=\"reportHeader\"><span id=\"reportTitle\">Lista startowa klasy KWR<\/span><\/h3>\n<\/th>\n<\/tr>\n<tr>\n<th>Yacht Name<\/th>\n<th>Sail No<\/th>\n<th>Type<\/th>\n<th>Skipper<\/th>\n<th>Class<\/th>\n<th>Division<\/th>\n<th>CDL<\/th>\n<th>GPH<\/th>\n<th>LOA<\/th>\n<\/tr>\n<\/thead>\n<tbody>\n<tr>\n<td class=\"col_YachtName\">RIOJA<\/td>\n<td class=\"col_SailNo\">POL 249<\/td>\n<td class=\"col_YClass\">Seidelmann 25<\/td>\n<td class=\"col_Skipper\">STAWSKI \u0141ukasz<\/td>\n<td class=\"col_ClassId\">KWR<\/td>\n<td class=\"col_DivId\"><\/td>\n<td class=\"col_CDL\"><\/td>\n<td class=\"col_GPH\"><\/td>\n<td class=\"col_LOA\">7,470<\/td>\n<\/tr>\n<tr>\n<td class=\"col_YachtName\">JARICHO<\/td>\n<td class=\"col_SailNo\">GBR 5278<\/td>\n<td class=\"col_YClass\">Starlight 30<\/td>\n<td class=\"col_Skipper\">CHOLEWA Zbigniew<\/td>\n<td class=\"col_ClassId\">KWR<\/td>\n<td class=\"col_DivId\"><\/td>\n<td class=\"col_CDL\"><\/td>\n<td class=\"col_GPH\"><\/td>\n<td class=\"col_LOA\">8,850<\/td>\n<\/tr>\n<\/tbody>\n<\/table>\n<p>&nbsp;<\/p>\n<table class=\"responsive\" width=\"684\">\n<thead>\n<tr>\n<th id=\"pageHeader\" colspan=\"100\">\n<h3 id=\"reportHeader\"><span id=\"reportTitle\">Lista startowa klasy OPEN<\/span><\/h3>\n<\/th>\n<\/tr>\n<tr>\n<th>Yacht Name<\/th>\n<th>Sail No<\/th>\n<th>Type<\/th>\n<th>Skipper<\/th>\n<th>Class<\/th>\n<th>Division<\/th>\n<th>CDL<\/th>\n<th>GPH<\/th>\n<th>LOA<\/th>\n<\/tr>\n<\/thead>\n<tbody>\n<tr>\n<td class=\"col_YachtName\">FIDOO<\/td>\n<td class=\"col_SailNo\">POL 16768<\/td>\n<td class=\"col_YClass\">MINI 650<\/td>\n<td class=\"col_Skipper\">WRO\u0143SKI Marcin<\/td>\n<td class=\"col_ClassId\">OPEN<\/td>\n<td class=\"col_DivId\"><\/td>\n<td class=\"col_CDL\"><\/td>\n<td class=\"col_GPH\"><\/td>\n<td class=\"col_LOA\">6,500<\/td>\n<\/tr>\n<tr>\n<td class=\"col_YachtName\">SCORPIO<\/td>\n<td class=\"col_SailNo\">POL 391<\/td>\n<td class=\"col_YClass\">BAVARIA 37<\/td>\n<td class=\"col_Skipper\">SCHULFER Miros\u0142aw<\/td>\n<td class=\"col_ClassId\">OPEN<\/td>\n<td class=\"col_DivId\"><\/td>\n<td class=\"col_CDL\"><\/td>\n<td class=\"col_GPH\"><\/td>\n<td class=\"col_LOA\">10,900<\/td>\n<\/tr>\n<tr>\n<td class=\"col_YachtName\">OCEAN 650<\/td>\n<td class=\"col_SailNo\">POL 790<\/td>\n<td class=\"col_YClass\">MINI 650<\/td>\n<td class=\"col_Skipper\">KRZESI\u0143SKI Maciej<\/td>\n<td class=\"col_ClassId\">OPEN<\/td>\n<td class=\"col_DivId\"><\/td>\n<td class=\"col_CDL\"><\/td>\n<td class=\"col_GPH\"><\/td>\n<td class=\"col_LOA\">6,500<\/td>\n<\/tr>\n<tr>\n<td class=\"col_YachtName\">AMARIS<\/td>\n<td class=\"col_SailNo\">POL 6918<\/td>\n<td class=\"col_YClass\">BIRDIE 24<\/td>\n<td class=\"col_Skipper\">BRUDNICKI Micha\u0142<\/td>\n<td class=\"col_ClassId\">OPEN<\/td>\n<td class=\"col_DivId\"><\/td>\n<td class=\"col_CDL\"><\/td>\n<td class=\"col_GPH\"><\/td>\n<td class=\"col_LOA\">7,300<\/td>\n<\/tr>\n<\/tbody>\n<\/table>\n<p>&nbsp;<\/p>\n<div class=\"su-button-center\"><a href=\"https:\/\/jkmgryf.pl\/en\/aktualnosci\/wydarzenia\/xxviii-regaty-samotnikow-w-2018-roku\/\" class=\"su-button su-button-style-flat\" style=\"color:#FFFFFF;background-color:#109fd3;border-color:#0d80a9;border-radius:0px\" target=\"_self\"><span style=\"color:#FFFFFF;padding:0px 22px;font-size:17px;line-height:34px;border-color:#58bce1;border-radius:0px;text-shadow:0px 0px 0px #ffffff\"> back<\/span><\/a><\/div>","protected":false},"excerpt":{"rendered":"<p>&nbsp; Lista startowa klasy ORC Yacht Name Sail No Type Skipper Class Division CDL GPH LOA Good Speed POL 14000 Dufour 34 TRZCI\u0143SKI \u0141ukasz ORC MP 8,304 711,5 10,300 Busy Lizzy POL-15946 FAURBY 999 MARJA\u0143SKI Kuba ORC MP 6,939 754,9 10,100 Polled 2 POL 12262 Cobra 33 CHABOWSKI Jacek ORC MP 8,623 681,7 9,998 Zena<br \/><a class=\"moretag\" href=\"https:\/\/jkmgryf.pl\/en\/aktualnosci\/wydarzenia\/xxviii-regaty-samotnikow-w-2018-roku\/teliga2018_lista_startowa\/\">+ Read More<\/a><\/p>","protected":false},"author":1,"featured_media":1662,"parent":864,"menu_order":0,"comment_status":"closed","ping_status":"closed","template":"templates\/page-fullwidth_template.php","meta":{"footnotes":""},"class_list":["post-866","page","type-page","status-publish","has-post-thumbnail","hentry"],"yoast_head":"<!-- This site is optimized with the Yoast SEO plugin v27.6 - https:\/\/yoast.com\/product\/yoast-seo-wordpress\/ -->\n<title>XXVIII REGATY \u201eSAMOTNIK\u00d3W\u201d MEMORIA\u0141 im. LEONIDA TELIGI | JKM GRYF<\/title>\n<meta name=\"description\" content=\"Klub z tradycjami za\u0142o\u017cony w 1928 roku\" \/>\n<meta name=\"robots\" content=\"index, follow, max-snippet:-1, max-image-preview:large, max-video-preview:-1\" \/>\n<link rel=\"canonical\" href=\"https:\/\/jkmgryf.pl\/en\/aktualnosci\/wydarzenia\/xxviii-regaty-samotnikow-w-2018-roku\/teliga2018_lista_startowa\/\" \/>\n<meta property=\"og:locale\" content=\"en_GB\" \/>\n<meta property=\"og:type\" content=\"article\" \/>\n<meta property=\"og:title\" content=\"XXVIII REGATY \u201eSAMOTNIK\u00d3W\u201d MEMORIA\u0141 im. LEONIDA TELIGI | JKM GRYF\" \/>\n<meta property=\"og:description\" content=\"Klub z tradycjami za\u0142o\u017cony w 1928 roku\" \/>\n<meta property=\"og:url\" content=\"https:\/\/jkmgryf.pl\/en\/aktualnosci\/wydarzenia\/xxviii-regaty-samotnikow-w-2018-roku\/teliga2018_lista_startowa\/\" \/>\n<meta property=\"og:site_name\" content=\"JKM GRYF\" \/>\n<meta property=\"article:modified_time\" content=\"2018-10-22T21:26:50+00:00\" \/>\n<meta property=\"og:image\" content=\"https:\/\/jkmgryf.pl\/wp-content\/uploads\/2018\/10\/regaty_1903x309p2.jpg\" \/>\n\t<meta property=\"og:image:width\" content=\"1903\" \/>\n\t<meta property=\"og:image:height\" content=\"309\" \/>\n\t<meta property=\"og:image:type\" content=\"image\/jpeg\" \/>\n<meta name=\"twitter:card\" content=\"summary_large_image\" \/>\n<meta name=\"twitter:label1\" content=\"Estimated reading time\" \/>\n\t<meta name=\"twitter:data1\" content=\"1 minute\" \/>\n<script type=\"application\/ld+json\" class=\"yoast-schema-graph\">{\"@context\":\"https:\\\/\\\/schema.org\",\"@graph\":[{\"@type\":\"WebPage\",\"@id\":\"https:\\\/\\\/jkmgryf.pl\\\/en\\\/aktualnosci\\\/wydarzenia\\\/xxviii-regaty-samotnikow-w-2018-roku\\\/teliga2018_lista_startowa\\\/\",\"url\":\"https:\\\/\\\/jkmgryf.pl\\\/en\\\/aktualnosci\\\/wydarzenia\\\/xxviii-regaty-samotnikow-w-2018-roku\\\/teliga2018_lista_startowa\\\/\",\"name\":\"XXVIII REGATY \u201eSAMOTNIK\u00d3W\u201d MEMORIA\u0141 im. LEONIDA TELIGI | JKM GRYF\",\"isPartOf\":{\"@id\":\"https:\\\/\\\/jkmgryf.pl\\\/#website\"},\"primaryImageOfPage\":{\"@id\":\"https:\\\/\\\/jkmgryf.pl\\\/en\\\/aktualnosci\\\/wydarzenia\\\/xxviii-regaty-samotnikow-w-2018-roku\\\/teliga2018_lista_startowa\\\/#primaryimage\"},\"image\":{\"@id\":\"https:\\\/\\\/jkmgryf.pl\\\/en\\\/aktualnosci\\\/wydarzenia\\\/xxviii-regaty-samotnikow-w-2018-roku\\\/teliga2018_lista_startowa\\\/#primaryimage\"},\"thumbnailUrl\":\"https:\\\/\\\/jkmgryf.pl\\\/wp-content\\\/uploads\\\/2018\\\/10\\\/regaty_1903x309p2.jpg\",\"datePublished\":\"2018-09-03T16:59:11+00:00\",\"dateModified\":\"2018-10-22T21:26:50+00:00\",\"description\":\"Klub z tradycjami za\u0142o\u017cony w 1928 roku\",\"breadcrumb\":{\"@id\":\"https:\\\/\\\/jkmgryf.pl\\\/en\\\/aktualnosci\\\/wydarzenia\\\/xxviii-regaty-samotnikow-w-2018-roku\\\/teliga2018_lista_startowa\\\/#breadcrumb\"},\"inLanguage\":\"en-GB\",\"potentialAction\":[{\"@type\":\"ReadAction\",\"target\":[\"https:\\\/\\\/jkmgryf.pl\\\/en\\\/aktualnosci\\\/wydarzenia\\\/xxviii-regaty-samotnikow-w-2018-roku\\\/teliga2018_lista_startowa\\\/\"]}]},{\"@type\":\"ImageObject\",\"inLanguage\":\"en-GB\",\"@id\":\"https:\\\/\\\/jkmgryf.pl\\\/en\\\/aktualnosci\\\/wydarzenia\\\/xxviii-regaty-samotnikow-w-2018-roku\\\/teliga2018_lista_startowa\\\/#primaryimage\",\"url\":\"https:\\\/\\\/jkmgryf.pl\\\/wp-content\\\/uploads\\\/2018\\\/10\\\/regaty_1903x309p2.jpg\",\"contentUrl\":\"https:\\\/\\\/jkmgryf.pl\\\/wp-content\\\/uploads\\\/2018\\\/10\\\/regaty_1903x309p2.jpg\",\"width\":1903,\"height\":309},{\"@type\":\"BreadcrumbList\",\"@id\":\"https:\\\/\\\/jkmgryf.pl\\\/en\\\/aktualnosci\\\/wydarzenia\\\/xxviii-regaty-samotnikow-w-2018-roku\\\/teliga2018_lista_startowa\\\/#breadcrumb\",\"itemListElement\":[{\"@type\":\"ListItem\",\"position\":1,\"name\":\"Strona g\u0142\u00f3wna\",\"item\":\"https:\\\/\\\/jkmgryf.pl\\\/\"},{\"@type\":\"ListItem\",\"position\":2,\"name\":\"Aktualno\u015bci\",\"item\":\"https:\\\/\\\/jkmgryf.pl\\\/aktualnosci\\\/\"},{\"@type\":\"ListItem\",\"position\":3,\"name\":\"wydarzenia\",\"item\":\"https:\\\/\\\/jkmgryf.pl\\\/aktualnosci\\\/wydarzenia\\\/\"},{\"@type\":\"ListItem\",\"position\":4,\"name\":\"XXVIII Regaty Samotnik\u00f3w, Memoria\u0142 L. Teligi w 2018 roku\",\"item\":\"https:\\\/\\\/jkmgryf.pl\\\/aktualnosci\\\/wydarzenia\\\/xxviii-regaty-samotnikow-w-2018-roku\\\/\"},{\"@type\":\"ListItem\",\"position\":5,\"name\":\"XXVIII REGATY \u201eSAMOTNIK\u00d3W\u201d MEMORIA\u0141 im. LEONIDA TELIGI\"}]},{\"@type\":\"WebSite\",\"@id\":\"https:\\\/\\\/jkmgryf.pl\\\/#website\",\"url\":\"https:\\\/\\\/jkmgryf.pl\\\/\",\"name\":\"JKM GRYF\",\"description\":\"\",\"publisher\":{\"@id\":\"https:\\\/\\\/jkmgryf.pl\\\/#organization\"},\"potentialAction\":[{\"@type\":\"SearchAction\",\"target\":{\"@type\":\"EntryPoint\",\"urlTemplate\":\"https:\\\/\\\/jkmgryf.pl\\\/?s={search_term_string}\"},\"query-input\":{\"@type\":\"PropertyValueSpecification\",\"valueRequired\":true,\"valueName\":\"search_term_string\"}}],\"inLanguage\":\"en-GB\"},{\"@type\":\"Organization\",\"@id\":\"https:\\\/\\\/jkmgryf.pl\\\/#organization\",\"name\":\"JKM Gryf\",\"url\":\"https:\\\/\\\/jkmgryf.pl\\\/\",\"logo\":{\"@type\":\"ImageObject\",\"inLanguage\":\"en-GB\",\"@id\":\"https:\\\/\\\/jkmgryf.pl\\\/#\\\/schema\\\/logo\\\/image\\\/\",\"url\":\"https:\\\/\\\/jkmgryf.pl\\\/wp-content\\\/uploads\\\/2018\\\/10\\\/logo_klasyczne.png\",\"contentUrl\":\"https:\\\/\\\/jkmgryf.pl\\\/wp-content\\\/uploads\\\/2018\\\/10\\\/logo_klasyczne.png\",\"width\":161,\"height\":160,\"caption\":\"JKM Gryf\"},\"image\":{\"@id\":\"https:\\\/\\\/jkmgryf.pl\\\/#\\\/schema\\\/logo\\\/image\\\/\"}}]}<\/script>\n<!-- \/ Yoast SEO plugin. -->","yoast_head_json":{"title":"XXVIII REGATY \u201eSAMOTNIK\u00d3W\u201d MEMORIA\u0141 im. LEONIDA TELIGI | JKM GRYF","description":"Club with traditions founded in 1928","robots":{"index":"index","follow":"follow","max-snippet":"max-snippet:-1","max-image-preview":"max-image-preview:large","max-video-preview":"max-video-preview:-1"},"canonical":"https:\/\/jkmgryf.pl\/en\/aktualnosci\/wydarzenia\/xxviii-regaty-samotnikow-w-2018-roku\/teliga2018_lista_startowa\/","og_locale":"en_GB","og_type":"article","og_title":"XXVIII REGATY \u201eSAMOTNIK\u00d3W\u201d MEMORIA\u0141 im. LEONIDA TELIGI | JKM GRYF","og_description":"Klub z tradycjami za\u0142o\u017cony w 1928 roku","og_url":"https:\/\/jkmgryf.pl\/en\/aktualnosci\/wydarzenia\/xxviii-regaty-samotnikow-w-2018-roku\/teliga2018_lista_startowa\/","og_site_name":"JKM GRYF","article_modified_time":"2018-10-22T21:26:50+00:00","og_image":[{"width":1903,"height":309,"url":"https:\/\/jkmgryf.pl\/wp-content\/uploads\/2018\/10\/regaty_1903x309p2.jpg","type":"image\/jpeg"}],"twitter_card":"summary_large_image","twitter_misc":{"Estimated reading time":"1 minute"},"schema":{"@context":"https:\/\/schema.org","@graph":[{"@type":"WebPage","@id":"https:\/\/jkmgryf.pl\/en\/aktualnosci\/wydarzenia\/xxviii-regaty-samotnikow-w-2018-roku\/teliga2018_lista_startowa\/","url":"https:\/\/jkmgryf.pl\/en\/aktualnosci\/wydarzenia\/xxviii-regaty-samotnikow-w-2018-roku\/teliga2018_lista_startowa\/","name":"XXVIII REGATY \u201eSAMOTNIK\u00d3W\u201d MEMORIA\u0141 im. LEONIDA TELIGI | JKM GRYF","isPartOf":{"@id":"https:\/\/jkmgryf.pl\/#website"},"primaryImageOfPage":{"@id":"https:\/\/jkmgryf.pl\/en\/aktualnosci\/wydarzenia\/xxviii-regaty-samotnikow-w-2018-roku\/teliga2018_lista_startowa\/#primaryimage"},"image":{"@id":"https:\/\/jkmgryf.pl\/en\/aktualnosci\/wydarzenia\/xxviii-regaty-samotnikow-w-2018-roku\/teliga2018_lista_startowa\/#primaryimage"},"thumbnailUrl":"https:\/\/jkmgryf.pl\/wp-content\/uploads\/2018\/10\/regaty_1903x309p2.jpg","datePublished":"2018-09-03T16:59:11+00:00","dateModified":"2018-10-22T21:26:50+00:00","description":"Club with traditions founded in 1928","breadcrumb":{"@id":"https:\/\/jkmgryf.pl\/en\/aktualnosci\/wydarzenia\/xxviii-regaty-samotnikow-w-2018-roku\/teliga2018_lista_startowa\/#breadcrumb"},"inLanguage":"en-GB","potentialAction":[{"@type":"ReadAction","target":["https:\/\/jkmgryf.pl\/en\/aktualnosci\/wydarzenia\/xxviii-regaty-samotnikow-w-2018-roku\/teliga2018_lista_startowa\/"]}]},{"@type":"ImageObject","inLanguage":"en-GB","@id":"https:\/\/jkmgryf.pl\/en\/aktualnosci\/wydarzenia\/xxviii-regaty-samotnikow-w-2018-roku\/teliga2018_lista_startowa\/#primaryimage","url":"https:\/\/jkmgryf.pl\/wp-content\/uploads\/2018\/10\/regaty_1903x309p2.jpg","contentUrl":"https:\/\/jkmgryf.pl\/wp-content\/uploads\/2018\/10\/regaty_1903x309p2.jpg","width":1903,"height":309},{"@type":"BreadcrumbList","@id":"https:\/\/jkmgryf.pl\/en\/aktualnosci\/wydarzenia\/xxviii-regaty-samotnikow-w-2018-roku\/teliga2018_lista_startowa\/#breadcrumb","itemListElement":[{"@type":"ListItem","position":1,"name":"Strona g\u0142\u00f3wna","item":"https:\/\/jkmgryf.pl\/"},{"@type":"ListItem","position":2,"name":"Aktualno\u015bci","item":"https:\/\/jkmgryf.pl\/aktualnosci\/"},{"@type":"ListItem","position":3,"name":"wydarzenia","item":"https:\/\/jkmgryf.pl\/aktualnosci\/wydarzenia\/"},{"@type":"ListItem","position":4,"name":"XXVIII Regaty Samotnik\u00f3w, Memoria\u0142 L. Teligi w 2018 roku","item":"https:\/\/jkmgryf.pl\/aktualnosci\/wydarzenia\/xxviii-regaty-samotnikow-w-2018-roku\/"},{"@type":"ListItem","position":5,"name":"XXVIII REGATY \u201eSAMOTNIK\u00d3W\u201d MEMORIA\u0141 im. LEONIDA TELIGI"}]},{"@type":"WebSite","@id":"https:\/\/jkmgryf.pl\/#website","url":"https:\/\/jkmgryf.pl\/","name":"JKM GRYF","description":"","publisher":{"@id":"https:\/\/jkmgryf.pl\/#organization"},"potentialAction":[{"@type":"SearchAction","target":{"@type":"EntryPoint","urlTemplate":"https:\/\/jkmgryf.pl\/?s={search_term_string}"},"query-input":{"@type":"PropertyValueSpecification","valueRequired":true,"valueName":"search_term_string"}}],"inLanguage":"en-GB"},{"@type":"Organization","@id":"https:\/\/jkmgryf.pl\/#organization","name":"JKM Gryf","url":"https:\/\/jkmgryf.pl\/","logo":{"@type":"ImageObject","inLanguage":"en-GB","@id":"https:\/\/jkmgryf.pl\/#\/schema\/logo\/image\/","url":"https:\/\/jkmgryf.pl\/wp-content\/uploads\/2018\/10\/logo_klasyczne.png","contentUrl":"https:\/\/jkmgryf.pl\/wp-content\/uploads\/2018\/10\/logo_klasyczne.png","width":161,"height":160,"caption":"JKM Gryf"},"image":{"@id":"https:\/\/jkmgryf.pl\/#\/schema\/logo\/image\/"}}]}},"_links":{"self":[{"href":"https:\/\/jkmgryf.pl\/en\/wp-json\/wp\/v2\/pages\/866","targetHints":{"allow":["GET"]}}],"collection":[{"href":"https:\/\/jkmgryf.pl\/en\/wp-json\/wp\/v2\/pages"}],"about":[{"href":"https:\/\/jkmgryf.pl\/en\/wp-json\/wp\/v2\/types\/page"}],"author":[{"embeddable":true,"href":"https:\/\/jkmgryf.pl\/en\/wp-json\/wp\/v2\/users\/1"}],"replies":[{"embeddable":true,"href":"https:\/\/jkmgryf.pl\/en\/wp-json\/wp\/v2\/comments?post=866"}],"version-history":[{"count":11,"href":"https:\/\/jkmgryf.pl\/en\/wp-json\/wp\/v2\/pages\/866\/revisions"}],"predecessor-version":[{"id":2475,"href":"https:\/\/jkmgryf.pl\/en\/wp-json\/wp\/v2\/pages\/866\/revisions\/2475"}],"up":[{"embeddable":true,"href":"https:\/\/jkmgryf.pl\/en\/wp-json\/wp\/v2\/pages\/864"}],"wp:featuredmedia":[{"embeddable":true,"href":"https:\/\/jkmgryf.pl\/en\/wp-json\/wp\/v2\/media\/1662"}],"wp:attachment":[{"href":"https:\/\/jkmgryf.pl\/en\/wp-json\/wp\/v2\/media?parent=866"}],"curies":[{"name":"wp","href":"https:\/\/api.w.org\/{rel}","templated":true}]}}