{"id":3366,"date":"2019-06-18T22:14:24","date_gmt":"2019-06-18T20:14:24","guid":{"rendered":"https:\/\/jkmgryf.pl\/?page_id=3366"},"modified":"2020-02-02T01:31:28","modified_gmt":"2020-02-01T23:31:28","slug":"zgloszenie-do-regat-gwg","status":"publish","type":"page","link":"https:\/\/jkmgryf.pl\/en\/zgloszenie-do-regat-gwg\/","title":{"rendered":"Zg\u0142oszenie do Regat GWG (entry form)"},"content":{"rendered":"<div class=\"wpcf7 no-js\" id=\"wpcf7-f2733-o1\" lang=\"pl-PL\" dir=\"ltr\" data-wpcf7-id=\"2733\">\n<div class=\"screen-reader-response\"><p role=\"status\" aria-live=\"polite\" aria-atomic=\"true\"><\/p> <ul><\/ul><\/div>\n<form action=\"\/en\/wp-json\/wp\/v2\/pages\/3366#wpcf7-f2733-o1\" method=\"post\" class=\"wpcf7-form init\" aria-label=\"Formularz kontaktowy\" novalidate=\"novalidate\" data-status=\"init\" data-trp-original-action=\"\/en\/wp-json\/wp\/v2\/pages\/3366#wpcf7-f2733-o1\">\n<fieldset class=\"hidden-fields-container\"><input type=\"hidden\" name=\"_wpcf7\" value=\"2733\" \/><input type=\"hidden\" name=\"_wpcf7_version\" value=\"6.1.5\" \/><input type=\"hidden\" name=\"_wpcf7_locale\" value=\"pl_PL\" \/><input type=\"hidden\" name=\"_wpcf7_unit_tag\" value=\"wpcf7-f2733-o1\" \/><input type=\"hidden\" name=\"_wpcf7_container_post\" value=\"0\" \/><input type=\"hidden\" name=\"_wpcf7_posted_data_hash\" value=\"\" \/>\n<\/fieldset>\n<center>\n\t<p><b><i>Prosimy o wype\u0142nienie wszystkich p\u00f3l<br \/>\nFill all the fields, please<\/i><\/b>\n\t<\/p>\n\t<p><label>Imi\u0119 i nazwisko zg\u0142aszaj\u0105cego (your name and surname)<br \/>\n<span class=\"wpcf7-form-control-wrap\" data-name=\"your-name\"><input size=\"40\" maxlength=\"400\" class=\"wpcf7-form-control wpcf7-text wpcf7-validates-as-required\" aria-required=\"true\" aria-invalid=\"false\" value=\"\" type=\"text\" name=\"your-name\" \/><\/span> <\/label>\n\t<\/p>\n\t<p><label>Adres e-mail (your e-mail)<br \/>\n<span class=\"wpcf7-form-control-wrap\" data-name=\"your-email\"><input size=\"40\" maxlength=\"400\" class=\"wpcf7-form-control wpcf7-email wpcf7-validates-as-required wpcf7-text wpcf7-validates-as-email\" aria-required=\"true\" aria-invalid=\"false\" value=\"\" type=\"email\" name=\"your-email\" \/><\/span> <\/label>\n\t<\/p>\n\t<p><label>Telefon (mobile)<br \/>\n<span class=\"wpcf7-form-control-wrap\" data-name=\"telefon\"><input size=\"40\" maxlength=\"400\" class=\"wpcf7-form-control wpcf7-tel wpcf7-validates-as-required wpcf7-text wpcf7-validates-as-tel tel\" id=\"tel\" aria-required=\"true\" aria-invalid=\"false\" value=\"\" type=\"tel\" name=\"telefon\" \/><\/span><\/label>\n\t<\/p>\n\t<p>Klasa (Class)<br \/>\n<span class=\"wpcf7-form-control-wrap\" data-name=\"klasa\"><span class=\"wpcf7-form-control wpcf7-checkbox wpcf7-validates-as-required wpcf7-exclusive-checkbox klasa\" id=\"klasa\"><span class=\"wpcf7-list-item first\"><input type=\"checkbox\" name=\"klasa\" value=\"ORC\" \/><span class=\"wpcf7-list-item-label\">ORC<\/span><\/span><span class=\"wpcf7-list-item\"><input type=\"checkbox\" name=\"klasa\" value=\"KWR\" \/><span class=\"wpcf7-list-item-label\">KWR<\/span><\/span><span class=\"wpcf7-list-item\"><input type=\"checkbox\" name=\"klasa\" value=\"KWR uznaniowe\" \/><span class=\"wpcf7-list-item-label\">KWR uznaniowe<\/span><\/span><span class=\"wpcf7-list-item last\"><input type=\"checkbox\" name=\"klasa\" value=\"OPEN\" \/><span class=\"wpcf7-list-item-label\">OPEN<\/span><\/span><\/span><\/span>\n\t<\/p>\n\t<p><label>Skipper (imi\u0119 i nazwisko, name and surname)<br \/>\n<span class=\"wpcf7-form-control-wrap\" data-name=\"skipper\"><input size=\"40\" maxlength=\"400\" class=\"wpcf7-form-control wpcf7-text wpcf7-validates-as-required skipper\" id=\"skipper\" aria-required=\"true\" aria-invalid=\"false\" value=\"\" type=\"text\" name=\"skipper\" \/><\/span><\/label>\n\t<\/p>\n\t<p><label>Nazwa jachtu (boat name)<br \/>\n<span class=\"wpcf7-form-control-wrap\" data-name=\"nazwajachtu\"><input size=\"40\" maxlength=\"400\" class=\"wpcf7-form-control wpcf7-text wpcf7-validates-as-required jacht\" id=\"jacht\" aria-required=\"true\" aria-invalid=\"false\" value=\"\" type=\"text\" name=\"nazwajachtu\" \/><\/span><\/label>\n\t<\/p>\n\t<p><label>Numer na \u017caglu (Sail No)<br \/>\n<span class=\"wpcf7-form-control-wrap\" data-name=\"numernazaglu\"><input size=\"40\" maxlength=\"400\" class=\"wpcf7-form-control wpcf7-text wpcf7-validates-as-required zagiel\" id=\"zagiel\" aria-required=\"true\" aria-invalid=\"false\" value=\"\" type=\"text\" name=\"numernazaglu\" \/><\/span><\/label>\n\t<\/p>\n\t<p><label>Typ\/model jachtu (type)<br \/>\n<span class=\"wpcf7-form-control-wrap\" data-name=\"typ\"><input size=\"40\" maxlength=\"400\" class=\"wpcf7-form-control wpcf7-text wpcf7-validates-as-required typ\" id=\"typ\" aria-required=\"true\" aria-invalid=\"false\" value=\"\" type=\"text\" name=\"typ\" \/><\/span><\/label>\n\t<\/p>\n\t<p><label>Klub (Club)<br \/>\n<span class=\"wpcf7-form-control-wrap\" data-name=\"klub\"><input size=\"40\" maxlength=\"400\" class=\"wpcf7-form-control wpcf7-text klub\" id=\"klub\" aria-invalid=\"false\" value=\"\" type=\"text\" name=\"klub\" \/><\/span><\/label>\n\t<\/p>\n\t<p><label>D\u0142ugo\u015b\u0107 jachtu (LOA) (metry, meters)<br \/>\n<span class=\"wpcf7-form-control-wrap\" data-name=\"Dlugoscjachtu\"><input size=\"40\" maxlength=\"400\" class=\"wpcf7-form-control wpcf7-text wpcf7-validates-as-required dlugosc\" id=\"Dlugoscjachtu\" aria-required=\"true\" aria-invalid=\"false\" value=\"\" type=\"text\" name=\"Dlugoscjachtu\" \/><\/span><\/label>\n\t<\/p>\n\t<p><label>Kolor kad\u0142uba (hull colour)<br \/>\n<span class=\"wpcf7-form-control-wrap\" data-name=\"kolorkadluba\"><input size=\"40\" maxlength=\"400\" class=\"wpcf7-form-control wpcf7-text wpcf7-validates-as-required kolor\" id=\"kolorkaduba\" aria-required=\"true\" aria-invalid=\"false\" value=\"\" type=\"text\" name=\"kolorkadluba\" \/><\/span><\/label>\n\t<\/p>\n\t<p><label>Numer MMSI (MMSI No)<br \/>\n<span class=\"wpcf7-form-control-wrap\" data-name=\"numerMMSI\"><input size=\"40\" maxlength=\"400\" class=\"wpcf7-form-control wpcf7-text wpcf7-validates-as-required MMSI\" id=\"numerMMSI\" aria-required=\"true\" aria-invalid=\"false\" value=\"\" type=\"text\" name=\"numerMMSI\" \/><\/span><\/label>\n\t<\/p>\n\t<p>Dokument p\u0142atno\u015bci (Payment document)<br \/>\n<span class=\"wpcf7-form-control-wrap\" data-name=\"dokplatnosci\"><span class=\"wpcf7-form-control wpcf7-checkbox wpcf7-validates-as-required wpcf7-exclusive-checkbox dokplatnosci\" id=\"dokplatnosci\"><span class=\"wpcf7-list-item first\"><input type=\"checkbox\" name=\"dokplatnosci\" value=\"Paragon\" \/><span class=\"wpcf7-list-item-label\">Paragon<\/span><\/span><span class=\"wpcf7-list-item last\"><input type=\"checkbox\" name=\"dokplatnosci\" value=\"Faktura VAT\" \/><span class=\"wpcf7-list-item-label\">Faktura VAT<\/span><\/span><\/span><\/span>\n\t<\/p>\n\t<p><label>Dane do faktury (Data for invoice)<br \/>\n<span class=\"wpcf7-form-control-wrap\" data-name=\"danefaktury\"><textarea cols=\"40\" rows=\"10\" maxlength=\"200\" class=\"wpcf7-form-control wpcf7-textarea danefaktury\" id=\"danefaktury\" aria-invalid=\"false\" name=\"danefaktury\"><\/textarea><\/span><\/label>\n\t<\/p>\n\t<p><b>Na adres emailowy (je\u017celi zosta\u0142 poprawnie podany) zostanie wys\u0142ane potwierdzenie zg\u0142oszenia. Gdy tak si\u0119 nie stanie, nale\u017cy ponowi\u0107 zg\u0142oszenie lub skontaktowa\u0107 si\u0119 z klubem.<br \/>\nConfirmation of notification will be sent to the e-mail address (if it was provided correctly). If this does not happen, please register again or contact the club.<\/b>\n\t<\/p>\n\t<p><input class=\"wpcf7-form-control wpcf7-submit has-spinner\" type=\"submit\" value=\"Wy\u015blij (send)\" \/>\n\t<\/p>\n<\/center><div class=\"wpcf7-response-output\" aria-hidden=\"true\"><\/div>\n<input type=\"hidden\" name=\"trp-form-language\" value=\"en\"\/><\/form>\n<\/div>\n\n\n\n\n<p class=\"has-text-align-center\"><a href=\"https:\/\/jkmgryf.pl\/en\/zgloszenie-do-regat-samotnikow\/\">Zapraszamy do zg\u0142oszenia tak\u017ce na Regaty Samotnik\u00f3w.<\/a><\/p>","protected":false},"excerpt":{"rendered":"<p>Zapraszamy do zg\u0142oszenia tak\u017ce na Regaty Samotnik\u00f3w.<\/p>","protected":false},"author":3,"featured_media":0,"parent":0,"menu_order":0,"comment_status":"closed","ping_status":"closed","template":"templates\/page-fullwidth_template.php","meta":{"footnotes":""},"class_list":["post-3366","page","type-page","status-publish","hentry"],"yoast_head":"<!-- This site is optimized with the Yoast SEO plugin v27.6 - https:\/\/yoast.com\/product\/yoast-seo-wordpress\/ -->\n<title>Zg\u0142oszenie do Regat GWG (entry form) | JKM GRYF<\/title>\n<meta name=\"description\" content=\"Klub z tradycjami za\u0142o\u017cony w 1928 roku\" \/>\n<meta name=\"robots\" content=\"index, follow, max-snippet:-1, max-image-preview:large, max-video-preview:-1\" \/>\n<link rel=\"canonical\" href=\"https:\/\/jkmgryf.pl\/en\/zgloszenie-do-regat-gwg\/\" \/>\n<meta property=\"og:locale\" content=\"en_GB\" \/>\n<meta property=\"og:type\" content=\"article\" \/>\n<meta property=\"og:title\" content=\"Zg\u0142oszenie do Regat GWG (entry form) | JKM GRYF\" \/>\n<meta property=\"og:description\" content=\"Klub z tradycjami za\u0142o\u017cony w 1928 roku\" \/>\n<meta property=\"og:url\" content=\"https:\/\/jkmgryf.pl\/en\/zgloszenie-do-regat-gwg\/\" \/>\n<meta property=\"og:site_name\" content=\"JKM GRYF\" \/>\n<meta property=\"article:modified_time\" content=\"2020-02-01T23:31:28+00:00\" \/>\n<meta name=\"twitter:card\" content=\"summary_large_image\" \/>\n<script type=\"application\/ld+json\" class=\"yoast-schema-graph\">{\"@context\":\"https:\\\/\\\/schema.org\",\"@graph\":[{\"@type\":\"WebPage\",\"@id\":\"https:\\\/\\\/jkmgryf.pl\\\/zgloszenie-do-regat-gwg\\\/\",\"url\":\"https:\\\/\\\/jkmgryf.pl\\\/zgloszenie-do-regat-gwg\\\/\",\"name\":\"Zg\u0142oszenie do Regat GWG (entry form) | JKM GRYF\",\"isPartOf\":{\"@id\":\"https:\\\/\\\/jkmgryf.pl\\\/#website\"},\"datePublished\":\"2019-06-18T20:14:24+00:00\",\"dateModified\":\"2020-02-01T23:31:28+00:00\",\"description\":\"Klub z tradycjami za\u0142o\u017cony w 1928 roku\",\"breadcrumb\":{\"@id\":\"https:\\\/\\\/jkmgryf.pl\\\/zgloszenie-do-regat-gwg\\\/#breadcrumb\"},\"inLanguage\":\"en-GB\",\"potentialAction\":[{\"@type\":\"ReadAction\",\"target\":[\"https:\\\/\\\/jkmgryf.pl\\\/zgloszenie-do-regat-gwg\\\/\"]}]},{\"@type\":\"BreadcrumbList\",\"@id\":\"https:\\\/\\\/jkmgryf.pl\\\/zgloszenie-do-regat-gwg\\\/#breadcrumb\",\"itemListElement\":[{\"@type\":\"ListItem\",\"position\":1,\"name\":\"Strona g\u0142\u00f3wna\",\"item\":\"https:\\\/\\\/jkmgryf.pl\\\/\"},{\"@type\":\"ListItem\",\"position\":2,\"name\":\"Zg\u0142oszenie do Regat GWG (entry form)\"}]},{\"@type\":\"WebSite\",\"@id\":\"https:\\\/\\\/jkmgryf.pl\\\/#website\",\"url\":\"https:\\\/\\\/jkmgryf.pl\\\/\",\"name\":\"JKM GRYF\",\"description\":\"\",\"publisher\":{\"@id\":\"https:\\\/\\\/jkmgryf.pl\\\/#organization\"},\"potentialAction\":[{\"@type\":\"SearchAction\",\"target\":{\"@type\":\"EntryPoint\",\"urlTemplate\":\"https:\\\/\\\/jkmgryf.pl\\\/?s={search_term_string}\"},\"query-input\":{\"@type\":\"PropertyValueSpecification\",\"valueRequired\":true,\"valueName\":\"search_term_string\"}}],\"inLanguage\":\"en-GB\"},{\"@type\":\"Organization\",\"@id\":\"https:\\\/\\\/jkmgryf.pl\\\/#organization\",\"name\":\"JKM Gryf\",\"url\":\"https:\\\/\\\/jkmgryf.pl\\\/\",\"logo\":{\"@type\":\"ImageObject\",\"inLanguage\":\"en-GB\",\"@id\":\"https:\\\/\\\/jkmgryf.pl\\\/#\\\/schema\\\/logo\\\/image\\\/\",\"url\":\"https:\\\/\\\/jkmgryf.pl\\\/wp-content\\\/uploads\\\/2018\\\/10\\\/logo_klasyczne.png\",\"contentUrl\":\"https:\\\/\\\/jkmgryf.pl\\\/wp-content\\\/uploads\\\/2018\\\/10\\\/logo_klasyczne.png\",\"width\":161,\"height\":160,\"caption\":\"JKM Gryf\"},\"image\":{\"@id\":\"https:\\\/\\\/jkmgryf.pl\\\/#\\\/schema\\\/logo\\\/image\\\/\"}}]}<\/script>\n<!-- \/ Yoast SEO plugin. -->","yoast_head_json":{"title":"Zg\u0142oszenie do Regat GWG (entry form) | JKM GRYF","description":"Club with traditions founded in 1928","robots":{"index":"index","follow":"follow","max-snippet":"max-snippet:-1","max-image-preview":"max-image-preview:large","max-video-preview":"max-video-preview:-1"},"canonical":"https:\/\/jkmgryf.pl\/en\/zgloszenie-do-regat-gwg\/","og_locale":"en_GB","og_type":"article","og_title":"Zg\u0142oszenie do Regat GWG (entry form) | JKM GRYF","og_description":"Klub z tradycjami za\u0142o\u017cony w 1928 roku","og_url":"https:\/\/jkmgryf.pl\/en\/zgloszenie-do-regat-gwg\/","og_site_name":"JKM GRYF","article_modified_time":"2020-02-01T23:31:28+00:00","twitter_card":"summary_large_image","schema":{"@context":"https:\/\/schema.org","@graph":[{"@type":"WebPage","@id":"https:\/\/jkmgryf.pl\/zgloszenie-do-regat-gwg\/","url":"https:\/\/jkmgryf.pl\/zgloszenie-do-regat-gwg\/","name":"Zg\u0142oszenie do Regat GWG (entry form) | JKM GRYF","isPartOf":{"@id":"https:\/\/jkmgryf.pl\/#website"},"datePublished":"2019-06-18T20:14:24+00:00","dateModified":"2020-02-01T23:31:28+00:00","description":"Club with traditions founded in 1928","breadcrumb":{"@id":"https:\/\/jkmgryf.pl\/zgloszenie-do-regat-gwg\/#breadcrumb"},"inLanguage":"en-GB","potentialAction":[{"@type":"ReadAction","target":["https:\/\/jkmgryf.pl\/zgloszenie-do-regat-gwg\/"]}]},{"@type":"BreadcrumbList","@id":"https:\/\/jkmgryf.pl\/zgloszenie-do-regat-gwg\/#breadcrumb","itemListElement":[{"@type":"ListItem","position":1,"name":"Strona g\u0142\u00f3wna","item":"https:\/\/jkmgryf.pl\/"},{"@type":"ListItem","position":2,"name":"Zg\u0142oszenie do Regat GWG (entry form)"}]},{"@type":"WebSite","@id":"https:\/\/jkmgryf.pl\/#website","url":"https:\/\/jkmgryf.pl\/","name":"JKM GRYF","description":"","publisher":{"@id":"https:\/\/jkmgryf.pl\/#organization"},"potentialAction":[{"@type":"SearchAction","target":{"@type":"EntryPoint","urlTemplate":"https:\/\/jkmgryf.pl\/?s={search_term_string}"},"query-input":{"@type":"PropertyValueSpecification","valueRequired":true,"valueName":"search_term_string"}}],"inLanguage":"en-GB"},{"@type":"Organization","@id":"https:\/\/jkmgryf.pl\/#organization","name":"JKM Gryf","url":"https:\/\/jkmgryf.pl\/","logo":{"@type":"ImageObject","inLanguage":"en-GB","@id":"https:\/\/jkmgryf.pl\/#\/schema\/logo\/image\/","url":"https:\/\/jkmgryf.pl\/wp-content\/uploads\/2018\/10\/logo_klasyczne.png","contentUrl":"https:\/\/jkmgryf.pl\/wp-content\/uploads\/2018\/10\/logo_klasyczne.png","width":161,"height":160,"caption":"JKM Gryf"},"image":{"@id":"https:\/\/jkmgryf.pl\/#\/schema\/logo\/image\/"}}]}},"_links":{"self":[{"href":"https:\/\/jkmgryf.pl\/en\/wp-json\/wp\/v2\/pages\/3366","targetHints":{"allow":["GET"]}}],"collection":[{"href":"https:\/\/jkmgryf.pl\/en\/wp-json\/wp\/v2\/pages"}],"about":[{"href":"https:\/\/jkmgryf.pl\/en\/wp-json\/wp\/v2\/types\/page"}],"author":[{"embeddable":true,"href":"https:\/\/jkmgryf.pl\/en\/wp-json\/wp\/v2\/users\/3"}],"replies":[{"embeddable":true,"href":"https:\/\/jkmgryf.pl\/en\/wp-json\/wp\/v2\/comments?post=3366"}],"version-history":[{"count":5,"href":"https:\/\/jkmgryf.pl\/en\/wp-json\/wp\/v2\/pages\/3366\/revisions"}],"predecessor-version":[{"id":3798,"href":"https:\/\/jkmgryf.pl\/en\/wp-json\/wp\/v2\/pages\/3366\/revisions\/3798"}],"wp:attachment":[{"href":"https:\/\/jkmgryf.pl\/en\/wp-json\/wp\/v2\/media?parent=3366"}],"curies":[{"name":"wp","href":"https:\/\/api.w.org\/{rel}","templated":true}]}}