{"id":216,"date":"2018-05-15T14:53:00","date_gmt":"2018-05-15T12:53:00","guid":{"rendered":"https:\/\/jkmgryf.pl\/?page_id=216"},"modified":"2025-02-24T14:00:06","modified_gmt":"2025-02-24T12:00:06","slug":"opiekunowie-jachtow","status":"publish","type":"page","link":"https:\/\/jkmgryf.pl\/en\/jachty\/opiekunowie-jachtow\/","title":{"rendered":"Yacht's attendants"},"content":{"rendered":"<p style=\"text-align: center;\">\n<table id=\"tablepress-1\" class=\"tablepress tablepress-id-1\">\n<tbody class=\"row-striping row-hover\">\n<tr class=\"row-1\">\n\t<td class=\"column-1\"><a href=\"https:\/\/jkmgryf.pl\/en\/our-team\/s-y-orion\/\" rel=\"noopener noreferrer\" target=\"_blank\">s\/y Orion<\/a><\/td><td class=\"column-2\">Zbigniew Witbrot<\/td><td class=\"column-3\"><a href=\"tel: 0048513716733\">+48 513 716 733<\/a><\/td>\n<\/tr>\n<tr class=\"row-2\">\n\t<td class=\"column-1\"><a href=\"https:\/\/jkmgryf.pl\/en\/our-team\/s-y-andromeda\/\">s\/y Andromeda<\/a><\/td><td class=\"column-2\">Waldemar Sawa<\/td><td class=\"column-3\">+48 603 072 324<\/td>\n<\/tr>\n<tr class=\"row-3\">\n\t<td class=\"column-1\"><a href=\"https:\/\/jkmgryf.pl\/en\/our-team\/s-y-albatros\/\" rel=\"noopener noreferrer\" target=\"_blank\">s\/y Albatros<\/a><\/td><td class=\"column-2\">Jacek Selega<\/td><td class=\"column-3\"><a href=\"tel:0048667152005\">+48 667 152 005<\/a><\/td>\n<\/tr>\n<tr class=\"row-4\">\n\t<td class=\"column-1\"><a href=\"https:\/\/jkmgryf.pl\/en\/our-team\/s-y-archimedes\/\" rel=\"noopener noreferrer\" target=\"_blank\">s\/y Archimedes<\/a><\/td><td class=\"column-2\"><\/td><td class=\"column-3\"><\/td>\n<\/tr>\n<tr class=\"row-5\">\n\t<td class=\"column-1\"><a href=\"https:\/\/jkmgryf.pl\/en\/our-team\/s-y-tauri\/\" rel=\"noopener noreferrer\" target=\"_blank\">s\/y Tauri<\/a><\/td><td class=\"column-2\">Rafa\u0142 Wolma\u0144ski<\/td><td class=\"column-3\"><a href=\"tel:0048889702012\">+48 889 702 012<\/a><\/td>\n<\/tr>\n<tr class=\"row-6\">\n\t<td class=\"column-1\"><a href=\"https:\/\/jkmgryf.pl\/en\/our-team\/s-y-zefirek\/\" rel=\"noopener noreferrer\" target=\"_blank\">s\/y Zefirek<\/a><\/td><td class=\"column-2\">Andrzej Hoszko<\/td><td class=\"column-3\">+48 696 459 265<\/td>\n<\/tr>\n<tr class=\"row-7\">\n\t<td class=\"column-1\"><a href=\"https:\/\/jkmgryf.pl\/en\/our-team\/s-y-mizar-ii\/\" rel=\"noopener noreferrer\" target=\"_blank\">s\/y Mizar<\/a><\/td><td class=\"column-2\">W\u0142odzimierz Kucharczyk<\/td><td class=\"column-3\"><a href=\"tel:0048609199089\">+48 609 199 089<\/a><\/td>\n<\/tr>\n<tr class=\"row-8\">\n\t<td class=\"column-1\"><a href=\"https:\/\/jkmgryf.pl\/en\/our-team\/m-y-pulsar\/\" rel=\"noopener noreferrer\" target=\"_blank\">m\/y Pulsar<\/a><\/td><td class=\"column-2\">W\u0142adys\u0142aw Spichalski <\/td><td class=\"column-3\"><a href=\"tel:0048692909711\">+48 692 909 711<\/a><\/td>\n<\/tr>\n<tr class=\"row-9\">\n\t<td class=\"column-1\"><a href=\"https:\/\/jkmgryf.pl\/en\/our-team\/m-y-alcor\/\" rel=\"noopener noreferrer\" target=\"_blank\">m\/y Alcor<\/a><\/td><td class=\"column-2\">Piotr Zabawski<\/td><td class=\"column-3\"><a href=\"tel:0048667954082\">+48 667 954 082<\/a><\/td>\n<\/tr>\n<\/tbody>\n<\/table>\n<!-- #tablepress-1 from cache -->\n<p><i>We wszystkich sprawach zwi\u0105zanych bezpo\u015brednio z jachtami, prosimy kontaktowa\u0107 si\u0119 z opiekunem danego jachtu.<\/i><\/p>","protected":false},"excerpt":{"rendered":"<p>We wszystkich sprawach zwi\u0105zanych bezpo\u015brednio z jachtami, prosimy kontaktowa\u0107 si\u0119 z opiekunem danego jachtu.<\/p>","protected":false},"author":1,"featured_media":1655,"parent":202,"menu_order":0,"comment_status":"closed","ping_status":"closed","template":"templates\/page-fullwidth_template.php","meta":{"footnotes":""},"class_list":["post-216","page","type-page","status-publish","has-post-thumbnail","hentry"],"yoast_head":"<!-- This site is optimized with the Yoast SEO plugin v27.6 - https:\/\/yoast.com\/product\/yoast-seo-wordpress\/ -->\n<title>opiekunowie jacht\u00f3w | JKM GRYF<\/title>\n<meta name=\"description\" content=\"Klub z tradycjami za\u0142o\u017cony w 1928 roku\" \/>\n<meta name=\"robots\" content=\"index, follow, max-snippet:-1, max-image-preview:large, max-video-preview:-1\" \/>\n<link rel=\"canonical\" href=\"https:\/\/jkmgryf.pl\/en\/jachty\/opiekunowie-jachtow\/\" \/>\n<meta property=\"og:locale\" content=\"en_GB\" \/>\n<meta property=\"og:type\" content=\"article\" \/>\n<meta property=\"og:title\" content=\"opiekunowie jacht\u00f3w | JKM GRYF\" \/>\n<meta property=\"og:description\" content=\"Klub z tradycjami za\u0142o\u017cony w 1928 roku\" \/>\n<meta property=\"og:url\" content=\"https:\/\/jkmgryf.pl\/en\/jachty\/opiekunowie-jachtow\/\" \/>\n<meta property=\"og:site_name\" content=\"JKM GRYF\" \/>\n<meta property=\"article:modified_time\" content=\"2025-02-24T12:00:06+00:00\" \/>\n<meta property=\"og:image\" content=\"https:\/\/jkmgryf.pl\/wp-content\/uploads\/2018\/10\/fale_light_darker_popr2.jpg\" \/>\n\t<meta property=\"og:image:width\" content=\"1920\" \/>\n\t<meta property=\"og:image:height\" content=\"655\" \/>\n\t<meta property=\"og:image:type\" content=\"image\/jpeg\" \/>\n<meta name=\"twitter:card\" content=\"summary_large_image\" \/>\n<meta name=\"twitter:label1\" content=\"Estimated reading time\" \/>\n\t<meta name=\"twitter:data1\" content=\"1 minute\" \/>\n<script type=\"application\/ld+json\" class=\"yoast-schema-graph\">{\"@context\":\"https:\\\/\\\/schema.org\",\"@graph\":[{\"@type\":\"WebPage\",\"@id\":\"https:\\\/\\\/jkmgryf.pl\\\/jachty\\\/opiekunowie-jachtow\\\/\",\"url\":\"https:\\\/\\\/jkmgryf.pl\\\/jachty\\\/opiekunowie-jachtow\\\/\",\"name\":\"opiekunowie jacht\u00f3w | JKM GRYF\",\"isPartOf\":{\"@id\":\"https:\\\/\\\/jkmgryf.pl\\\/#website\"},\"primaryImageOfPage\":{\"@id\":\"https:\\\/\\\/jkmgryf.pl\\\/jachty\\\/opiekunowie-jachtow\\\/#primaryimage\"},\"image\":{\"@id\":\"https:\\\/\\\/jkmgryf.pl\\\/jachty\\\/opiekunowie-jachtow\\\/#primaryimage\"},\"thumbnailUrl\":\"https:\\\/\\\/jkmgryf.pl\\\/wp-content\\\/uploads\\\/2018\\\/10\\\/fale_light_darker_popr2.jpg\",\"datePublished\":\"2018-05-15T12:53:00+00:00\",\"dateModified\":\"2025-02-24T12:00:06+00:00\",\"description\":\"Klub z tradycjami za\u0142o\u017cony w 1928 roku\",\"breadcrumb\":{\"@id\":\"https:\\\/\\\/jkmgryf.pl\\\/jachty\\\/opiekunowie-jachtow\\\/#breadcrumb\"},\"inLanguage\":\"en-GB\",\"potentialAction\":[{\"@type\":\"ReadAction\",\"target\":[\"https:\\\/\\\/jkmgryf.pl\\\/jachty\\\/opiekunowie-jachtow\\\/\"]}]},{\"@type\":\"ImageObject\",\"inLanguage\":\"en-GB\",\"@id\":\"https:\\\/\\\/jkmgryf.pl\\\/jachty\\\/opiekunowie-jachtow\\\/#primaryimage\",\"url\":\"https:\\\/\\\/jkmgryf.pl\\\/wp-content\\\/uploads\\\/2018\\\/10\\\/fale_light_darker_popr2.jpg\",\"contentUrl\":\"https:\\\/\\\/jkmgryf.pl\\\/wp-content\\\/uploads\\\/2018\\\/10\\\/fale_light_darker_popr2.jpg\",\"width\":1920,\"height\":655},{\"@type\":\"BreadcrumbList\",\"@id\":\"https:\\\/\\\/jkmgryf.pl\\\/jachty\\\/opiekunowie-jachtow\\\/#breadcrumb\",\"itemListElement\":[{\"@type\":\"ListItem\",\"position\":1,\"name\":\"Strona g\u0142\u00f3wna\",\"item\":\"https:\\\/\\\/jkmgryf.pl\\\/\"},{\"@type\":\"ListItem\",\"position\":2,\"name\":\"Jachty\",\"item\":\"https:\\\/\\\/jkmgryf.pl\\\/jachty\\\/\"},{\"@type\":\"ListItem\",\"position\":3,\"name\":\"opiekunowie jacht\u00f3w\"}]},{\"@type\":\"WebSite\",\"@id\":\"https:\\\/\\\/jkmgryf.pl\\\/#website\",\"url\":\"https:\\\/\\\/jkmgryf.pl\\\/\",\"name\":\"JKM GRYF\",\"description\":\"\",\"publisher\":{\"@id\":\"https:\\\/\\\/jkmgryf.pl\\\/#organization\"},\"potentialAction\":[{\"@type\":\"SearchAction\",\"target\":{\"@type\":\"EntryPoint\",\"urlTemplate\":\"https:\\\/\\\/jkmgryf.pl\\\/?s={search_term_string}\"},\"query-input\":{\"@type\":\"PropertyValueSpecification\",\"valueRequired\":true,\"valueName\":\"search_term_string\"}}],\"inLanguage\":\"en-GB\"},{\"@type\":\"Organization\",\"@id\":\"https:\\\/\\\/jkmgryf.pl\\\/#organization\",\"name\":\"JKM Gryf\",\"url\":\"https:\\\/\\\/jkmgryf.pl\\\/\",\"logo\":{\"@type\":\"ImageObject\",\"inLanguage\":\"en-GB\",\"@id\":\"https:\\\/\\\/jkmgryf.pl\\\/#\\\/schema\\\/logo\\\/image\\\/\",\"url\":\"https:\\\/\\\/jkmgryf.pl\\\/wp-content\\\/uploads\\\/2018\\\/10\\\/logo_klasyczne.png\",\"contentUrl\":\"https:\\\/\\\/jkmgryf.pl\\\/wp-content\\\/uploads\\\/2018\\\/10\\\/logo_klasyczne.png\",\"width\":161,\"height\":160,\"caption\":\"JKM Gryf\"},\"image\":{\"@id\":\"https:\\\/\\\/jkmgryf.pl\\\/#\\\/schema\\\/logo\\\/image\\\/\"}}]}<\/script>\n<!-- \/ Yoast SEO plugin. -->","yoast_head_json":{"title":"opiekunowie jacht\u00f3w | JKM GRYF","description":"Club with traditions founded in 1928","robots":{"index":"index","follow":"follow","max-snippet":"max-snippet:-1","max-image-preview":"max-image-preview:large","max-video-preview":"max-video-preview:-1"},"canonical":"https:\/\/jkmgryf.pl\/en\/jachty\/opiekunowie-jachtow\/","og_locale":"en_GB","og_type":"article","og_title":"opiekunowie jacht\u00f3w | JKM GRYF","og_description":"Klub z tradycjami za\u0142o\u017cony w 1928 roku","og_url":"https:\/\/jkmgryf.pl\/en\/jachty\/opiekunowie-jachtow\/","og_site_name":"JKM GRYF","article_modified_time":"2025-02-24T12:00:06+00:00","og_image":[{"width":1920,"height":655,"url":"https:\/\/jkmgryf.pl\/wp-content\/uploads\/2018\/10\/fale_light_darker_popr2.jpg","type":"image\/jpeg"}],"twitter_card":"summary_large_image","twitter_misc":{"Estimated reading time":"1 minute"},"schema":{"@context":"https:\/\/schema.org","@graph":[{"@type":"WebPage","@id":"https:\/\/jkmgryf.pl\/jachty\/opiekunowie-jachtow\/","url":"https:\/\/jkmgryf.pl\/jachty\/opiekunowie-jachtow\/","name":"opiekunowie jacht\u00f3w | JKM GRYF","isPartOf":{"@id":"https:\/\/jkmgryf.pl\/#website"},"primaryImageOfPage":{"@id":"https:\/\/jkmgryf.pl\/jachty\/opiekunowie-jachtow\/#primaryimage"},"image":{"@id":"https:\/\/jkmgryf.pl\/jachty\/opiekunowie-jachtow\/#primaryimage"},"thumbnailUrl":"https:\/\/jkmgryf.pl\/wp-content\/uploads\/2018\/10\/fale_light_darker_popr2.jpg","datePublished":"2018-05-15T12:53:00+00:00","dateModified":"2025-02-24T12:00:06+00:00","description":"Club with traditions founded in 1928","breadcrumb":{"@id":"https:\/\/jkmgryf.pl\/jachty\/opiekunowie-jachtow\/#breadcrumb"},"inLanguage":"en-GB","potentialAction":[{"@type":"ReadAction","target":["https:\/\/jkmgryf.pl\/jachty\/opiekunowie-jachtow\/"]}]},{"@type":"ImageObject","inLanguage":"en-GB","@id":"https:\/\/jkmgryf.pl\/jachty\/opiekunowie-jachtow\/#primaryimage","url":"https:\/\/jkmgryf.pl\/wp-content\/uploads\/2018\/10\/fale_light_darker_popr2.jpg","contentUrl":"https:\/\/jkmgryf.pl\/wp-content\/uploads\/2018\/10\/fale_light_darker_popr2.jpg","width":1920,"height":655},{"@type":"BreadcrumbList","@id":"https:\/\/jkmgryf.pl\/jachty\/opiekunowie-jachtow\/#breadcrumb","itemListElement":[{"@type":"ListItem","position":1,"name":"Strona g\u0142\u00f3wna","item":"https:\/\/jkmgryf.pl\/"},{"@type":"ListItem","position":2,"name":"Jachty","item":"https:\/\/jkmgryf.pl\/jachty\/"},{"@type":"ListItem","position":3,"name":"opiekunowie jacht\u00f3w"}]},{"@type":"WebSite","@id":"https:\/\/jkmgryf.pl\/#website","url":"https:\/\/jkmgryf.pl\/","name":"JKM GRYF","description":"","publisher":{"@id":"https:\/\/jkmgryf.pl\/#organization"},"potentialAction":[{"@type":"SearchAction","target":{"@type":"EntryPoint","urlTemplate":"https:\/\/jkmgryf.pl\/?s={search_term_string}"},"query-input":{"@type":"PropertyValueSpecification","valueRequired":true,"valueName":"search_term_string"}}],"inLanguage":"en-GB"},{"@type":"Organization","@id":"https:\/\/jkmgryf.pl\/#organization","name":"JKM Gryf","url":"https:\/\/jkmgryf.pl\/","logo":{"@type":"ImageObject","inLanguage":"en-GB","@id":"https:\/\/jkmgryf.pl\/#\/schema\/logo\/image\/","url":"https:\/\/jkmgryf.pl\/wp-content\/uploads\/2018\/10\/logo_klasyczne.png","contentUrl":"https:\/\/jkmgryf.pl\/wp-content\/uploads\/2018\/10\/logo_klasyczne.png","width":161,"height":160,"caption":"JKM Gryf"},"image":{"@id":"https:\/\/jkmgryf.pl\/#\/schema\/logo\/image\/"}}]}},"_links":{"self":[{"href":"https:\/\/jkmgryf.pl\/en\/wp-json\/wp\/v2\/pages\/216","targetHints":{"allow":["GET"]}}],"collection":[{"href":"https:\/\/jkmgryf.pl\/en\/wp-json\/wp\/v2\/pages"}],"about":[{"href":"https:\/\/jkmgryf.pl\/en\/wp-json\/wp\/v2\/types\/page"}],"author":[{"embeddable":true,"href":"https:\/\/jkmgryf.pl\/en\/wp-json\/wp\/v2\/users\/1"}],"replies":[{"embeddable":true,"href":"https:\/\/jkmgryf.pl\/en\/wp-json\/wp\/v2\/comments?post=216"}],"version-history":[{"count":6,"href":"https:\/\/jkmgryf.pl\/en\/wp-json\/wp\/v2\/pages\/216\/revisions"}],"predecessor-version":[{"id":3335,"href":"https:\/\/jkmgryf.pl\/en\/wp-json\/wp\/v2\/pages\/216\/revisions\/3335"}],"up":[{"embeddable":true,"href":"https:\/\/jkmgryf.pl\/en\/wp-json\/wp\/v2\/pages\/202"}],"wp:featuredmedia":[{"embeddable":true,"href":"https:\/\/jkmgryf.pl\/en\/wp-json\/wp\/v2\/media\/1655"}],"wp:attachment":[{"href":"https:\/\/jkmgryf.pl\/en\/wp-json\/wp\/v2\/media?parent=216"}],"curies":[{"name":"wp","href":"https:\/\/api.w.org\/{rel}","templated":true}]}}