{"id":1583,"date":"2018-09-25T20:33:31","date_gmt":"2018-09-25T18:33:31","guid":{"rendered":"https:\/\/jkmgryf.pl\/?page_id=1583"},"modified":"2018-10-10T21:05:27","modified_gmt":"2018-10-10T19:05:27","slug":"59-regaty-gdynia-wladyslawowo-gdynia-grupa-orc-generalne","status":"publish","type":"page","link":"https:\/\/jkmgryf.pl\/en\/aktualnosci\/wydarzenia\/nocne-regaty-gdynia-wladyslawowo-gdynia\/59-regaty-gdynia-wladyslawowo-gdynia-grupa-orc-generalne\/","title":{"rendered":"59. regaty Gdynia \u2013 W\u0142adys\u0142awowo \u2013 Gdynia \u2013 grupa ORC (generalne)"},"content":{"rendered":"<table class=\"responsive\">\n<thead>\n<tr>\n<th class=\"resultHeader\" colspan=\"100\">\n<h2>ORC (generalne)<\/h2>\n<p><b>WY\u015aCIG<\/b><\/p>\n<p>Results [10\/09\/2018 14:03:27]\n<p>Start: <b>08\/09\/2018 18:10:00<\/b><\/p>\n<p>Distance: <b>58,90<\/b> NM<\/p>\n<p>Scoring: <b>PCS &#8211; Ocean Course<\/b><\/th>\n<\/tr>\n<tr>\n<th>Overall Pos<\/th>\n<th>Yacht Name<\/th>\n<th>Sail No<\/th>\n<th>Type<\/th>\n<th>Skipper<\/th>\n<th>Finish Time<\/th>\n<th>Elapsed<\/th>\n<th>Corrected<\/th>\n<th>Club<\/th>\n<\/tr>\n<\/thead>\n<tbody>\n<tr style=\"min-height: 1.5em;\">\n<td class=\"col_PosOvl\">1<\/td>\n<td class=\"col_YachtName\">ATLANTIC PUFFIN<\/td>\n<td class=\"col_SailNo\">POL 14085<\/td>\n<td class=\"col_YClass\">MAXUS 22<\/td>\n<td class=\"col_Skipper\">Szymon Kuczy\u0144ski<\/td>\n<td class=\"col_FinishTime\">+1 12:22:24<\/td>\n<td class=\"col_ElapsedSecs\">18:12:24<\/td>\n<td class=\"col_CorrDelay\">00:00:00<\/td>\n<td class=\"col_Club\">JK Kamie\u0144 Pomorski<\/td>\n<\/tr>\n<tr style=\"min-height: 1.5em;\">\n<td class=\"col_PosOvl\">2<\/td>\n<td class=\"col_YachtName\">SMOKE<\/td>\n<td class=\"col_SailNo\">NED 111<\/td>\n<td class=\"col_YClass\">Dufour 310<\/td>\n<td class=\"col_Skipper\">Marcin Dejewski<\/td>\n<td class=\"col_FinishTime\">+1 09:19:56<\/td>\n<td class=\"col_ElapsedSecs\">15:09:56<\/td>\n<td class=\"col_CorrDelay\">00:15:22<\/td>\n<td class=\"col_Club\">Yacht and Yachting<\/td>\n<\/tr>\n<tr style=\"min-height: 1.5em;\">\n<td class=\"col_PosOvl\">3<\/td>\n<td class=\"col_YachtName\">PGO GOOD SPEED<\/td>\n<td class=\"col_SailNo\">POL 14000<\/td>\n<td class=\"col_YClass\">Dufour 34<\/td>\n<td class=\"col_Skipper\">\u0141ukasz Trzci\u0144ski<\/td>\n<td class=\"col_FinishTime\">+1 09:30:08<\/td>\n<td class=\"col_ElapsedSecs\">15:20:08<\/td>\n<td class=\"col_CorrDelay\">00:16:22<\/td>\n<td class=\"col_Club\">JK Stoczni Gda\u0144skiej<\/td>\n<\/tr>\n<tr style=\"min-height: 1.5em;\">\n<td class=\"col_PosOvl\">4<\/td>\n<td class=\"col_YachtName\">BUSY LIZZY<\/td>\n<td class=\"col_SailNo\">POL 15946<\/td>\n<td class=\"col_YClass\">FAURBY 999<\/td>\n<td class=\"col_Skipper\">Jakub Marja\u0144ski<\/td>\n<td class=\"col_FinishTime\">+1 10:37:12<\/td>\n<td class=\"col_ElapsedSecs\">16:27:12<\/td>\n<td class=\"col_CorrDelay\">00:40:00<\/td>\n<td class=\"col_Club\">AKM Gda\u0144sk<\/td>\n<\/tr>\n<tr style=\"min-height: 1.5em;\">\n<td class=\"col_PosOvl\">5<\/td>\n<td class=\"col_YachtName\">CZARODZIEJKA<\/td>\n<td class=\"col_SailNo\">POL 9658<\/td>\n<td class=\"col_YClass\">GRANADA 27<\/td>\n<td class=\"col_Skipper\">Tomasz Konnak<\/td>\n<td class=\"col_FinishTime\">+1 11:13:50<\/td>\n<td class=\"col_ElapsedSecs\">17:03:50<\/td>\n<td class=\"col_CorrDelay\">00:41:16<\/td>\n<td class=\"col_Club\">JKM GRYF Gdynia<\/td>\n<\/tr>\n<tr style=\"min-height: 1.5em;\">\n<td class=\"col_PosOvl\">6<\/td>\n<td class=\"col_YachtName\">ZEFIREK<\/td>\n<td class=\"col_SailNo\">POL 178<\/td>\n<td class=\"col_YClass\">Conrad 24<\/td>\n<td class=\"col_Skipper\">Stanis\u0142aw Bajerski<\/td>\n<td class=\"col_FinishTime\">+1 12:28:46<\/td>\n<td class=\"col_ElapsedSecs\">18:18:46<\/td>\n<td class=\"col_CorrDelay\">00:42:31<\/td>\n<td class=\"col_Club\">JKM GRYF Gdynia<\/td>\n<\/tr>\n<tr style=\"min-height: 1.5em;\">\n<td class=\"col_PosOvl\">7<\/td>\n<td class=\"col_YachtName\">ZORBA<\/td>\n<td class=\"col_SailNo\">POL 1254<\/td>\n<td class=\"col_YClass\">Conrad 760R<\/td>\n<td class=\"col_Skipper\">Mieczys\u0142aw Trzpis<\/td>\n<td class=\"col_FinishTime\">+1 12:27:27<\/td>\n<td class=\"col_ElapsedSecs\">18:17:27<\/td>\n<td class=\"col_CorrDelay\">00:44:08<\/td>\n<td class=\"col_Club\">JK Stoczni Gda\u0144skiej<\/td>\n<\/tr>\n<tr style=\"min-height: 1.5em;\">\n<td class=\"col_PosOvl\">8<\/td>\n<td class=\"col_YachtName\">S\u0141ONI<\/td>\n<td class=\"col_SailNo\">POL 17302<\/td>\n<td class=\"col_YClass\">FIRST 31.7<\/td>\n<td class=\"col_Skipper\">Zbigniew Rembiewski<\/td>\n<td class=\"col_FinishTime\">+1 11:09:06<\/td>\n<td class=\"col_ElapsedSecs\">16:59:06<\/td>\n<td class=\"col_CorrDelay\">00:53:16<\/td>\n<td class=\"col_Club\">JK Stoczni Gda\u0144skiej<\/td>\n<\/tr>\n<tr style=\"min-height: 1.5em;\">\n<td class=\"col_PosOvl\">9<\/td>\n<td class=\"col_YachtName\">BARAKAM<\/td>\n<td class=\"col_SailNo\">POL 19419<\/td>\n<td class=\"col_YClass\">MBK 98<\/td>\n<td class=\"col_Skipper\">Micha\u0142 \u015aliwa<\/td>\n<td class=\"col_FinishTime\">+1 10:17:49<\/td>\n<td class=\"col_ElapsedSecs\">16:07:49<\/td>\n<td class=\"col_CorrDelay\">01:18:57<\/td>\n<td class=\"col_Club\"><\/td>\n<\/tr>\n<tr style=\"min-height: 1.5em;\">\n<td class=\"col_PosOvl\">10<\/td>\n<td class=\"col_YachtName\">SEA BEE<\/td>\n<td class=\"col_SailNo\">POL 9067<\/td>\n<td class=\"col_YClass\"><\/td>\n<td class=\"col_Skipper\">Jan Kozarzewski<\/td>\n<td class=\"col_FinishTime\">+1 13:10:17<\/td>\n<td class=\"col_ElapsedSecs\">19:00:17<\/td>\n<td class=\"col_CorrDelay\">01:27:18<\/td>\n<td class=\"col_Club\">AZS Gda\u0144sk<\/td>\n<\/tr>\n<tr style=\"min-height: 1.5em;\">\n<td class=\"col_PosOvl\">11<\/td>\n<td class=\"col_YachtName\">AQUILA<\/td>\n<td class=\"col_SailNo\">POL 314<\/td>\n<td class=\"col_YClass\">none<\/td>\n<td class=\"col_Skipper\">Czes\u0142aw Perlicki<\/td>\n<td class=\"col_FinishTime\">+1 11:17:25<\/td>\n<td class=\"col_ElapsedSecs\">17:07:25<\/td>\n<td class=\"col_CorrDelay\">01:31:32<\/td>\n<td class=\"col_Club\">YKP Gdynia<\/td>\n<\/tr>\n<tr style=\"min-height: 1.5em;\">\n<td class=\"col_PosOvl\">12<\/td>\n<td class=\"col_YachtName\">ARIETIS<\/td>\n<td class=\"col_SailNo\">POL 2203<\/td>\n<td class=\"col_YClass\">Carter 30<\/td>\n<td class=\"col_Skipper\">\u0141ukasz Wasielewski<\/td>\n<td class=\"col_FinishTime\">+1 12:25:04<\/td>\n<td class=\"col_ElapsedSecs\">18:15:04<\/td>\n<td class=\"col_CorrDelay\">01:35:22<\/td>\n<td class=\"col_Club\"><\/td>\n<\/tr>\n<tr style=\"min-height: 1.5em;\">\n<td class=\"col_PosOvl\">13<\/td>\n<td class=\"col_YachtName\">APOLLO SAILS 2 EASY 2<\/td>\n<td class=\"col_SailNo\">POL 6557<\/td>\n<td class=\"col_YClass\">First Class Europe<\/td>\n<td class=\"col_Skipper\">Przemys\u0142aw \u017by\u0142a<\/td>\n<td class=\"col_FinishTime\">+1 10:17:16<\/td>\n<td class=\"col_ElapsedSecs\">16:07:16<\/td>\n<td class=\"col_CorrDelay\">01:36:31<\/td>\n<td class=\"col_Club\">KSW Elbl\u0105g<\/td>\n<\/tr>\n<tr style=\"min-height: 1.5em;\">\n<td class=\"col_PosOvl\">14<\/td>\n<td class=\"col_YachtName\">POR FAVOR<\/td>\n<td class=\"col_SailNo\">POL 7006<\/td>\n<td class=\"col_YClass\">Dufour 40E<\/td>\n<td class=\"col_Skipper\">Jan Piernikarczyk<\/td>\n<td class=\"col_FinishTime\">+1 11:19:53<\/td>\n<td class=\"col_ElapsedSecs\">17:09:53<\/td>\n<td class=\"col_CorrDelay\">01:48:01<\/td>\n<td class=\"col_Club\">JKM GRYF Gdynia<\/td>\n<\/tr>\n<tr style=\"min-height: 1.5em;\">\n<td class=\"col_PosOvl\">15<\/td>\n<td class=\"col_YachtName\">VATAHA 2<\/td>\n<td class=\"col_SailNo\">POL 19000<\/td>\n<td class=\"col_YClass\">FIRST 35<\/td>\n<td class=\"col_Skipper\">Pawe\u0142 Wilkowski<\/td>\n<td class=\"col_FinishTime\">+1 10:26:23<\/td>\n<td class=\"col_ElapsedSecs\">16:16:23<\/td>\n<td class=\"col_CorrDelay\">02:08:03<\/td>\n<td class=\"col_Club\">YKP Gdynia<\/td>\n<\/tr>\n<tr style=\"min-height: 1.5em;\">\n<td class=\"col_PosOvl\">16<\/td>\n<td class=\"col_YachtName\">ALBATROS<\/td>\n<td class=\"col_SailNo\">POL 2410<\/td>\n<td class=\"col_YClass\">Carter30<\/td>\n<td class=\"col_Skipper\">Szymon Zawodny<\/td>\n<td class=\"col_FinishTime\">+1 12:43:44<\/td>\n<td class=\"col_ElapsedSecs\">18:33:44<\/td>\n<td class=\"col_CorrDelay\">02:11:55<\/td>\n<td class=\"col_Club\">JKM GRYF Gdynia<\/td>\n<\/tr>\n<tr style=\"min-height: 1.5em;\">\n<td class=\"col_PosOvl\">17<\/td>\n<td class=\"col_YachtName\">KONSAL II<\/td>\n<td class=\"col_SailNo\">POL 3939<\/td>\n<td class=\"col_YClass\">Slotta 1200<\/td>\n<td class=\"col_Skipper\">Ryszard Drzymalski<\/td>\n<td class=\"col_FinishTime\">+1 10:42:16<\/td>\n<td class=\"col_ElapsedSecs\">16:32:16<\/td>\n<td class=\"col_CorrDelay\">02:19:06<\/td>\n<td class=\"col_Club\"><\/td>\n<\/tr>\n<tr style=\"min-height: 1.5em;\">\n<td class=\"col_PosOvl\">18<\/td>\n<td class=\"col_YachtName\">HADAR<\/td>\n<td class=\"col_SailNo\">POL 1070<\/td>\n<td class=\"col_YClass\">none<\/td>\n<td class=\"col_Skipper\">Jerzy Brezde\u0144<\/td>\n<td class=\"col_FinishTime\">+1 10:51:41<\/td>\n<td class=\"col_ElapsedSecs\">16:41:41<\/td>\n<td class=\"col_CorrDelay\">03:04:54<\/td>\n<td class=\"col_Club\">JKMW KOTWICA Gdynia<\/td>\n<\/tr>\n<tr style=\"min-height: 1.5em;\">\n<td class=\"col_PosOvl\">19<\/td>\n<td class=\"col_YachtName\">QUANTA<\/td>\n<td class=\"col_SailNo\">POL 16000<\/td>\n<td class=\"col_YClass\">SALONA 42<\/td>\n<td class=\"col_Skipper\">Andrzej Zieli\u0144ski<\/td>\n<td class=\"col_FinishTime\">+1 10:20:15<\/td>\n<td class=\"col_ElapsedSecs\">16:10:15<\/td>\n<td class=\"col_CorrDelay\">03:10:53<\/td>\n<td class=\"col_Club\"><\/td>\n<\/tr>\n<tr style=\"min-height: 1.5em;\">\n<td class=\"col_PosOvl\">20<\/td>\n<td class=\"col_YachtName\">ORION<\/td>\n<td class=\"col_SailNo\">PZ 83<\/td>\n<td class=\"col_YClass\">Rasmussen<\/td>\n<td class=\"col_Skipper\">Zbigniew Witbrot<\/td>\n<td class=\"col_FinishTime\">+1 14:25:40<\/td>\n<td class=\"col_ElapsedSecs\">20:15:40<\/td>\n<td class=\"col_CorrDelay\">03:58:01<\/td>\n<td class=\"col_Club\">JKM GRYF Gdynia<\/td>\n<\/tr>\n<tr style=\"min-height: 1.5em;\">\n<td class=\"col_PosOvl\">21<\/td>\n<td class=\"col_YachtName\">ZOLTAR<\/td>\n<td class=\"col_SailNo\">POL 5132<\/td>\n<td class=\"col_YClass\">MANTRA 31<\/td>\n<td class=\"col_Skipper\">Ireneusz Siwek<\/td>\n<td class=\"col_FinishTime\">+1 11:49:02<\/td>\n<td class=\"col_ElapsedSecs\">17:39:02<\/td>\n<td class=\"col_CorrDelay\">04:04:32<\/td>\n<td class=\"col_Club\">POLAND<\/td>\n<\/tr>\n<tr style=\"min-height: 1.5em;\">\n<td class=\"col_PosOvl\">22<\/td>\n<td class=\"col_YachtName\">MIRABELLE<\/td>\n<td class=\"col_SailNo\">POL 192<\/td>\n<td class=\"col_YClass\">Albin Ballad<\/td>\n<td class=\"col_Skipper\">Robert Napi\u00f3rkowski<\/td>\n<td class=\"col_FinishTime\">DNF<\/td>\n<td class=\"col_ElapsedSecs\"><\/td>\n<td class=\"col_CorrDelay\"><\/td>\n<td class=\"col_Club\">AKM Gda\u0144sk<\/td>\n<\/tr>\n<tr style=\"min-height: 1.5em;\">\n<td class=\"col_PosOvl\">22<\/td>\n<td class=\"col_YachtName\">RESUMEE<\/td>\n<td class=\"col_SailNo\">POL 6112<\/td>\n<td class=\"col_YClass\">Clipper 2000<\/td>\n<td class=\"col_Skipper\">Andrzej Kruszczy\u0144ski<\/td>\n<td class=\"col_FinishTime\">DNC<\/td>\n<td class=\"col_ElapsedSecs\"><\/td>\n<td class=\"col_CorrDelay\"><\/td>\n<td class=\"col_Club\"><\/td>\n<\/tr>\n<tr style=\"min-height: 1.5em;\">\n<td class=\"col_PosOvl\">22<\/td>\n<td class=\"col_YachtName\">OCEANNA<\/td>\n<td class=\"col_SailNo\">POL 4719<\/td>\n<td class=\"col_YClass\">Outborn 39<\/td>\n<td class=\"col_Skipper\">Zenon Jankowski<\/td>\n<td class=\"col_FinishTime\">DNC<\/td>\n<td class=\"col_ElapsedSecs\"><\/td>\n<td class=\"col_CorrDelay\"><\/td>\n<td class=\"col_Club\">JKM GRYF KSW VEGA LOK Pleszew<\/td>\n<\/tr>\n<\/tbody>\n<\/table>\n<div class=\"su-spacer\" style=\"height:40px\"><\/div>\n<div class=\"su-button-center\"><a href=\"https:\/\/jkmgryf.pl\/aktualnosci\/wydarzenia\/nocne-regaty-gdynia-wladyslawowo-gdynia\/\" class=\"su-button su-button-style-flat\" style=\"color:#FFFFFF;background-color:#109fd3;border-color:#0d80a9;border-radius:0px\" target=\"_self\"><span style=\"color:#FFFFFF;padding:0px 22px;font-size:17px;line-height:34px;border-color:#58bce1;border-radius:0px;text-shadow:0px 0px 0px #ffffff\"> wr\u00f3\u0107<\/span><\/a><\/div>\n","protected":false},"excerpt":{"rendered":"<p>ORC (generalne) WY\u015aCIG Results [10\/09\/2018 14:03:27] Start: 08\/09\/2018 18:10:00 Distance: 58,90 NM Scoring: PCS &#8211; Ocean Course Overall Pos Yacht Name Sail No Type Skipper Finish Time Elapsed Corrected Club 1 ATLANTIC PUFFIN POL 14085 MAXUS 22 Szymon Kuczy\u0144ski +1 12:22:24 18:12:24 00:00:00 JK Kamie\u0144 Pomorski 2 SMOKE NED 111 Dufour 310 Marcin Dejewski +1<br \/><a class=\"moretag\" href=\"https:\/\/jkmgryf.pl\/en\/aktualnosci\/wydarzenia\/nocne-regaty-gdynia-wladyslawowo-gdynia\/59-regaty-gdynia-wladyslawowo-gdynia-grupa-orc-generalne\/\">+ Read More<\/a><\/p>\n","protected":false},"author":1,"featured_media":1662,"parent":931,"menu_order":0,"comment_status":"closed","ping_status":"closed","template":"templates\/page-fullwidth_template.php","meta":{"footnotes":""},"class_list":["post-1583","page","type-page","status-publish","has-post-thumbnail","hentry"],"yoast_head":"<!-- This site is optimized with the Yoast SEO plugin v27.4 - https:\/\/yoast.com\/product\/yoast-seo-wordpress\/ -->\n<title>59. regaty Gdynia \u2013 W\u0142adys\u0142awowo \u2013 Gdynia \u2013 grupa ORC (generalne) | JKM GRYF<\/title>\n<meta name=\"description\" content=\"Klub z tradycjami za\u0142o\u017cony w 1928 roku\" \/>\n<meta name=\"robots\" content=\"index, follow, max-snippet:-1, max-image-preview:large, max-video-preview:-1\" \/>\n<link rel=\"canonical\" href=\"https:\/\/jkmgryf.pl\/en\/aktualnosci\/wydarzenia\/nocne-regaty-gdynia-wladyslawowo-gdynia\/59-regaty-gdynia-wladyslawowo-gdynia-grupa-orc-generalne\/\" \/>\n<meta property=\"og:locale\" content=\"en_GB\" \/>\n<meta property=\"og:type\" content=\"article\" \/>\n<meta property=\"og:title\" content=\"59. regaty Gdynia \u2013 W\u0142adys\u0142awowo \u2013 Gdynia \u2013 grupa ORC (generalne) | JKM GRYF\" \/>\n<meta property=\"og:description\" content=\"Klub z tradycjami za\u0142o\u017cony w 1928 roku\" \/>\n<meta property=\"og:url\" content=\"https:\/\/jkmgryf.pl\/en\/aktualnosci\/wydarzenia\/nocne-regaty-gdynia-wladyslawowo-gdynia\/59-regaty-gdynia-wladyslawowo-gdynia-grupa-orc-generalne\/\" \/>\n<meta property=\"og:site_name\" content=\"JKM GRYF\" \/>\n<meta property=\"article:modified_time\" content=\"2018-10-10T19:05:27+00:00\" \/>\n<meta property=\"og:image\" content=\"https:\/\/jkmgryf.pl\/wp-content\/uploads\/2018\/10\/regaty_1903x309p2.jpg\" \/>\n\t<meta property=\"og:image:width\" content=\"1903\" \/>\n\t<meta property=\"og:image:height\" content=\"309\" \/>\n\t<meta property=\"og:image:type\" content=\"image\/jpeg\" \/>\n<meta name=\"twitter:card\" content=\"summary_large_image\" \/>\n<meta name=\"twitter:label1\" content=\"Estimated reading time\" \/>\n\t<meta name=\"twitter:data1\" content=\"1 minute\" \/>\n<script type=\"application\/ld+json\" class=\"yoast-schema-graph\">{\"@context\":\"https:\\\/\\\/schema.org\",\"@graph\":[{\"@type\":\"WebPage\",\"@id\":\"https:\\\/\\\/jkmgryf.pl\\\/aktualnosci\\\/wydarzenia\\\/nocne-regaty-gdynia-wladyslawowo-gdynia\\\/59-regaty-gdynia-wladyslawowo-gdynia-grupa-orc-generalne\\\/\",\"url\":\"https:\\\/\\\/jkmgryf.pl\\\/aktualnosci\\\/wydarzenia\\\/nocne-regaty-gdynia-wladyslawowo-gdynia\\\/59-regaty-gdynia-wladyslawowo-gdynia-grupa-orc-generalne\\\/\",\"name\":\"59. regaty Gdynia \u2013 W\u0142adys\u0142awowo \u2013 Gdynia \u2013 grupa ORC (generalne) | JKM GRYF\",\"isPartOf\":{\"@id\":\"https:\\\/\\\/jkmgryf.pl\\\/#website\"},\"primaryImageOfPage\":{\"@id\":\"https:\\\/\\\/jkmgryf.pl\\\/aktualnosci\\\/wydarzenia\\\/nocne-regaty-gdynia-wladyslawowo-gdynia\\\/59-regaty-gdynia-wladyslawowo-gdynia-grupa-orc-generalne\\\/#primaryimage\"},\"image\":{\"@id\":\"https:\\\/\\\/jkmgryf.pl\\\/aktualnosci\\\/wydarzenia\\\/nocne-regaty-gdynia-wladyslawowo-gdynia\\\/59-regaty-gdynia-wladyslawowo-gdynia-grupa-orc-generalne\\\/#primaryimage\"},\"thumbnailUrl\":\"https:\\\/\\\/jkmgryf.pl\\\/wp-content\\\/uploads\\\/2018\\\/10\\\/regaty_1903x309p2.jpg\",\"datePublished\":\"2018-09-25T18:33:31+00:00\",\"dateModified\":\"2018-10-10T19:05:27+00:00\",\"description\":\"Klub z tradycjami za\u0142o\u017cony w 1928 roku\",\"breadcrumb\":{\"@id\":\"https:\\\/\\\/jkmgryf.pl\\\/aktualnosci\\\/wydarzenia\\\/nocne-regaty-gdynia-wladyslawowo-gdynia\\\/59-regaty-gdynia-wladyslawowo-gdynia-grupa-orc-generalne\\\/#breadcrumb\"},\"inLanguage\":\"en-GB\",\"potentialAction\":[{\"@type\":\"ReadAction\",\"target\":[\"https:\\\/\\\/jkmgryf.pl\\\/aktualnosci\\\/wydarzenia\\\/nocne-regaty-gdynia-wladyslawowo-gdynia\\\/59-regaty-gdynia-wladyslawowo-gdynia-grupa-orc-generalne\\\/\"]}]},{\"@type\":\"ImageObject\",\"inLanguage\":\"en-GB\",\"@id\":\"https:\\\/\\\/jkmgryf.pl\\\/aktualnosci\\\/wydarzenia\\\/nocne-regaty-gdynia-wladyslawowo-gdynia\\\/59-regaty-gdynia-wladyslawowo-gdynia-grupa-orc-generalne\\\/#primaryimage\",\"url\":\"https:\\\/\\\/jkmgryf.pl\\\/wp-content\\\/uploads\\\/2018\\\/10\\\/regaty_1903x309p2.jpg\",\"contentUrl\":\"https:\\\/\\\/jkmgryf.pl\\\/wp-content\\\/uploads\\\/2018\\\/10\\\/regaty_1903x309p2.jpg\",\"width\":1903,\"height\":309},{\"@type\":\"BreadcrumbList\",\"@id\":\"https:\\\/\\\/jkmgryf.pl\\\/aktualnosci\\\/wydarzenia\\\/nocne-regaty-gdynia-wladyslawowo-gdynia\\\/59-regaty-gdynia-wladyslawowo-gdynia-grupa-orc-generalne\\\/#breadcrumb\",\"itemListElement\":[{\"@type\":\"ListItem\",\"position\":1,\"name\":\"Strona g\u0142\u00f3wna\",\"item\":\"https:\\\/\\\/jkmgryf.pl\\\/\"},{\"@type\":\"ListItem\",\"position\":2,\"name\":\"Aktualno\u015bci\",\"item\":\"https:\\\/\\\/jkmgryf.pl\\\/aktualnosci\\\/\"},{\"@type\":\"ListItem\",\"position\":3,\"name\":\"wydarzenia\",\"item\":\"https:\\\/\\\/jkmgryf.pl\\\/aktualnosci\\\/wydarzenia\\\/\"},{\"@type\":\"ListItem\",\"position\":4,\"name\":\"59. Regaty Gdynia &#8211; W\u0142adys\u0142awowo &#8211; Gdynia 2018\",\"item\":\"https:\\\/\\\/jkmgryf.pl\\\/aktualnosci\\\/wydarzenia\\\/nocne-regaty-gdynia-wladyslawowo-gdynia\\\/\"},{\"@type\":\"ListItem\",\"position\":5,\"name\":\"59. regaty Gdynia \u2013 W\u0142adys\u0142awowo \u2013 Gdynia \u2013 grupa ORC (generalne)\"}]},{\"@type\":\"WebSite\",\"@id\":\"https:\\\/\\\/jkmgryf.pl\\\/#website\",\"url\":\"https:\\\/\\\/jkmgryf.pl\\\/\",\"name\":\"JKM GRYF\",\"description\":\"\",\"publisher\":{\"@id\":\"https:\\\/\\\/jkmgryf.pl\\\/#organization\"},\"potentialAction\":[{\"@type\":\"SearchAction\",\"target\":{\"@type\":\"EntryPoint\",\"urlTemplate\":\"https:\\\/\\\/jkmgryf.pl\\\/?s={search_term_string}\"},\"query-input\":{\"@type\":\"PropertyValueSpecification\",\"valueRequired\":true,\"valueName\":\"search_term_string\"}}],\"inLanguage\":\"en-GB\"},{\"@type\":\"Organization\",\"@id\":\"https:\\\/\\\/jkmgryf.pl\\\/#organization\",\"name\":\"JKM Gryf\",\"url\":\"https:\\\/\\\/jkmgryf.pl\\\/\",\"logo\":{\"@type\":\"ImageObject\",\"inLanguage\":\"en-GB\",\"@id\":\"https:\\\/\\\/jkmgryf.pl\\\/#\\\/schema\\\/logo\\\/image\\\/\",\"url\":\"https:\\\/\\\/jkmgryf.pl\\\/wp-content\\\/uploads\\\/2018\\\/10\\\/logo_klasyczne.png\",\"contentUrl\":\"https:\\\/\\\/jkmgryf.pl\\\/wp-content\\\/uploads\\\/2018\\\/10\\\/logo_klasyczne.png\",\"width\":161,\"height\":160,\"caption\":\"JKM Gryf\"},\"image\":{\"@id\":\"https:\\\/\\\/jkmgryf.pl\\\/#\\\/schema\\\/logo\\\/image\\\/\"}}]}<\/script>\n<!-- \/ Yoast SEO plugin. -->","yoast_head_json":{"title":"59. regaty Gdynia \u2013 W\u0142adys\u0142awowo \u2013 Gdynia \u2013 grupa ORC (generalne) | JKM GRYF","description":"Club with traditions founded in 1928","robots":{"index":"index","follow":"follow","max-snippet":"max-snippet:-1","max-image-preview":"max-image-preview:large","max-video-preview":"max-video-preview:-1"},"canonical":"https:\/\/jkmgryf.pl\/en\/aktualnosci\/wydarzenia\/nocne-regaty-gdynia-wladyslawowo-gdynia\/59-regaty-gdynia-wladyslawowo-gdynia-grupa-orc-generalne\/","og_locale":"en_GB","og_type":"article","og_title":"59. regaty Gdynia \u2013 W\u0142adys\u0142awowo \u2013 Gdynia \u2013 grupa ORC (generalne) | JKM GRYF","og_description":"Klub z tradycjami za\u0142o\u017cony w 1928 roku","og_url":"https:\/\/jkmgryf.pl\/en\/aktualnosci\/wydarzenia\/nocne-regaty-gdynia-wladyslawowo-gdynia\/59-regaty-gdynia-wladyslawowo-gdynia-grupa-orc-generalne\/","og_site_name":"JKM GRYF","article_modified_time":"2018-10-10T19:05:27+00:00","og_image":[{"width":1903,"height":309,"url":"https:\/\/jkmgryf.pl\/wp-content\/uploads\/2018\/10\/regaty_1903x309p2.jpg","type":"image\/jpeg"}],"twitter_card":"summary_large_image","twitter_misc":{"Estimated reading time":"1 minute"},"schema":{"@context":"https:\/\/schema.org","@graph":[{"@type":"WebPage","@id":"https:\/\/jkmgryf.pl\/aktualnosci\/wydarzenia\/nocne-regaty-gdynia-wladyslawowo-gdynia\/59-regaty-gdynia-wladyslawowo-gdynia-grupa-orc-generalne\/","url":"https:\/\/jkmgryf.pl\/aktualnosci\/wydarzenia\/nocne-regaty-gdynia-wladyslawowo-gdynia\/59-regaty-gdynia-wladyslawowo-gdynia-grupa-orc-generalne\/","name":"59. regaty Gdynia \u2013 W\u0142adys\u0142awowo \u2013 Gdynia \u2013 grupa ORC (generalne) | JKM GRYF","isPartOf":{"@id":"https:\/\/jkmgryf.pl\/#website"},"primaryImageOfPage":{"@id":"https:\/\/jkmgryf.pl\/aktualnosci\/wydarzenia\/nocne-regaty-gdynia-wladyslawowo-gdynia\/59-regaty-gdynia-wladyslawowo-gdynia-grupa-orc-generalne\/#primaryimage"},"image":{"@id":"https:\/\/jkmgryf.pl\/aktualnosci\/wydarzenia\/nocne-regaty-gdynia-wladyslawowo-gdynia\/59-regaty-gdynia-wladyslawowo-gdynia-grupa-orc-generalne\/#primaryimage"},"thumbnailUrl":"https:\/\/jkmgryf.pl\/wp-content\/uploads\/2018\/10\/regaty_1903x309p2.jpg","datePublished":"2018-09-25T18:33:31+00:00","dateModified":"2018-10-10T19:05:27+00:00","description":"Club with traditions founded in 1928","breadcrumb":{"@id":"https:\/\/jkmgryf.pl\/aktualnosci\/wydarzenia\/nocne-regaty-gdynia-wladyslawowo-gdynia\/59-regaty-gdynia-wladyslawowo-gdynia-grupa-orc-generalne\/#breadcrumb"},"inLanguage":"en-GB","potentialAction":[{"@type":"ReadAction","target":["https:\/\/jkmgryf.pl\/aktualnosci\/wydarzenia\/nocne-regaty-gdynia-wladyslawowo-gdynia\/59-regaty-gdynia-wladyslawowo-gdynia-grupa-orc-generalne\/"]}]},{"@type":"ImageObject","inLanguage":"en-GB","@id":"https:\/\/jkmgryf.pl\/aktualnosci\/wydarzenia\/nocne-regaty-gdynia-wladyslawowo-gdynia\/59-regaty-gdynia-wladyslawowo-gdynia-grupa-orc-generalne\/#primaryimage","url":"https:\/\/jkmgryf.pl\/wp-content\/uploads\/2018\/10\/regaty_1903x309p2.jpg","contentUrl":"https:\/\/jkmgryf.pl\/wp-content\/uploads\/2018\/10\/regaty_1903x309p2.jpg","width":1903,"height":309},{"@type":"BreadcrumbList","@id":"https:\/\/jkmgryf.pl\/aktualnosci\/wydarzenia\/nocne-regaty-gdynia-wladyslawowo-gdynia\/59-regaty-gdynia-wladyslawowo-gdynia-grupa-orc-generalne\/#breadcrumb","itemListElement":[{"@type":"ListItem","position":1,"name":"Strona g\u0142\u00f3wna","item":"https:\/\/jkmgryf.pl\/"},{"@type":"ListItem","position":2,"name":"Aktualno\u015bci","item":"https:\/\/jkmgryf.pl\/aktualnosci\/"},{"@type":"ListItem","position":3,"name":"wydarzenia","item":"https:\/\/jkmgryf.pl\/aktualnosci\/wydarzenia\/"},{"@type":"ListItem","position":4,"name":"59. Regaty Gdynia &#8211; W\u0142adys\u0142awowo &#8211; Gdynia 2018","item":"https:\/\/jkmgryf.pl\/aktualnosci\/wydarzenia\/nocne-regaty-gdynia-wladyslawowo-gdynia\/"},{"@type":"ListItem","position":5,"name":"59. regaty Gdynia \u2013 W\u0142adys\u0142awowo \u2013 Gdynia \u2013 grupa ORC (generalne)"}]},{"@type":"WebSite","@id":"https:\/\/jkmgryf.pl\/#website","url":"https:\/\/jkmgryf.pl\/","name":"JKM GRYF","description":"","publisher":{"@id":"https:\/\/jkmgryf.pl\/#organization"},"potentialAction":[{"@type":"SearchAction","target":{"@type":"EntryPoint","urlTemplate":"https:\/\/jkmgryf.pl\/?s={search_term_string}"},"query-input":{"@type":"PropertyValueSpecification","valueRequired":true,"valueName":"search_term_string"}}],"inLanguage":"en-GB"},{"@type":"Organization","@id":"https:\/\/jkmgryf.pl\/#organization","name":"JKM Gryf","url":"https:\/\/jkmgryf.pl\/","logo":{"@type":"ImageObject","inLanguage":"en-GB","@id":"https:\/\/jkmgryf.pl\/#\/schema\/logo\/image\/","url":"https:\/\/jkmgryf.pl\/wp-content\/uploads\/2018\/10\/logo_klasyczne.png","contentUrl":"https:\/\/jkmgryf.pl\/wp-content\/uploads\/2018\/10\/logo_klasyczne.png","width":161,"height":160,"caption":"JKM Gryf"},"image":{"@id":"https:\/\/jkmgryf.pl\/#\/schema\/logo\/image\/"}}]}},"_links":{"self":[{"href":"https:\/\/jkmgryf.pl\/en\/wp-json\/wp\/v2\/pages\/1583","targetHints":{"allow":["GET"]}}],"collection":[{"href":"https:\/\/jkmgryf.pl\/en\/wp-json\/wp\/v2\/pages"}],"about":[{"href":"https:\/\/jkmgryf.pl\/en\/wp-json\/wp\/v2\/types\/page"}],"author":[{"embeddable":true,"href":"https:\/\/jkmgryf.pl\/en\/wp-json\/wp\/v2\/users\/1"}],"replies":[{"embeddable":true,"href":"https:\/\/jkmgryf.pl\/en\/wp-json\/wp\/v2\/comments?post=1583"}],"version-history":[{"count":4,"href":"https:\/\/jkmgryf.pl\/en\/wp-json\/wp\/v2\/pages\/1583\/revisions"}],"predecessor-version":[{"id":1673,"href":"https:\/\/jkmgryf.pl\/en\/wp-json\/wp\/v2\/pages\/1583\/revisions\/1673"}],"up":[{"embeddable":true,"href":"https:\/\/jkmgryf.pl\/en\/wp-json\/wp\/v2\/pages\/931"}],"wp:featuredmedia":[{"embeddable":true,"href":"https:\/\/jkmgryf.pl\/en\/wp-json\/wp\/v2\/media\/1662"}],"wp:attachment":[{"href":"https:\/\/jkmgryf.pl\/en\/wp-json\/wp\/v2\/media?parent=1583"}],"curies":[{"name":"wp","href":"https:\/\/api.w.org\/{rel}","templated":true}]}}