{"id":1557,"date":"2018-09-25T20:03:35","date_gmt":"2018-09-25T18:03:35","guid":{"rendered":"https:\/\/jkmgryf.pl\/?page_id=1557"},"modified":"2018-10-10T21:00:18","modified_gmt":"2018-10-10T19:00:18","slug":"59-regaty-gdynia-wladyslawowo-gdynia-wyniki","status":"publish","type":"page","link":"https:\/\/jkmgryf.pl\/en\/aktualnosci\/wydarzenia\/nocne-regaty-gdynia-wladyslawowo-gdynia\/59-regaty-gdynia-wladyslawowo-gdynia-wyniki\/","title":{"rendered":"59. regaty Gdynia &#8211; W\u0142adys\u0142awowo &#8211; Gdynia &#8211; grupa ORC1"},"content":{"rendered":"<table class=\"responsive\">\n<thead>\n<tr>\n<th class=\"resultHeader\" colspan=\"100\">\n<h2>ORC 1<\/h2>\n<p><b>WY\u015aCIG<\/b><\/p>\n<p>Results [09\/09\/2018 21:42:17]\n<p>Start: <b>08\/09\/2018 18:10:00<\/b><\/p>\n<p>Distance: <b>58,90<\/b> NM<\/p>\n<p>Scoring: <b>PCS &#8211; Ocean Course<\/b><\/th>\n<\/tr>\n<tr>\n<th>Overall Pos<\/th>\n<th>Yacht Name<\/th>\n<th>Sail No<\/th>\n<th>Type<\/th>\n<th>Skipper<\/th>\n<th>Finish Time<\/th>\n<th>Elapsed<\/th>\n<th>Corrected<\/th>\n<th>Club<\/th>\n<\/tr>\n<\/thead>\n<tbody>\n<tr style=\"min-height: 1.5em;\">\n<td class=\"col_PosOvl\">1<\/td>\n<td class=\"col_YachtName\">SMOKE<\/td>\n<td class=\"col_SailNo\">NED 111<\/td>\n<td class=\"col_YClass\">Dufour 310<\/td>\n<td class=\"col_Skipper\">Marcin Dejewski<\/td>\n<td class=\"col_FinishTime\">+1 09:19:56<\/td>\n<td class=\"col_ElapsedSecs\">15:09:56<\/td>\n<td class=\"col_CorrDelay\">00:00:00<\/td>\n<td class=\"col_Club\">Yacht and Yachting<\/td>\n<\/tr>\n<tr style=\"min-height: 1.5em;\">\n<td class=\"col_PosOvl\">2<\/td>\n<td class=\"col_YachtName\">PGO GOOD SPEED<\/td>\n<td class=\"col_SailNo\">POL 14000<\/td>\n<td class=\"col_YClass\">Dufour 34<\/td>\n<td class=\"col_Skipper\">\u0141ukasz Trzci\u0144ski<\/td>\n<td class=\"col_FinishTime\">+1 09:30:08<\/td>\n<td class=\"col_ElapsedSecs\">15:20:08<\/td>\n<td class=\"col_CorrDelay\">00:00:29<\/td>\n<td class=\"col_Club\">JK Stoczni Gda\u0144skiej<\/td>\n<\/tr>\n<tr style=\"min-height: 1.5em;\">\n<td class=\"col_PosOvl\">3<\/td>\n<td class=\"col_YachtName\">S\u0141ONI<\/td>\n<td class=\"col_SailNo\">POL 17302<\/td>\n<td class=\"col_YClass\">FIRST 31.7<\/td>\n<td class=\"col_Skipper\">Zbigniew Rembiewski<\/td>\n<td class=\"col_FinishTime\">+1 11:09:06<\/td>\n<td class=\"col_ElapsedSecs\">16:59:06<\/td>\n<td class=\"col_CorrDelay\">00:35:35<\/td>\n<td class=\"col_Club\">JK Stoczni Gda\u0144skiej<\/td>\n<\/tr>\n<tr style=\"min-height: 1.5em;\">\n<td class=\"col_PosOvl\">4<\/td>\n<td class=\"col_YachtName\">BARAKAM<\/td>\n<td class=\"col_SailNo\">POL 19419<\/td>\n<td class=\"col_YClass\">MBK 98<\/td>\n<td class=\"col_Skipper\">Micha\u0142 \u015aliwa<\/td>\n<td class=\"col_FinishTime\">+1 10:17:49<\/td>\n<td class=\"col_ElapsedSecs\">16:07:49<\/td>\n<td class=\"col_CorrDelay\">01:02:45<\/td>\n<td class=\"col_Club\"><\/td>\n<\/tr>\n<tr style=\"min-height: 1.5em;\">\n<td class=\"col_PosOvl\">5<\/td>\n<td class=\"col_YachtName\">APOLLO SAILS 2 EASY 2<\/td>\n<td class=\"col_SailNo\">POL 6557<\/td>\n<td class=\"col_YClass\">First Class Europe<\/td>\n<td class=\"col_Skipper\">Przemys\u0142aw \u017by\u0142a<\/td>\n<td class=\"col_FinishTime\">+1 10:17:16<\/td>\n<td class=\"col_ElapsedSecs\">16:07:16<\/td>\n<td class=\"col_CorrDelay\">01:19:59<\/td>\n<td class=\"col_Club\">KSW Elbl\u0105g<\/td>\n<\/tr>\n<tr style=\"min-height: 1.5em;\">\n<td class=\"col_PosOvl\">6<\/td>\n<td class=\"col_YachtName\">POR FAVOR<\/td>\n<td class=\"col_SailNo\">POL 7006<\/td>\n<td class=\"col_YClass\">Dufour 40E<\/td>\n<td class=\"col_Skipper\">Jan Piernikarczyk<\/td>\n<td class=\"col_FinishTime\">+1 11:19:53<\/td>\n<td class=\"col_ElapsedSecs\">17:09:53<\/td>\n<td class=\"col_CorrDelay\">01:29:54<\/td>\n<td class=\"col_Club\">JKM GRYF Gdynia<\/td>\n<\/tr>\n<tr style=\"min-height: 1.5em;\">\n<td class=\"col_PosOvl\">7<\/td>\n<td class=\"col_YachtName\">VATAHA 2<\/td>\n<td class=\"col_SailNo\">POL 19000<\/td>\n<td class=\"col_YClass\">FIRST 35<\/td>\n<td class=\"col_Skipper\">Pawe\u0142 Wilkowski<\/td>\n<td class=\"col_FinishTime\">+1 10:26:23<\/td>\n<td class=\"col_ElapsedSecs\">16:16:23<\/td>\n<td class=\"col_CorrDelay\">01:53:22<\/td>\n<td class=\"col_Club\">YKP Gdynia<\/td>\n<\/tr>\n<tr style=\"min-height: 1.5em;\">\n<td class=\"col_PosOvl\">8<\/td>\n<td class=\"col_YachtName\">KONSAL II<\/td>\n<td class=\"col_SailNo\">POL 3939<\/td>\n<td class=\"col_YClass\">Slotta 1200<\/td>\n<td class=\"col_Skipper\">Ryszard Drzymalski<\/td>\n<td class=\"col_FinishTime\">+1 10:42:16<\/td>\n<td class=\"col_ElapsedSecs\">16:32:16<\/td>\n<td class=\"col_CorrDelay\">02:04:35<\/td>\n<td class=\"col_Club\"><\/td>\n<\/tr>\n<tr style=\"min-height: 1.5em;\">\n<td class=\"col_PosOvl\">9<\/td>\n<td class=\"col_YachtName\">HADAR<\/td>\n<td class=\"col_SailNo\">POL 1070<\/td>\n<td class=\"col_YClass\">none<\/td>\n<td class=\"col_Skipper\">Jerzy Brezde\u0144<\/td>\n<td class=\"col_FinishTime\">+1 10:51:41<\/td>\n<td class=\"col_ElapsedSecs\">16:41:41<\/td>\n<td class=\"col_CorrDelay\">02:51:02<\/td>\n<td class=\"col_Club\">JKMW KOTWICA Gdynia<\/td>\n<\/tr>\n<tr style=\"min-height: 1.5em;\">\n<td class=\"col_PosOvl\">10<\/td>\n<td class=\"col_YachtName\">QUANTA<\/td>\n<td class=\"col_SailNo\">POL 16000<\/td>\n<td class=\"col_YClass\">SALONA 42<\/td>\n<td class=\"col_Skipper\">Andrzej Zieli\u0144ski<\/td>\n<td class=\"col_FinishTime\">+1 10:20:15<\/td>\n<td class=\"col_ElapsedSecs\">16:10:15<\/td>\n<td class=\"col_CorrDelay\">02:57:20<\/td>\n<td class=\"col_Club\"><\/td>\n<\/tr>\n<tr style=\"min-height: 1.5em;\">\n<td class=\"col_PosOvl\">11<\/td>\n<td class=\"col_YachtName\">ORION<\/td>\n<td class=\"col_SailNo\">PZ 83<\/td>\n<td class=\"col_YClass\">Rasmussen<\/td>\n<td class=\"col_Skipper\">Zbigniew Witbrot<\/td>\n<td class=\"col_FinishTime\">+1 14:25:40<\/td>\n<td class=\"col_ElapsedSecs\">20:15:40<\/td>\n<td class=\"col_CorrDelay\">03:39:57<\/td>\n<td class=\"col_Club\">JKM GRYF Gdynia<\/td>\n<\/tr>\n<tr style=\"min-height: 1.5em;\">\n<td class=\"col_PosOvl\">12<\/td>\n<td class=\"col_YachtName\">ZOLTAR<\/td>\n<td class=\"col_SailNo\">POL 5132<\/td>\n<td class=\"col_YClass\">MANTRA 31<\/td>\n<td class=\"col_Skipper\">Ireneusz Siwek<\/td>\n<td class=\"col_FinishTime\">+1 11:49:02<\/td>\n<td class=\"col_ElapsedSecs\">17:39:02<\/td>\n<td class=\"col_CorrDelay\">03:50:04<\/td>\n<td class=\"col_Club\">POLAND<\/td>\n<\/tr>\n<tr style=\"min-height: 1.5em;\">\n<td class=\"col_PosOvl\">13<\/td>\n<td class=\"col_YachtName\">OCEANNA<\/td>\n<td class=\"col_SailNo\">POL 4719<\/td>\n<td class=\"col_YClass\">Outborn 39<\/td>\n<td class=\"col_Skipper\">Zenon Jankowski<\/td>\n<td class=\"col_FinishTime\">DNC<\/td>\n<td class=\"col_ElapsedSecs\"><\/td>\n<td class=\"col_CorrDelay\"><\/td>\n<td class=\"col_Club\">JKM GRYF KSW VEGA LOK Pleszew<\/td>\n<\/tr>\n<\/tbody>\n<\/table>\n<div class=\"su-spacer\" style=\"height:40px\"><\/div>\n<div class=\"su-button-center\"><a href=\"https:\/\/jkmgryf.pl\/aktualnosci\/wydarzenia\/nocne-regaty-gdynia-wladyslawowo-gdynia\/\" class=\"su-button su-button-style-flat\" style=\"color:#FFFFFF;background-color:#109fd3;border-color:#0d80a9;border-radius:0px\" target=\"_self\"><span style=\"color:#FFFFFF;padding:0px 22px;font-size:17px;line-height:34px;border-color:#58bce1;border-radius:0px;text-shadow:0px 0px 0px #ffffff\"> wr\u00f3\u0107<\/span><\/a><\/div>\n","protected":false},"excerpt":{"rendered":"<p>ORC 1 WY\u015aCIG Results [09\/09\/2018 21:42:17] Start: 08\/09\/2018 18:10:00 Distance: 58,90 NM Scoring: PCS &#8211; Ocean Course Overall Pos Yacht Name Sail No Type Skipper Finish Time Elapsed Corrected Club 1 SMOKE NED 111 Dufour 310 Marcin Dejewski +1 09:19:56 15:09:56 00:00:00 Yacht and Yachting 2 PGO GOOD SPEED POL 14000 Dufour 34 \u0141ukasz Trzci\u0144ski<br \/><a class=\"moretag\" href=\"https:\/\/jkmgryf.pl\/en\/aktualnosci\/wydarzenia\/nocne-regaty-gdynia-wladyslawowo-gdynia\/59-regaty-gdynia-wladyslawowo-gdynia-wyniki\/\">+ Read More<\/a><\/p>\n","protected":false},"author":1,"featured_media":1662,"parent":931,"menu_order":0,"comment_status":"closed","ping_status":"closed","template":"templates\/page-fullwidth_template.php","meta":{"footnotes":""},"class_list":["post-1557","page","type-page","status-publish","has-post-thumbnail","hentry"],"yoast_head":"<!-- This site is optimized with the Yoast SEO plugin v27.4 - https:\/\/yoast.com\/product\/yoast-seo-wordpress\/ -->\n<title>59. regaty Gdynia - W\u0142adys\u0142awowo - Gdynia - grupa ORC1 | JKM GRYF<\/title>\n<meta name=\"description\" content=\"Klub z tradycjami za\u0142o\u017cony w 1928 roku\" \/>\n<meta name=\"robots\" content=\"index, follow, max-snippet:-1, max-image-preview:large, max-video-preview:-1\" \/>\n<link rel=\"canonical\" href=\"https:\/\/jkmgryf.pl\/en\/aktualnosci\/wydarzenia\/nocne-regaty-gdynia-wladyslawowo-gdynia\/59-regaty-gdynia-wladyslawowo-gdynia-wyniki\/\" \/>\n<meta property=\"og:locale\" content=\"en_GB\" \/>\n<meta property=\"og:type\" content=\"article\" \/>\n<meta property=\"og:title\" content=\"59. regaty Gdynia - W\u0142adys\u0142awowo - Gdynia - grupa ORC1 | JKM GRYF\" \/>\n<meta property=\"og:description\" content=\"Klub z tradycjami za\u0142o\u017cony w 1928 roku\" \/>\n<meta property=\"og:url\" content=\"https:\/\/jkmgryf.pl\/en\/aktualnosci\/wydarzenia\/nocne-regaty-gdynia-wladyslawowo-gdynia\/59-regaty-gdynia-wladyslawowo-gdynia-wyniki\/\" \/>\n<meta property=\"og:site_name\" content=\"JKM GRYF\" \/>\n<meta property=\"article:modified_time\" content=\"2018-10-10T19:00:18+00:00\" \/>\n<meta property=\"og:image\" content=\"https:\/\/jkmgryf.pl\/wp-content\/uploads\/2018\/10\/regaty_1903x309p2.jpg\" \/>\n\t<meta property=\"og:image:width\" content=\"1903\" \/>\n\t<meta property=\"og:image:height\" content=\"309\" \/>\n\t<meta property=\"og:image:type\" content=\"image\/jpeg\" \/>\n<meta name=\"twitter:card\" content=\"summary_large_image\" \/>\n<meta name=\"twitter:label1\" content=\"Estimated reading time\" \/>\n\t<meta name=\"twitter:data1\" content=\"1 minute\" \/>\n<script type=\"application\/ld+json\" class=\"yoast-schema-graph\">{\"@context\":\"https:\\\/\\\/schema.org\",\"@graph\":[{\"@type\":\"WebPage\",\"@id\":\"https:\\\/\\\/jkmgryf.pl\\\/aktualnosci\\\/wydarzenia\\\/nocne-regaty-gdynia-wladyslawowo-gdynia\\\/59-regaty-gdynia-wladyslawowo-gdynia-wyniki\\\/\",\"url\":\"https:\\\/\\\/jkmgryf.pl\\\/aktualnosci\\\/wydarzenia\\\/nocne-regaty-gdynia-wladyslawowo-gdynia\\\/59-regaty-gdynia-wladyslawowo-gdynia-wyniki\\\/\",\"name\":\"59. regaty Gdynia - W\u0142adys\u0142awowo - Gdynia - grupa ORC1 | JKM GRYF\",\"isPartOf\":{\"@id\":\"https:\\\/\\\/jkmgryf.pl\\\/#website\"},\"primaryImageOfPage\":{\"@id\":\"https:\\\/\\\/jkmgryf.pl\\\/aktualnosci\\\/wydarzenia\\\/nocne-regaty-gdynia-wladyslawowo-gdynia\\\/59-regaty-gdynia-wladyslawowo-gdynia-wyniki\\\/#primaryimage\"},\"image\":{\"@id\":\"https:\\\/\\\/jkmgryf.pl\\\/aktualnosci\\\/wydarzenia\\\/nocne-regaty-gdynia-wladyslawowo-gdynia\\\/59-regaty-gdynia-wladyslawowo-gdynia-wyniki\\\/#primaryimage\"},\"thumbnailUrl\":\"https:\\\/\\\/jkmgryf.pl\\\/wp-content\\\/uploads\\\/2018\\\/10\\\/regaty_1903x309p2.jpg\",\"datePublished\":\"2018-09-25T18:03:35+00:00\",\"dateModified\":\"2018-10-10T19:00:18+00:00\",\"description\":\"Klub z tradycjami za\u0142o\u017cony w 1928 roku\",\"breadcrumb\":{\"@id\":\"https:\\\/\\\/jkmgryf.pl\\\/aktualnosci\\\/wydarzenia\\\/nocne-regaty-gdynia-wladyslawowo-gdynia\\\/59-regaty-gdynia-wladyslawowo-gdynia-wyniki\\\/#breadcrumb\"},\"inLanguage\":\"en-GB\",\"potentialAction\":[{\"@type\":\"ReadAction\",\"target\":[\"https:\\\/\\\/jkmgryf.pl\\\/aktualnosci\\\/wydarzenia\\\/nocne-regaty-gdynia-wladyslawowo-gdynia\\\/59-regaty-gdynia-wladyslawowo-gdynia-wyniki\\\/\"]}]},{\"@type\":\"ImageObject\",\"inLanguage\":\"en-GB\",\"@id\":\"https:\\\/\\\/jkmgryf.pl\\\/aktualnosci\\\/wydarzenia\\\/nocne-regaty-gdynia-wladyslawowo-gdynia\\\/59-regaty-gdynia-wladyslawowo-gdynia-wyniki\\\/#primaryimage\",\"url\":\"https:\\\/\\\/jkmgryf.pl\\\/wp-content\\\/uploads\\\/2018\\\/10\\\/regaty_1903x309p2.jpg\",\"contentUrl\":\"https:\\\/\\\/jkmgryf.pl\\\/wp-content\\\/uploads\\\/2018\\\/10\\\/regaty_1903x309p2.jpg\",\"width\":1903,\"height\":309},{\"@type\":\"BreadcrumbList\",\"@id\":\"https:\\\/\\\/jkmgryf.pl\\\/aktualnosci\\\/wydarzenia\\\/nocne-regaty-gdynia-wladyslawowo-gdynia\\\/59-regaty-gdynia-wladyslawowo-gdynia-wyniki\\\/#breadcrumb\",\"itemListElement\":[{\"@type\":\"ListItem\",\"position\":1,\"name\":\"Strona g\u0142\u00f3wna\",\"item\":\"https:\\\/\\\/jkmgryf.pl\\\/\"},{\"@type\":\"ListItem\",\"position\":2,\"name\":\"Aktualno\u015bci\",\"item\":\"https:\\\/\\\/jkmgryf.pl\\\/aktualnosci\\\/\"},{\"@type\":\"ListItem\",\"position\":3,\"name\":\"wydarzenia\",\"item\":\"https:\\\/\\\/jkmgryf.pl\\\/aktualnosci\\\/wydarzenia\\\/\"},{\"@type\":\"ListItem\",\"position\":4,\"name\":\"59. Regaty Gdynia &#8211; W\u0142adys\u0142awowo &#8211; Gdynia 2018\",\"item\":\"https:\\\/\\\/jkmgryf.pl\\\/aktualnosci\\\/wydarzenia\\\/nocne-regaty-gdynia-wladyslawowo-gdynia\\\/\"},{\"@type\":\"ListItem\",\"position\":5,\"name\":\"59. regaty Gdynia &#8211; W\u0142adys\u0142awowo &#8211; Gdynia &#8211; grupa ORC1\"}]},{\"@type\":\"WebSite\",\"@id\":\"https:\\\/\\\/jkmgryf.pl\\\/#website\",\"url\":\"https:\\\/\\\/jkmgryf.pl\\\/\",\"name\":\"JKM GRYF\",\"description\":\"\",\"publisher\":{\"@id\":\"https:\\\/\\\/jkmgryf.pl\\\/#organization\"},\"potentialAction\":[{\"@type\":\"SearchAction\",\"target\":{\"@type\":\"EntryPoint\",\"urlTemplate\":\"https:\\\/\\\/jkmgryf.pl\\\/?s={search_term_string}\"},\"query-input\":{\"@type\":\"PropertyValueSpecification\",\"valueRequired\":true,\"valueName\":\"search_term_string\"}}],\"inLanguage\":\"en-GB\"},{\"@type\":\"Organization\",\"@id\":\"https:\\\/\\\/jkmgryf.pl\\\/#organization\",\"name\":\"JKM Gryf\",\"url\":\"https:\\\/\\\/jkmgryf.pl\\\/\",\"logo\":{\"@type\":\"ImageObject\",\"inLanguage\":\"en-GB\",\"@id\":\"https:\\\/\\\/jkmgryf.pl\\\/#\\\/schema\\\/logo\\\/image\\\/\",\"url\":\"https:\\\/\\\/jkmgryf.pl\\\/wp-content\\\/uploads\\\/2018\\\/10\\\/logo_klasyczne.png\",\"contentUrl\":\"https:\\\/\\\/jkmgryf.pl\\\/wp-content\\\/uploads\\\/2018\\\/10\\\/logo_klasyczne.png\",\"width\":161,\"height\":160,\"caption\":\"JKM Gryf\"},\"image\":{\"@id\":\"https:\\\/\\\/jkmgryf.pl\\\/#\\\/schema\\\/logo\\\/image\\\/\"}}]}<\/script>\n<!-- \/ Yoast SEO plugin. -->","yoast_head_json":{"title":"59. regaty Gdynia - W\u0142adys\u0142awowo - Gdynia - grupa ORC1 | JKM GRYF","description":"Club with traditions founded in 1928","robots":{"index":"index","follow":"follow","max-snippet":"max-snippet:-1","max-image-preview":"max-image-preview:large","max-video-preview":"max-video-preview:-1"},"canonical":"https:\/\/jkmgryf.pl\/en\/aktualnosci\/wydarzenia\/nocne-regaty-gdynia-wladyslawowo-gdynia\/59-regaty-gdynia-wladyslawowo-gdynia-wyniki\/","og_locale":"en_GB","og_type":"article","og_title":"59. regaty Gdynia - W\u0142adys\u0142awowo - Gdynia - grupa ORC1 | JKM GRYF","og_description":"Klub z tradycjami za\u0142o\u017cony w 1928 roku","og_url":"https:\/\/jkmgryf.pl\/en\/aktualnosci\/wydarzenia\/nocne-regaty-gdynia-wladyslawowo-gdynia\/59-regaty-gdynia-wladyslawowo-gdynia-wyniki\/","og_site_name":"JKM GRYF","article_modified_time":"2018-10-10T19:00:18+00:00","og_image":[{"width":1903,"height":309,"url":"https:\/\/jkmgryf.pl\/wp-content\/uploads\/2018\/10\/regaty_1903x309p2.jpg","type":"image\/jpeg"}],"twitter_card":"summary_large_image","twitter_misc":{"Estimated reading time":"1 minute"},"schema":{"@context":"https:\/\/schema.org","@graph":[{"@type":"WebPage","@id":"https:\/\/jkmgryf.pl\/aktualnosci\/wydarzenia\/nocne-regaty-gdynia-wladyslawowo-gdynia\/59-regaty-gdynia-wladyslawowo-gdynia-wyniki\/","url":"https:\/\/jkmgryf.pl\/aktualnosci\/wydarzenia\/nocne-regaty-gdynia-wladyslawowo-gdynia\/59-regaty-gdynia-wladyslawowo-gdynia-wyniki\/","name":"59. regaty Gdynia - W\u0142adys\u0142awowo - Gdynia - grupa ORC1 | JKM GRYF","isPartOf":{"@id":"https:\/\/jkmgryf.pl\/#website"},"primaryImageOfPage":{"@id":"https:\/\/jkmgryf.pl\/aktualnosci\/wydarzenia\/nocne-regaty-gdynia-wladyslawowo-gdynia\/59-regaty-gdynia-wladyslawowo-gdynia-wyniki\/#primaryimage"},"image":{"@id":"https:\/\/jkmgryf.pl\/aktualnosci\/wydarzenia\/nocne-regaty-gdynia-wladyslawowo-gdynia\/59-regaty-gdynia-wladyslawowo-gdynia-wyniki\/#primaryimage"},"thumbnailUrl":"https:\/\/jkmgryf.pl\/wp-content\/uploads\/2018\/10\/regaty_1903x309p2.jpg","datePublished":"2018-09-25T18:03:35+00:00","dateModified":"2018-10-10T19:00:18+00:00","description":"Club with traditions founded in 1928","breadcrumb":{"@id":"https:\/\/jkmgryf.pl\/aktualnosci\/wydarzenia\/nocne-regaty-gdynia-wladyslawowo-gdynia\/59-regaty-gdynia-wladyslawowo-gdynia-wyniki\/#breadcrumb"},"inLanguage":"en-GB","potentialAction":[{"@type":"ReadAction","target":["https:\/\/jkmgryf.pl\/aktualnosci\/wydarzenia\/nocne-regaty-gdynia-wladyslawowo-gdynia\/59-regaty-gdynia-wladyslawowo-gdynia-wyniki\/"]}]},{"@type":"ImageObject","inLanguage":"en-GB","@id":"https:\/\/jkmgryf.pl\/aktualnosci\/wydarzenia\/nocne-regaty-gdynia-wladyslawowo-gdynia\/59-regaty-gdynia-wladyslawowo-gdynia-wyniki\/#primaryimage","url":"https:\/\/jkmgryf.pl\/wp-content\/uploads\/2018\/10\/regaty_1903x309p2.jpg","contentUrl":"https:\/\/jkmgryf.pl\/wp-content\/uploads\/2018\/10\/regaty_1903x309p2.jpg","width":1903,"height":309},{"@type":"BreadcrumbList","@id":"https:\/\/jkmgryf.pl\/aktualnosci\/wydarzenia\/nocne-regaty-gdynia-wladyslawowo-gdynia\/59-regaty-gdynia-wladyslawowo-gdynia-wyniki\/#breadcrumb","itemListElement":[{"@type":"ListItem","position":1,"name":"Strona g\u0142\u00f3wna","item":"https:\/\/jkmgryf.pl\/"},{"@type":"ListItem","position":2,"name":"Aktualno\u015bci","item":"https:\/\/jkmgryf.pl\/aktualnosci\/"},{"@type":"ListItem","position":3,"name":"wydarzenia","item":"https:\/\/jkmgryf.pl\/aktualnosci\/wydarzenia\/"},{"@type":"ListItem","position":4,"name":"59. Regaty Gdynia &#8211; W\u0142adys\u0142awowo &#8211; Gdynia 2018","item":"https:\/\/jkmgryf.pl\/aktualnosci\/wydarzenia\/nocne-regaty-gdynia-wladyslawowo-gdynia\/"},{"@type":"ListItem","position":5,"name":"59. regaty Gdynia &#8211; W\u0142adys\u0142awowo &#8211; Gdynia &#8211; grupa ORC1"}]},{"@type":"WebSite","@id":"https:\/\/jkmgryf.pl\/#website","url":"https:\/\/jkmgryf.pl\/","name":"JKM GRYF","description":"","publisher":{"@id":"https:\/\/jkmgryf.pl\/#organization"},"potentialAction":[{"@type":"SearchAction","target":{"@type":"EntryPoint","urlTemplate":"https:\/\/jkmgryf.pl\/?s={search_term_string}"},"query-input":{"@type":"PropertyValueSpecification","valueRequired":true,"valueName":"search_term_string"}}],"inLanguage":"en-GB"},{"@type":"Organization","@id":"https:\/\/jkmgryf.pl\/#organization","name":"JKM Gryf","url":"https:\/\/jkmgryf.pl\/","logo":{"@type":"ImageObject","inLanguage":"en-GB","@id":"https:\/\/jkmgryf.pl\/#\/schema\/logo\/image\/","url":"https:\/\/jkmgryf.pl\/wp-content\/uploads\/2018\/10\/logo_klasyczne.png","contentUrl":"https:\/\/jkmgryf.pl\/wp-content\/uploads\/2018\/10\/logo_klasyczne.png","width":161,"height":160,"caption":"JKM Gryf"},"image":{"@id":"https:\/\/jkmgryf.pl\/#\/schema\/logo\/image\/"}}]}},"_links":{"self":[{"href":"https:\/\/jkmgryf.pl\/en\/wp-json\/wp\/v2\/pages\/1557","targetHints":{"allow":["GET"]}}],"collection":[{"href":"https:\/\/jkmgryf.pl\/en\/wp-json\/wp\/v2\/pages"}],"about":[{"href":"https:\/\/jkmgryf.pl\/en\/wp-json\/wp\/v2\/types\/page"}],"author":[{"embeddable":true,"href":"https:\/\/jkmgryf.pl\/en\/wp-json\/wp\/v2\/users\/1"}],"replies":[{"embeddable":true,"href":"https:\/\/jkmgryf.pl\/en\/wp-json\/wp\/v2\/comments?post=1557"}],"version-history":[{"count":5,"href":"https:\/\/jkmgryf.pl\/en\/wp-json\/wp\/v2\/pages\/1557\/revisions"}],"predecessor-version":[{"id":1665,"href":"https:\/\/jkmgryf.pl\/en\/wp-json\/wp\/v2\/pages\/1557\/revisions\/1665"}],"up":[{"embeddable":true,"href":"https:\/\/jkmgryf.pl\/en\/wp-json\/wp\/v2\/pages\/931"}],"wp:featuredmedia":[{"embeddable":true,"href":"https:\/\/jkmgryf.pl\/en\/wp-json\/wp\/v2\/media\/1662"}],"wp:attachment":[{"href":"https:\/\/jkmgryf.pl\/en\/wp-json\/wp\/v2\/media?parent=1557"}],"curies":[{"name":"wp","href":"https:\/\/api.w.org\/{rel}","templated":true}]}}