{"id":1246,"date":"2018-09-06T14:58:11","date_gmt":"2018-09-06T12:58:11","guid":{"rendered":"https:\/\/jkmgryf.pl\/?page_id=1246"},"modified":"2018-10-22T23:25:34","modified_gmt":"2018-10-22T21:25:34","slug":"regaty-samotnikow-im-l-teligi-galeria","status":"publish","type":"page","link":"https:\/\/jkmgryf.pl\/en\/historia_jkm_gryf\/galeria\/obecnie\/regaty-samotnikow-im-l-teligi-galeria\/","title":{"rendered":"Regaty Samotnik\u00f3w, Memoria\u0142 im. L. Teligi (galeria)"},"content":{"rendered":"<p style=\"text-align: left;\" align=\"center\"><div class=\"su-spacer\" style=\"height:20px\"><\/div>\n<div class=\"su-button-center\"><a href=\"https:\/\/jkmgryf.pl\/en\/historia_jkm_gryf\/galeria\/obecnie\/\" class=\"su-button su-button-style-flat\" style=\"color:#FFFFFF;background-color:#109fd3;border-color:#0d80a9;border-radius:0px\" target=\"_self\"><span style=\"color:#FFFFFF;padding:0px 22px;font-size:17px;line-height:34px;border-color:#58bce1;border-radius:0px;text-shadow:0px 0px 0px #ffffff\"> back<\/span><\/a><\/div>","protected":false},"excerpt":{"rendered":"","protected":false},"author":1,"featured_media":1655,"parent":208,"menu_order":0,"comment_status":"closed","ping_status":"closed","template":"templates\/page-fullwidth_template.php","meta":{"footnotes":""},"class_list":["post-1246","page","type-page","status-publish","has-post-thumbnail","hentry"],"yoast_head":"<!-- This site is optimized with the Yoast SEO plugin v27.2 - https:\/\/yoast.com\/product\/yoast-seo-wordpress\/ -->\n<title>Regaty Samotnik\u00f3w, Memoria\u0142 im. L. Teligi (galeria) | JKM GRYF<\/title>\n<meta name=\"description\" content=\"Klub z tradycjami za\u0142o\u017cony w 1928 roku\" \/>\n<meta name=\"robots\" content=\"index, follow, max-snippet:-1, max-image-preview:large, max-video-preview:-1\" \/>\n<link rel=\"canonical\" href=\"https:\/\/jkmgryf.pl\/en\/historia_jkm_gryf\/galeria\/obecnie\/regaty-samotnikow-im-l-teligi-galeria\/\" \/>\n<meta property=\"og:locale\" content=\"en_GB\" \/>\n<meta property=\"og:type\" content=\"article\" \/>\n<meta property=\"og:title\" content=\"Regaty Samotnik\u00f3w, Memoria\u0142 im. L. Teligi (galeria) | JKM GRYF\" \/>\n<meta property=\"og:description\" content=\"Klub z tradycjami za\u0142o\u017cony w 1928 roku\" \/>\n<meta property=\"og:url\" content=\"https:\/\/jkmgryf.pl\/en\/historia_jkm_gryf\/galeria\/obecnie\/regaty-samotnikow-im-l-teligi-galeria\/\" \/>\n<meta property=\"og:site_name\" content=\"JKM GRYF\" \/>\n<meta property=\"article:modified_time\" content=\"2018-10-22T21:25:34+00:00\" \/>\n<meta property=\"og:image\" content=\"https:\/\/jkmgryf.pl\/wp-content\/uploads\/2018\/10\/fale_light_darker_popr2.jpg\" \/>\n\t<meta property=\"og:image:width\" content=\"1920\" \/>\n\t<meta property=\"og:image:height\" content=\"655\" \/>\n\t<meta property=\"og:image:type\" content=\"image\/jpeg\" \/>\n<meta name=\"twitter:card\" content=\"summary_large_image\" \/>\n<script type=\"application\/ld+json\" class=\"yoast-schema-graph\">{\"@context\":\"https:\/\/schema.org\",\"@graph\":[{\"@type\":\"WebPage\",\"@id\":\"https:\/\/jkmgryf.pl\/historia_jkm_gryf\/galeria\/obecnie\/regaty-samotnikow-im-l-teligi-galeria\/\",\"url\":\"https:\/\/jkmgryf.pl\/historia_jkm_gryf\/galeria\/obecnie\/regaty-samotnikow-im-l-teligi-galeria\/\",\"name\":\"Regaty Samotnik\u00f3w, Memoria\u0142 im. L. Teligi (galeria) | JKM GRYF\",\"isPartOf\":{\"@id\":\"https:\/\/jkmgryf.pl\/#website\"},\"primaryImageOfPage\":{\"@id\":\"https:\/\/jkmgryf.pl\/historia_jkm_gryf\/galeria\/obecnie\/regaty-samotnikow-im-l-teligi-galeria\/#primaryimage\"},\"image\":{\"@id\":\"https:\/\/jkmgryf.pl\/historia_jkm_gryf\/galeria\/obecnie\/regaty-samotnikow-im-l-teligi-galeria\/#primaryimage\"},\"thumbnailUrl\":\"https:\/\/jkmgryf.pl\/wp-content\/uploads\/2018\/10\/fale_light_darker_popr2.jpg\",\"datePublished\":\"2018-09-06T12:58:11+00:00\",\"dateModified\":\"2018-10-22T21:25:34+00:00\",\"description\":\"Klub z tradycjami za\u0142o\u017cony w 1928 roku\",\"breadcrumb\":{\"@id\":\"https:\/\/jkmgryf.pl\/historia_jkm_gryf\/galeria\/obecnie\/regaty-samotnikow-im-l-teligi-galeria\/#breadcrumb\"},\"inLanguage\":\"en-GB\",\"potentialAction\":[{\"@type\":\"ReadAction\",\"target\":[\"https:\/\/jkmgryf.pl\/historia_jkm_gryf\/galeria\/obecnie\/regaty-samotnikow-im-l-teligi-galeria\/\"]}]},{\"@type\":\"ImageObject\",\"inLanguage\":\"en-GB\",\"@id\":\"https:\/\/jkmgryf.pl\/historia_jkm_gryf\/galeria\/obecnie\/regaty-samotnikow-im-l-teligi-galeria\/#primaryimage\",\"url\":\"https:\/\/jkmgryf.pl\/wp-content\/uploads\/2018\/10\/fale_light_darker_popr2.jpg\",\"contentUrl\":\"https:\/\/jkmgryf.pl\/wp-content\/uploads\/2018\/10\/fale_light_darker_popr2.jpg\",\"width\":1920,\"height\":655},{\"@type\":\"BreadcrumbList\",\"@id\":\"https:\/\/jkmgryf.pl\/historia_jkm_gryf\/galeria\/obecnie\/regaty-samotnikow-im-l-teligi-galeria\/#breadcrumb\",\"itemListElement\":[{\"@type\":\"ListItem\",\"position\":1,\"name\":\"Strona g\u0142\u00f3wna\",\"item\":\"https:\/\/jkmgryf.pl\/\"},{\"@type\":\"ListItem\",\"position\":2,\"name\":\"Historia JKM Gryf\",\"item\":\"https:\/\/jkmgryf.pl\/historia_jkm_gryf\/\"},{\"@type\":\"ListItem\",\"position\":3,\"name\":\"galeria\",\"item\":\"https:\/\/jkmgryf.pl\/en\/historia_jkm_gryf\/galeria\/\"},{\"@type\":\"ListItem\",\"position\":4,\"name\":\"obecnie\",\"item\":\"https:\/\/jkmgryf.pl\/en\/historia_jkm_gryf\/galeria\/obecnie\/\"},{\"@type\":\"ListItem\",\"position\":5,\"name\":\"Regaty Samotnik\u00f3w, Memoria\u0142 im. L. Teligi (galeria)\"}]},{\"@type\":\"WebSite\",\"@id\":\"https:\/\/jkmgryf.pl\/#website\",\"url\":\"https:\/\/jkmgryf.pl\/\",\"name\":\"JKM GRYF\",\"description\":\"\",\"publisher\":{\"@id\":\"https:\/\/jkmgryf.pl\/#organization\"},\"potentialAction\":[{\"@type\":\"SearchAction\",\"target\":{\"@type\":\"EntryPoint\",\"urlTemplate\":\"https:\/\/jkmgryf.pl\/?s={search_term_string}\"},\"query-input\":{\"@type\":\"PropertyValueSpecification\",\"valueRequired\":true,\"valueName\":\"search_term_string\"}}],\"inLanguage\":\"en-GB\"},{\"@type\":\"Organization\",\"@id\":\"https:\/\/jkmgryf.pl\/#organization\",\"name\":\"JKM Gryf\",\"url\":\"https:\/\/jkmgryf.pl\/\",\"logo\":{\"@type\":\"ImageObject\",\"inLanguage\":\"en-GB\",\"@id\":\"https:\/\/jkmgryf.pl\/#\/schema\/logo\/image\/\",\"url\":\"https:\/\/jkmgryf.pl\/wp-content\/uploads\/2018\/10\/logo_klasyczne.png\",\"contentUrl\":\"https:\/\/jkmgryf.pl\/wp-content\/uploads\/2018\/10\/logo_klasyczne.png\",\"width\":161,\"height\":160,\"caption\":\"JKM Gryf\"},\"image\":{\"@id\":\"https:\/\/jkmgryf.pl\/#\/schema\/logo\/image\/\"}}]}<\/script>\n<!-- \/ Yoast SEO plugin. -->","yoast_head_json":{"title":"Regaty Samotnik\u00f3w, Memoria\u0142 im. L. Teligi (galeria) | JKM GRYF","description":"Club with traditions founded in 1928","robots":{"index":"index","follow":"follow","max-snippet":"max-snippet:-1","max-image-preview":"max-image-preview:large","max-video-preview":"max-video-preview:-1"},"canonical":"https:\/\/jkmgryf.pl\/en\/historia_jkm_gryf\/galeria\/obecnie\/regaty-samotnikow-im-l-teligi-galeria\/","og_locale":"en_GB","og_type":"article","og_title":"Regaty Samotnik\u00f3w, Memoria\u0142 im. L. Teligi (galeria) | JKM GRYF","og_description":"Klub z tradycjami za\u0142o\u017cony w 1928 roku","og_url":"https:\/\/jkmgryf.pl\/en\/historia_jkm_gryf\/galeria\/obecnie\/regaty-samotnikow-im-l-teligi-galeria\/","og_site_name":"JKM GRYF","article_modified_time":"2018-10-22T21:25:34+00:00","og_image":[{"width":1920,"height":655,"url":"https:\/\/jkmgryf.pl\/wp-content\/uploads\/2018\/10\/fale_light_darker_popr2.jpg","type":"image\/jpeg"}],"twitter_card":"summary_large_image","schema":{"@context":"https:\/\/schema.org","@graph":[{"@type":"WebPage","@id":"https:\/\/jkmgryf.pl\/historia_jkm_gryf\/galeria\/obecnie\/regaty-samotnikow-im-l-teligi-galeria\/","url":"https:\/\/jkmgryf.pl\/historia_jkm_gryf\/galeria\/obecnie\/regaty-samotnikow-im-l-teligi-galeria\/","name":"Regaty Samotnik\u00f3w, Memoria\u0142 im. L. Teligi (galeria) | JKM GRYF","isPartOf":{"@id":"https:\/\/jkmgryf.pl\/#website"},"primaryImageOfPage":{"@id":"https:\/\/jkmgryf.pl\/historia_jkm_gryf\/galeria\/obecnie\/regaty-samotnikow-im-l-teligi-galeria\/#primaryimage"},"image":{"@id":"https:\/\/jkmgryf.pl\/historia_jkm_gryf\/galeria\/obecnie\/regaty-samotnikow-im-l-teligi-galeria\/#primaryimage"},"thumbnailUrl":"https:\/\/jkmgryf.pl\/wp-content\/uploads\/2018\/10\/fale_light_darker_popr2.jpg","datePublished":"2018-09-06T12:58:11+00:00","dateModified":"2018-10-22T21:25:34+00:00","description":"Club with traditions founded in 1928","breadcrumb":{"@id":"https:\/\/jkmgryf.pl\/historia_jkm_gryf\/galeria\/obecnie\/regaty-samotnikow-im-l-teligi-galeria\/#breadcrumb"},"inLanguage":"en-GB","potentialAction":[{"@type":"ReadAction","target":["https:\/\/jkmgryf.pl\/historia_jkm_gryf\/galeria\/obecnie\/regaty-samotnikow-im-l-teligi-galeria\/"]}]},{"@type":"ImageObject","inLanguage":"en-GB","@id":"https:\/\/jkmgryf.pl\/historia_jkm_gryf\/galeria\/obecnie\/regaty-samotnikow-im-l-teligi-galeria\/#primaryimage","url":"https:\/\/jkmgryf.pl\/wp-content\/uploads\/2018\/10\/fale_light_darker_popr2.jpg","contentUrl":"https:\/\/jkmgryf.pl\/wp-content\/uploads\/2018\/10\/fale_light_darker_popr2.jpg","width":1920,"height":655},{"@type":"BreadcrumbList","@id":"https:\/\/jkmgryf.pl\/historia_jkm_gryf\/galeria\/obecnie\/regaty-samotnikow-im-l-teligi-galeria\/#breadcrumb","itemListElement":[{"@type":"ListItem","position":1,"name":"Strona g\u0142\u00f3wna","item":"https:\/\/jkmgryf.pl\/"},{"@type":"ListItem","position":2,"name":"Historia JKM Gryf","item":"https:\/\/jkmgryf.pl\/historia_jkm_gryf\/"},{"@type":"ListItem","position":3,"name":"galeria","item":"https:\/\/jkmgryf.pl\/en\/historia_jkm_gryf\/galeria\/"},{"@type":"ListItem","position":4,"name":"obecnie","item":"https:\/\/jkmgryf.pl\/en\/historia_jkm_gryf\/galeria\/obecnie\/"},{"@type":"ListItem","position":5,"name":"Regaty Samotnik\u00f3w, Memoria\u0142 im. L. Teligi (galeria)"}]},{"@type":"WebSite","@id":"https:\/\/jkmgryf.pl\/#website","url":"https:\/\/jkmgryf.pl\/","name":"JKM GRYF","description":"","publisher":{"@id":"https:\/\/jkmgryf.pl\/#organization"},"potentialAction":[{"@type":"SearchAction","target":{"@type":"EntryPoint","urlTemplate":"https:\/\/jkmgryf.pl\/?s={search_term_string}"},"query-input":{"@type":"PropertyValueSpecification","valueRequired":true,"valueName":"search_term_string"}}],"inLanguage":"en-GB"},{"@type":"Organization","@id":"https:\/\/jkmgryf.pl\/#organization","name":"JKM Gryf","url":"https:\/\/jkmgryf.pl\/","logo":{"@type":"ImageObject","inLanguage":"en-GB","@id":"https:\/\/jkmgryf.pl\/#\/schema\/logo\/image\/","url":"https:\/\/jkmgryf.pl\/wp-content\/uploads\/2018\/10\/logo_klasyczne.png","contentUrl":"https:\/\/jkmgryf.pl\/wp-content\/uploads\/2018\/10\/logo_klasyczne.png","width":161,"height":160,"caption":"JKM Gryf"},"image":{"@id":"https:\/\/jkmgryf.pl\/#\/schema\/logo\/image\/"}}]}},"_links":{"self":[{"href":"https:\/\/jkmgryf.pl\/en\/wp-json\/wp\/v2\/pages\/1246","targetHints":{"allow":["GET"]}}],"collection":[{"href":"https:\/\/jkmgryf.pl\/en\/wp-json\/wp\/v2\/pages"}],"about":[{"href":"https:\/\/jkmgryf.pl\/en\/wp-json\/wp\/v2\/types\/page"}],"author":[{"embeddable":true,"href":"https:\/\/jkmgryf.pl\/en\/wp-json\/wp\/v2\/users\/1"}],"replies":[{"embeddable":true,"href":"https:\/\/jkmgryf.pl\/en\/wp-json\/wp\/v2\/comments?post=1246"}],"version-history":[{"count":4,"href":"https:\/\/jkmgryf.pl\/en\/wp-json\/wp\/v2\/pages\/1246\/revisions"}],"predecessor-version":[{"id":2473,"href":"https:\/\/jkmgryf.pl\/en\/wp-json\/wp\/v2\/pages\/1246\/revisions\/2473"}],"up":[{"embeddable":true,"href":"https:\/\/jkmgryf.pl\/en\/wp-json\/wp\/v2\/pages\/208"}],"wp:featuredmedia":[{"embeddable":true,"href":"https:\/\/jkmgryf.pl\/en\/wp-json\/wp\/v2\/media\/1655"}],"wp:attachment":[{"href":"https:\/\/jkmgryf.pl\/en\/wp-json\/wp\/v2\/media?parent=1246"}],"curies":[{"name":"wp","href":"https:\/\/api.w.org\/{rel}","templated":true}]}}